{"id":49,"date":"2017-11-14T09:53:24","date_gmt":"2017-11-14T08:53:24","guid":{"rendered":"https:\/\/iscr-csm.insa-rennes.fr\/yansuffren\/?page_id=49"},"modified":"2026-02-18T14:38:26","modified_gmt":"2026-02-18T13:38:26","slug":"enseignement-insa","status":"publish","type":"page","link":"https:\/\/iscr-csm.insa-rennes.fr\/yansuffren\/enseignement-insa\/","title":{"rendered":"3- Teaching \/ Enseignement INSA"},"content":{"rendered":"<p><span style=\"font-size: 14pt;font-family: times new roman, times, serif\"><span style=\"color: #0000ff\"><strong>Dr Yan S<\/strong><strong>uffren<\/strong><\/span><strong><img loading=\"lazy\" decoding=\"async\" class=\"wp-image-324 alignright\" src=\"https:\/\/iscr-csm.insa-rennes.fr\/yansuffren\/wp-content\/uploads\/sites\/13\/2026\/02\/Photo_YanSuffren-234x300.jpg\" alt=\"\" width=\"114\" height=\"146\" srcset=\"https:\/\/iscr-csm.insa-rennes.fr\/yansuffren\/wp-content\/uploads\/sites\/13\/2026\/02\/Photo_YanSuffren-234x300.jpg 234w, https:\/\/iscr-csm.insa-rennes.fr\/yansuffren\/wp-content\/uploads\/sites\/13\/2026\/02\/Photo_YanSuffren-156x200.jpg 156w, https:\/\/iscr-csm.insa-rennes.fr\/yansuffren\/wp-content\/uploads\/sites\/13\/2026\/02\/Photo_YanSuffren.jpg 274w\" sizes=\"auto, (max-width: 114px) 100vw, 114px\" \/><\/strong><\/span><br \/>\n<span style=\"color: #000000;font-size: 14pt;font-family: times new roman, times, serif\">41 years<\/span><\/p>\n<p><span style=\"color: #000000;font-size: 14pt;font-family: times new roman, times, serif\"><strong>Current position \/ Situation actuelle :<\/strong><\/span><\/p>\n<ul>\n<li style=\"text-align: justify\"><span style=\"color: #000000;font-size: 14pt;font-family: times new roman, times, serif\">Assistant Professor \/ Ma\u00eetre de Conf\u00e9rences des Universit\u00e9s (McF-CN)<\/span><br \/>\n<span style=\"color: #000000;font-size: 14pt;font-family: times new roman, times, serif\">at Institut des Sciences Appliqu\u00e9es Rennes (2017-).<\/span><\/li>\n<li style=\"text-align: justify\"><span style=\"color: #000000;font-size: 14pt;font-family: times new roman, times, serif\">Team member of \/ Membre de l&rsquo;\u00e9quipe \u00ab Chimie du Solide et Mat\u00e9riaux \u00bb from UMR 6226 \u00ab Institut des Sciences Chimiques de Rennes \u00bb.<\/span><\/li>\n<li><span style=\"color: #000000;font-size: 14pt;font-family: times new roman, times, serif\">Co-responsible for the international section \/ Co-responsable de la fili\u00e8re internationale GLOBALINSA Rennes.<\/span><\/li>\n<\/ul>\n<p><span style=\"color: #000000;font-family: times new roman, times, serif;font-size: 14pt\"><strong>Adress \/ Adresse :<\/strong><\/span><\/p>\n<ul>\n<li style=\"text-align: justify\"><span style=\"color: #000000;font-family: times new roman, times, serif;font-size: 14pt\">UMR CNRS-INSA 6226 \u00ab\u00a0Institut des Sciences Chimiques de Rennes\u00a0\u00bb<\/span><br \/>\n<span style=\"color: #000000;font-family: times new roman, times, serif;font-size: 14pt\">20 Avenue des Buttes des Co\u00ebsmes, CS 70839<\/span><br \/>\n<span style=\"color: #000000;font-family: times new roman, times, serif;font-size: 14pt\">35708 Rennes Cedex 7, France<\/span><\/li>\n<li><span style=\"color: #000000;font-family: times new roman, times, serif;font-size: 14pt\">T\u00e9l\u00e9phone: +33(0)223238813<\/span><\/li>\n<li><span style=\"color: #000000;font-family: times new roman, times, serif;font-size: 14pt\">Email: Yan.Suffren@insa-rennes.fr<\/span><\/li>\n<\/ul>\n<p><span style=\"color: #000000;font-family: times new roman, times, serif;font-size: 14pt\"><strong>Interests \/ Int\u00e9r\u00eats :<\/strong><\/span><\/p>\n<ul>\n<li style=\"text-align: justify\"><span style=\"color: #000000;font-family: times new roman, times, serif;font-size: 14pt\">Lanthanides, Coordination Chemistry, Metal-Organic Frameworks, Multi-Fonctionnal Materials, Optical Spectroscopy, Luminescence, Photo-physical Properties.<\/span><\/li>\n<\/ul>\n<p><span style=\"color: #000000;font-family: times new roman, times, serif;font-size: 14pt\"><strong>Module Manager \/ Responsable du module<\/strong><\/span><\/p>\n<ul>\n<li><span style=\"color: #000000;font-family: 'times new roman', times, serif;font-size: 14pt\">S2 \u00ab\u00a0<span style=\"color: #000000;font-family: times new roman, times, serif;font-size: 14pt\">Crystallography<\/span>\u00a0\u00bb \/ \u00ab\u00a0Etat Solide\u00a0\u00bb au d\u00e9partement STPI (2024-&#8230;)<\/span><\/li>\n<li><span style=\"color: #000000;font-family: 'times new roman', times, serif;font-size: 14pt\">S1 \u00ab\u00a0<span style=\"color: #000000;font-family: times new roman, times, serif;font-size: 14pt\">Atoms and Bonds<\/span>\u00a0\u00bb \/ \u00ab\u00a0Atomes et Liaisons\u00a0\u00bb au d\u00e9partement STPI (2017-2024)<\/span><\/li>\n<\/ul>\n<p style=\"text-align: justify\"><span style=\"color: #000000;font-family: times new roman, times, serif;font-size: 14pt\"><strong>I<span class=\"tlid-translation translation\" lang=\"en\"><span class=\"\" title=\"\">nvolved in all chemistry modules <\/span><\/span><\/strong><span class=\"tlid-translation translation\" lang=\"en\"><span class=\"\" title=\"\">at the STPI department<\/span><\/span><strong> \/ Intervenant dans tous les modules de chimie<\/strong> au d\u00e9partement STPI\u00a0 en fili\u00e8re classique, internationale et FISP-B :<\/span><\/p>\n<ul>\n<li><span style=\"color: #000000;font-family: times new roman, times, serif;font-size: 14pt\">S1 \u00ab\u00a0Atoms and Bonds \/ Atomes et Liaisons\u00a0\u00bb + \u00ab\u00a0Solution Chemistry \/ Chimie des Solutions\u00a0\u00bb : Lecture \/ Cours Magistral (\u00ab\u00a0Atoms and Bonds \/ Atomes et Liaisons\u00a0\u00bb), Tutorials \/ Travaux Dirig\u00e9s (TD) + Pratical Work \/ Travaux Pratiques (TP)<br \/>\n<\/span><\/li>\n<li><span style=\"color: #000000;font-family: times new roman, times, serif;font-size: 14pt\">S2 \u00ab\u00a0Crystallography \/ Cristallographie\u00a0\u00bb + \u00ab\u00a0Thermochemistry \/ Thermochimie\u00a0\u00bb : Tutorials \/ Travaux Dirig\u00e9s (TD) + Pratical Work \/ Travaux Pratiques (TP)<br \/>\n<\/span><\/li>\n<li><span style=\"color: #000000;font-family: times new roman, times, serif;font-size: 14pt\">S3 \u00ab\u00a0Applied Thermochemistry \/ Thermochimie Appliqu\u00e9e\u00a0\u00bb + \u00ab\u00a0Spectroscopy and kinetic \/ Spectroscopie et Cin\u00e9tique\u00a0\u00bb : Tutorials \/ Travaux Dirig\u00e9s (TD) + Pratical Work \/ Travaux Pratiques (TP)<br \/>\n<\/span><\/li>\n<li><span style=\"color: #000000;font-family: times new roman, times, serif;font-size: 14pt\">S4 \u00ab\u00a0Structure-property relationship of materials \/ Relations structure-propri\u00e9t\u00e9s des mat\u00e9riaux\u00a0\u00bb : Tutorials \/ Travaux Dirig\u00e9s (TD) + Pratical Work \/ Travaux Pratiques (TP)<br \/>\n<\/span><\/p>\n<hr \/>\n<\/li>\n<li><span style=\"color: #000000;font-family: times new roman, times, serif;font-size: 14pt\">S1 \u00ab\u00a0Atoms and Bonds \/ Atomes et Liaisons\u00a0\u00bb (Fili\u00e8re FISP-B): Lecture-Tutorials \/ Cours-Travaux Dirig\u00e9s, Lecture-Pratical Work \/ Cours-Travaux Pratiques (TP)<\/span><\/li>\n<\/ul>\n<p style=\"text-align: justify\"><span style=\"color: #000000;font-family: times new roman, times, serif;font-size: 14pt\"><strong>Sujets DS (Lesson \/ Cours) et TP (Pratical Work \/ Travaux Pratiques)<\/strong><\/span><\/p>\n<p><span style=\"text-decoration: underline;color: #000000\"><span style=\"font-family: 'times new roman', times, serif;font-size: 14pt\">Sujet S1 \u00ab\u00a0Atomistique\u00a0\u00bb (2019-2024):<\/span><\/span><\/p>\n<ul style=\"list-style-type: disc\">\n<li><span style=\"color: #000000;font-family: 'times new roman', times, serif;font-size: 14pt\">2019-20:\u00a0\u00a0 DS-CM :\u00a0 \u00a0 \u00a0<\/span><a style=\"color: #000000\" href=\"https:\/\/iscr-csm.insa-rennes.fr\/yansuffren\/wp-content\/uploads\/sites\/13\/2020\/02\/S1_Atomistique_DS-CM_2019-2020.pdf\">S1_Atomistique_DS-CM_2019-2020<\/a><\/li>\n<li><span style=\"color: #000000;font-family: times new roman, times, serif;font-size: 14pt\">2019-20:\u00a0\u00a0 DS-TP :\u00a0 \u00a0 \u00a0 <a style=\"color: #000000\" href=\"https:\/\/iscr-csm.insa-rennes.fr\/yansuffren\/wp-content\/uploads\/sites\/13\/2020\/02\/S1_Atomistique_DS-TP_2019-2020.pdf\">S1_Atomistique_DS-TP_2019-2020<\/a><\/span><\/li>\n<li><span style=\"color: #000000;font-family: times new roman, times, serif;font-size: 14pt\">2020-21:\u00a0\u00a0 DS-CM :\u00a0 \u00a0 <a style=\"color: #000000\" href=\"https:\/\/iscr-csm.insa-rennes.fr\/yansuffren\/wp-content\/uploads\/sites\/13\/2022\/10\/S1_Atomistique_DS_2020-2021.pdf\">S1_Atomistique_DS-CM_2020-2021<\/a>\u00a0<\/span><\/li>\n<li><span style=\"color: #000000;font-family: times new roman, times, serif;font-size: 14pt\">2020-21:\u00a0\u00a0 DS-TP :\u00a0 \u00a0 \u00a0 <a style=\"color: #000000\" href=\"https:\/\/iscr-csm.insa-rennes.fr\/yansuffren\/wp-content\/uploads\/sites\/13\/2021\/03\/S1_Atomistique_DS-TP_2020-2021.pdf\">S1_Atomistique_DS-TP_2020-2021<\/a><\/span><\/li>\n<li><span style=\"color: #000000;font-family: times new roman, times, serif;font-size: 14pt\">2021-22:\u00a0\u00a0 DS-CM :\u00a0 \u00a0 <a style=\"color: #000000\" href=\"https:\/\/iscr-csm.insa-rennes.fr\/yansuffren\/wp-content\/uploads\/sites\/13\/2022\/08\/S1_Atomistique_DS-CM_2021-2022.pdf\">S1_Atomistique_DS-CM_2021-2022<\/a><\/span><\/li>\n<li><span style=\"color: #000000;font-family: times new roman, times, serif;font-size: 14pt\">2021-22:\u00a0\u00a0 DS-TP :\u00a0 \u00a0\u00a0 \u00a0<a style=\"color: #000000\" href=\"https:\/\/iscr-csm.insa-rennes.fr\/yansuffren\/wp-content\/uploads\/sites\/13\/2022\/08\/S1_Atomistique_DS-TP_2021-2022.pdf\">S1_Atomistique_DS-TP_2021-2022<\/a><\/span><\/li>\n<li><span style=\"color: #000000;font-family: times new roman, times, serif;font-size: 14pt\">2022-23:\u00a0\u00a0 DS-CM : \u00a0 \u00a0<a style=\"color: #000000\" href=\"https:\/\/iscr-csm.insa-rennes.fr\/yansuffren\/wp-content\/uploads\/sites\/13\/2023\/09\/S1_Atomistique_DS-CM_2022-2023.pdf\">S1_Atomistique_DS-CM_2022-2023<\/a><\/span><\/li>\n<li><span style=\"color: #000000;font-family: times new roman, times, serif;font-size: 14pt\">2022-23:\u00a0\u00a0 DS-TP : \u00a0 \u00a0 \u00a0<a style=\"color: #000000\" href=\"https:\/\/iscr-csm.insa-rennes.fr\/yansuffren\/wp-content\/uploads\/sites\/13\/2023\/09\/S1_Atomistique_DS-TP_2022-2023.pdf\">S1_Atomistique_DS-TP_2022-2023<\/a> <\/span><\/li>\n<li><span style=\"color: #000000;font-family: times new roman, times, serif;font-size: 14pt\">2023-24:\u00a0\u00a0 DS-CM :\u00a0 \u00a0 <\/span><span style=\"font-family: 'times new roman', times, serif;font-size: 14pt;color: #000000\"><a style=\"color: #000000\" href=\"https:\/\/iscr-csm.insa-rennes.fr\/yansuffren\/wp-content\/uploads\/sites\/13\/2025\/05\/S1_Atomistique_DS-CM_2023-2024.pdf\">S1_Atomistique_DS-CM_2023-2024<\/a><\/span><\/li>\n<li><span style=\"color: #000000\"><span style=\"font-family: 'times new roman', times, serif;font-size: 14pt\">2023-24:\u00a0\u00a0 <\/span><span style=\"font-family: 'times new roman', times, serif;font-size: 14pt\">DS-TP :\u00a0 \u00a0\u00a0 \u00a0<\/span><span style=\"font-family: 'times new roman', times, serif;font-size: 14pt\"><a style=\"color: #000000\" href=\"https:\/\/iscr-csm.insa-rennes.fr\/yansuffren\/wp-content\/uploads\/sites\/13\/2025\/05\/S1_Atomistique_DS-TP_2023-2024.pdf\">S1_Atomistique_DS-TP_2023-2024<\/a><\/span><\/span><\/li>\n<\/ul>\n<p><span style=\"text-decoration: underline;color: #000000\"><span style=\"font-family: 'times new roman', times, serif;font-size: 14pt\">Sujet S2 \u00ab\u00a0Etat Solide\u00a0\u00bb (2024-&#8230;):<\/span><\/span><\/p>\n<ul style=\"list-style-type: disc\">\n<li><span style=\"font-family: 'times new roman', times, serif;font-size: 14pt;color: #000000\">2024-25:\u00a0\u00a0 DS-CM :\u00a0 \u00a0\u00a0<a style=\"color: #000000\" href=\"https:\/\/iscr-csm.insa-rennes.fr\/yansuffren\/wp-content\/uploads\/sites\/13\/2025\/05\/S2_Cristallo_DS-CM_2024-2025.pdf\">S2_Cristallo_DS-CM_2024-2025<\/a><\/span><\/li>\n<li><span style=\"font-family: 'times new roman', times, serif;font-size: 14pt;color: #000000\">2024-25:\u00a0\u00a0 DS-CM :\u00a0 \u00a0\u00a0<a style=\"color: #000000\" href=\"https:\/\/iscr-csm.insa-rennes.fr\/yansuffren\/wp-content\/uploads\/sites\/13\/2025\/05\/S2_Cristallo_DS-TP_2024-2025.pdf\">S2_Cristallo_DS-TP_2024-2025<\/a><\/span><\/li>\n<\/ul>\n","protected":false},"excerpt":{"rendered":"<p>Dr Yan Suffren 41 years Current position \/ Situation actuelle : Assistant Professor \/ Ma\u00eetre de Conf\u00e9rences des Universit\u00e9s (McF-CN) at Institut des Sciences Appliqu\u00e9es Rennes (2017-). Team member of \/ Membre de l&rsquo;\u00e9quipe \u00ab &hellip; <a href=\"https:\/\/iscr-csm.insa-rennes.fr\/yansuffren\/enseignement-insa\/\" class=\"more-link\">Lire la suite <span class=\"screen-reader-text\">3- Teaching \/ Enseignement INSA<\/span> <span class=\"meta-nav\">&rarr;<\/span><\/a><\/p>\n","protected":false},"author":13,"featured_media":0,"parent":0,"menu_order":0,"comment_status":"closed","ping_status":"closed","template":"","meta":{"footnotes":""},"class_list":["post-49","page","type-page","status-publish","hentry"],"jetpack_sharing_enabled":true,"_links":{"self":[{"href":"https:\/\/iscr-csm.insa-rennes.fr\/yansuffren\/wp-json\/wp\/v2\/pages\/49","targetHints":{"allow":["GET"]}}],"collection":[{"href":"https:\/\/iscr-csm.insa-rennes.fr\/yansuffren\/wp-json\/wp\/v2\/pages"}],"about":[{"href":"https:\/\/iscr-csm.insa-rennes.fr\/yansuffren\/wp-json\/wp\/v2\/types\/page"}],"author":[{"embeddable":true,"href":"https:\/\/iscr-csm.insa-rennes.fr\/yansuffren\/wp-json\/wp\/v2\/users\/13"}],"replies":[{"embeddable":true,"href":"https:\/\/iscr-csm.insa-rennes.fr\/yansuffren\/wp-json\/wp\/v2\/comments?post=49"}],"version-history":[{"count":46,"href":"https:\/\/iscr-csm.insa-rennes.fr\/yansuffren\/wp-json\/wp\/v2\/pages\/49\/revisions"}],"predecessor-version":[{"id":338,"href":"https:\/\/iscr-csm.insa-rennes.fr\/yansuffren\/wp-json\/wp\/v2\/pages\/49\/revisions\/338"}],"wp:attachment":[{"href":"https:\/\/iscr-csm.insa-rennes.fr\/yansuffren\/wp-json\/wp\/v2\/media?parent=49"}],"curies":[{"name":"wp","href":"https:\/\/api.w.org\/{rel}","templated":true}]}}