{"id":209,"date":"2020-02-07T15:11:20","date_gmt":"2020-02-07T14:11:20","guid":{"rendered":"https:\/\/iscr-csm.insa-rennes.fr\/yansuffren\/?page_id=209"},"modified":"2026-02-18T14:38:49","modified_gmt":"2026-02-18T13:38:49","slug":"5-collaborations","status":"publish","type":"page","link":"https:\/\/iscr-csm.insa-rennes.fr\/yansuffren\/5-collaborations\/","title":{"rendered":"5- Collaborations"},"content":{"rendered":"<p><span style=\"font-size: 14pt;font-family: times new roman, times, serif\"><span style=\"color: #0000ff\"><strong>Dr Yan S<\/strong><strong>uffren<\/strong><\/span><strong><img loading=\"lazy\" decoding=\"async\" class=\"wp-image-324 alignright\" src=\"https:\/\/iscr-csm.insa-rennes.fr\/yansuffren\/wp-content\/uploads\/sites\/13\/2026\/02\/Photo_YanSuffren-234x300.jpg\" alt=\"\" width=\"114\" height=\"146\" srcset=\"https:\/\/iscr-csm.insa-rennes.fr\/yansuffren\/wp-content\/uploads\/sites\/13\/2026\/02\/Photo_YanSuffren-234x300.jpg 234w, https:\/\/iscr-csm.insa-rennes.fr\/yansuffren\/wp-content\/uploads\/sites\/13\/2026\/02\/Photo_YanSuffren-156x200.jpg 156w, https:\/\/iscr-csm.insa-rennes.fr\/yansuffren\/wp-content\/uploads\/sites\/13\/2026\/02\/Photo_YanSuffren.jpg 274w\" sizes=\"auto, (max-width: 114px) 100vw, 114px\" \/><\/strong><\/span><br \/>\n<span style=\"color: #000000;font-size: 14pt;font-family: times new roman, times, serif\">41 years<\/span><\/p>\n<p><span style=\"color: #000000;font-size: 14pt;font-family: times new roman, times, serif\"><strong>Current position \/ Situation actuelle :<\/strong><\/span><\/p>\n<ul>\n<li style=\"text-align: justify\"><span style=\"color: #000000;font-size: 14pt;font-family: times new roman, times, serif\">Assistant Professor \/ Ma\u00eetre de Conf\u00e9rences des Universit\u00e9s (McF-CN)<\/span><br \/>\n<span style=\"color: #000000;font-size: 14pt;font-family: times new roman, times, serif\">at Institut des Sciences Appliqu\u00e9es Rennes (2017-).<\/span><\/li>\n<li style=\"text-align: justify\"><span style=\"color: #000000;font-size: 14pt;font-family: times new roman, times, serif\">Team member of \/ Membre de l&rsquo;\u00e9quipe \u00ab Chimie du Solide et Mat\u00e9riaux \u00bb from UMR 6226 \u00ab Institut des Sciences Chimiques de Rennes \u00bb.<\/span><\/li>\n<li><span style=\"color: #000000;font-size: 14pt;font-family: times new roman, times, serif\">Co-responsible for the international section \/ Co-responsable de la fili\u00e8re internationale GLOBALINSA Rennes.<\/span><\/li>\n<\/ul>\n<p style=\"text-align: justify\"><span style=\"color: #000000;font-size: 14pt;font-family: times new roman, times, serif\"><strong>Adress \/ Adresse :<\/strong><\/span><\/p>\n<ul style=\"text-align: justify\">\n<li style=\"text-align: justify\"><span style=\"color: #000000;font-size: 14pt;font-family: times new roman, times, serif\">UMR CNRS-INSA 6226 \u00ab\u00a0Institut des Sciences Chimiques de Rennes\u00a0\u00bb<\/span><br \/>\n<span style=\"color: #000000;font-size: 14pt;font-family: times new roman, times, serif\">20 Avenue des Buttes des Co\u00ebsmes, CS 70839<\/span><br \/>\n<span style=\"color: #000000;font-size: 14pt;font-family: times new roman, times, serif\">35708 Rennes Cedex 7, France<\/span><\/li>\n<li><span style=\"color: #000000;font-size: 14pt;font-family: times new roman, times, serif\">T\u00e9l\u00e9phone: +33(0)223238813<\/span><\/li>\n<li><span style=\"color: #000000;font-size: 14pt;font-family: times new roman, times, serif\">Email: Yan.Suffren@insa-rennes.fr<\/span><\/li>\n<\/ul>\n<p style=\"text-align: justify\"><span style=\"color: #000000;font-family: times new roman, times, serif;font-size: 14pt\"><strong>Contacts :<\/strong><\/span><\/p>\n<ul>\n<li style=\"text-align: justify\"><span style=\"font-family: times new roman, times, serif;font-size: 14pt;color: #000000\"><strong>C. Lecomte <\/strong>&amp;<strong> C. Jelsch<\/strong>, CNRS, Univ. Nancy, Lab. Cristallog., R\u00e9sonance Magn. Mod\u00e9lisations (CRM2)<\/span><\/li>\n<li style=\"text-align: justify\"><span style=\"font-family: times new roman, times, serif;font-size: 14pt;color: #000000\"><strong>A. Brenier<\/strong>, CNRS, Univ. Claude Bernard Lyon 1, Institut Lumi\u00e8re Mati\u00e8re (ILM)<\/span><\/li>\n<li style=\"text-align: justify\"><span style=\"font-family: times new roman, times, serif;font-size: 14pt;color: #000000\"><strong>T. Pagnier<\/strong>, CNRS, Univ. Grenoble, Lab. \u00c9lectrochimie et Physicochimie des Mat\u00e9riaux et Interfaces (LEPMI)<\/span><\/li>\n<li style=\"text-align: justify\"><span style=\"font-family: times new roman, times, serif;font-size: 14pt;color: #000000\"><strong>H. Jamet<\/strong>, Univ. Grenoble, D\u00e9partement de Chimie Mol\u00e9culaire (DCM)<\/span><\/li>\n<li style=\"text-align: justify\"><span style=\"font-family: times new roman, times, serif;font-size: 14pt;color: #000000\"><strong>J. Pilm\u00e9<\/strong>, Univ. Pierre et Marie Curie, Laboratoire de Chimie Th\u00e9orique (LCT)<\/span><\/li>\n<li style=\"text-align: justify\"><span style=\"font-family: times new roman, times, serif;font-size: 14pt;color: #000000\"><strong>D. B. Leznoff<\/strong>, Simon Fraser Univ. Burnaby, Canada, Department of Chemistry<\/span><\/li>\n<li style=\"text-align: justify\"><span style=\"font-family: times new roman, times, serif;font-size: 14pt;color: #000000\"><strong>P. Raithby<\/strong>, Univ. of Bath, United Kingdom, Department of Chemistry<\/span><\/li>\n<li style=\"text-align: justify\"><span style=\"font-family: times new roman, times, serif;font-size: 14pt;color: #000000\"><strong>C. Piguet<\/strong> &amp; <strong>H. Nozary<\/strong>, Univ. de Gen\u00e8ve, Suisse, D\u00e9partement de chimie inorganique et analytique<\/span><\/li>\n<li style=\"text-align: justify\"><span style=\"font-family: times new roman, times, serif;font-size: 14pt;color: #000000\"><strong>S. Petoud<\/strong> &amp; <strong>S. Eliseeva<\/strong>, CNRS, Orl\u00e9ans, Centre de Biophysique Mol\u00e9culaire (CBM)<\/span><\/li>\n<li style=\"text-align: justify\"><span style=\"font-family: times new roman, times, serif;font-size: 14pt;color: #000000\"><strong>D. Luneau<\/strong> &amp; C. <strong>Desroches<\/strong>, Univ. Claude Bernard Lyon 1, Lab. des Multimat\u00e9riaux et Interfaces (LMI)<\/span><\/li>\n<li style=\"text-align: justify\"><span style=\"font-family: times new roman, times, serif;font-size: 14pt;color: #000000\"><strong>Y. Leger<\/strong> &amp; <strong>H. Folliot<\/strong>, INSA Rennes, D\u00e9p. Fonctions Optiques pour les T\u00e9l\u00e9communicatiONs (FOTON)<\/span><\/li>\n<li style=\"text-align: justify\"><span style=\"font-family: times new roman, times, serif;font-size: 14pt;color: #000000\"><strong>F. Pointillart<\/strong>, Institut Sciences Chimiques Rennes (ISCR), \u00e9quipe Mat\u00e9riaux Inorganiques Multifonctionnels<\/span><\/li>\n<li style=\"text-align: justify\"><span style=\"font-family: 'times new roman', times, serif;font-size: 14pt;color: #000000\"><strong>F. Chevir\u00e9 et O. Merdrignac-Conanec<\/strong>, Institut Sciences Chimiques Rennes (ISCR), \u00e9quipe V&amp;C<\/span><\/li>\n<li style=\"text-align: justify\"><span style=\"font-family: 'times new roman', times, serif;font-size: 14pt;color: #000000\"><strong style=\"text-align: left\">Houizot &amp; Alexis Duval<\/strong><span style=\"text-align: left\">, Institut de Physique de Rennes (IPR), d\u00e9partement M\u00e9canique &amp; Verres<\/span><\/span><\/li>\n<li style=\"text-align: justify\"><span style=\"font-family: 'times new roman', times, serif;font-size: 14pt;color: #000000\"><strong style=\"text-align: left\">Triki &amp; M. Kermarrec<\/strong><span style=\"text-align: left\">, Univ. Bretagne Occidentale, Lab. CEMCA<\/span><\/span><\/li>\n<li style=\"text-align: justify\"><span style=\"font-family: 'times new roman', times, serif;font-size: 14pt;color: #000000\"><strong style=\"text-align: left\">Norel &amp; L. Caussin<\/strong><span style=\"text-align: left\">, Institut\u00a0Sciences\u00a0Chimiques\u00a0Rennes\u00a0(ISCR),\u00a0\u00e9quipe\u00a0OMC<\/span><\/span><\/li>\n<li><span style=\"font-family: 'times new roman', times, serif;font-size: 14pt;color: #000000\"><strong>Y. Sarrazin &amp; N. Jain<\/strong>,\u00a0Institut\u00a0Sciences\u00a0Chimiques\u00a0Rennes\u00a0(ISCR),\u00a0\u00e9quipe\u00a0OMC<\/span><\/li>\n<\/ul>\n","protected":false},"excerpt":{"rendered":"<p>Dr Yan Suffren 41 years Current position \/ Situation actuelle : Assistant Professor \/ Ma\u00eetre de Conf\u00e9rences des Universit\u00e9s (McF-CN) at Institut des Sciences Appliqu\u00e9es Rennes (2017-). Team member of \/ Membre de l&rsquo;\u00e9quipe \u00ab &hellip; <a href=\"https:\/\/iscr-csm.insa-rennes.fr\/yansuffren\/5-collaborations\/\" class=\"more-link\">Lire la suite <span class=\"screen-reader-text\">5- Collaborations<\/span> <span class=\"meta-nav\">&rarr;<\/span><\/a><\/p>\n","protected":false},"author":13,"featured_media":0,"parent":0,"menu_order":0,"comment_status":"closed","ping_status":"closed","template":"","meta":{"footnotes":""},"class_list":["post-209","page","type-page","status-publish","hentry"],"jetpack_sharing_enabled":true,"_links":{"self":[{"href":"https:\/\/iscr-csm.insa-rennes.fr\/yansuffren\/wp-json\/wp\/v2\/pages\/209","targetHints":{"allow":["GET"]}}],"collection":[{"href":"https:\/\/iscr-csm.insa-rennes.fr\/yansuffren\/wp-json\/wp\/v2\/pages"}],"about":[{"href":"https:\/\/iscr-csm.insa-rennes.fr\/yansuffren\/wp-json\/wp\/v2\/types\/page"}],"author":[{"embeddable":true,"href":"https:\/\/iscr-csm.insa-rennes.fr\/yansuffren\/wp-json\/wp\/v2\/users\/13"}],"replies":[{"embeddable":true,"href":"https:\/\/iscr-csm.insa-rennes.fr\/yansuffren\/wp-json\/wp\/v2\/comments?post=209"}],"version-history":[{"count":25,"href":"https:\/\/iscr-csm.insa-rennes.fr\/yansuffren\/wp-json\/wp\/v2\/pages\/209\/revisions"}],"predecessor-version":[{"id":339,"href":"https:\/\/iscr-csm.insa-rennes.fr\/yansuffren\/wp-json\/wp\/v2\/pages\/209\/revisions\/339"}],"wp:attachment":[{"href":"https:\/\/iscr-csm.insa-rennes.fr\/yansuffren\/wp-json\/wp\/v2\/media?parent=209"}],"curies":[{"name":"wp","href":"https:\/\/api.w.org\/{rel}","templated":true}]}}