{"id":10,"date":"2017-11-09T15:27:44","date_gmt":"2017-11-09T14:27:44","guid":{"rendered":"https:\/\/iscr-csm.insa-rennes.fr\/yansuffren\/?page_id=10"},"modified":"2026-02-18T14:33:04","modified_gmt":"2026-02-18T13:33:04","slug":"10-2","status":"publish","type":"page","link":"https:\/\/iscr-csm.insa-rennes.fr\/yansuffren\/","title":{"rendered":"1- Home \/ Accueil"},"content":{"rendered":"<p><span style=\"font-size: 14pt;font-family: times new roman, times, serif\"><span style=\"color: #0000ff\"><strong>Dr Yan S<\/strong><strong>uffren<\/strong><\/span><strong><img loading=\"lazy\" decoding=\"async\" class=\"wp-image-324 alignright\" src=\"https:\/\/iscr-csm.insa-rennes.fr\/yansuffren\/wp-content\/uploads\/sites\/13\/2026\/02\/Photo_YanSuffren-234x300.jpg\" alt=\"\" width=\"114\" height=\"146\" srcset=\"https:\/\/iscr-csm.insa-rennes.fr\/yansuffren\/wp-content\/uploads\/sites\/13\/2026\/02\/Photo_YanSuffren-234x300.jpg 234w, https:\/\/iscr-csm.insa-rennes.fr\/yansuffren\/wp-content\/uploads\/sites\/13\/2026\/02\/Photo_YanSuffren-156x200.jpg 156w, https:\/\/iscr-csm.insa-rennes.fr\/yansuffren\/wp-content\/uploads\/sites\/13\/2026\/02\/Photo_YanSuffren.jpg 274w\" sizes=\"auto, (max-width: 114px) 100vw, 114px\" \/><\/strong><\/span><br \/>\n<span style=\"color: #000000;font-size: 14pt;font-family: times new roman, times, serif\">41 years<\/span><\/p>\n<p><span style=\"color: #000000;font-size: 14pt;font-family: times new roman, times, serif\"><strong>Current position \/ Situation actuelle :<\/strong><\/span><\/p>\n<ul>\n<li style=\"text-align: justify\"><span style=\"color: #000000;font-size: 14pt;font-family: times new roman, times, serif\">Assistant Professor \/ Ma\u00eetre de Conf\u00e9rences des Universit\u00e9s (McF-CN)<\/span><br \/>\n<span style=\"color: #000000;font-size: 14pt;font-family: times new roman, times, serif\">at Institut des Sciences Appliqu\u00e9es Rennes (2017-).<\/span><\/li>\n<li style=\"text-align: justify\"><span style=\"color: #000000;font-size: 14pt;font-family: times new roman, times, serif\">Team member of \/ Membre de l&rsquo;\u00e9quipe \u00ab Chimie du Solide et Mat\u00e9riaux \u00bb from UMR 6226 \u00ab Institut des Sciences Chimiques de Rennes \u00bb.<\/span><\/li>\n<li><span style=\"color: #000000;font-size: 14pt;font-family: times new roman, times, serif\">Co-responsible for the international section \/ Co-responsable de la fili\u00e8re internationale GLOBALINSA Rennes.<\/span><\/li>\n<\/ul>\n<p><span style=\"color: #000000;font-size: 14pt;font-family: times new roman, times, serif\"><strong>Adress \/ Adresse :<\/strong><\/span><\/p>\n<ul>\n<li style=\"text-align: justify\"><span style=\"color: #000000;font-size: 14pt;font-family: times new roman, times, serif\">UMR CNRS-INSA 6226 \u00ab\u00a0Institut des Sciences Chimiques de Rennes\u00a0\u00bb<\/span><br \/>\n<span style=\"color: #000000;font-size: 14pt;font-family: times new roman, times, serif\">20 Avenue des Buttes des Co\u00ebsmes, CS 70839<\/span><br \/>\n<span style=\"color: #000000;font-size: 14pt;font-family: times new roman, times, serif\">35708 Rennes Cedex 7, France<\/span><\/li>\n<li><span style=\"color: #000000;font-size: 14pt;font-family: times new roman, times, serif\">T\u00e9l\u00e9phone: +33(0)223238813<\/span><\/li>\n<li><span style=\"color: #000000;font-size: 14pt;font-family: times new roman, times, serif\">Email: Yan.Suffren@insa-rennes.fr<\/span><\/li>\n<\/ul>\n<p><span style=\"color: #000000;font-size: 14pt;font-family: times new roman, times, serif\"><strong>Interests \/ Int\u00e9r\u00eats :<\/strong><\/span><\/p>\n<ul>\n<li style=\"text-align: justify\"><span style=\"color: #000000;font-size: 14pt;font-family: times new roman, times, serif\">Lanthanides, Coordination Chemistry, Metal-Organic Frameworks, Multi-Fonctionnal Materials, Optical Spectroscopy, Luminescence, Photo-physical Properties.<\/span><\/li>\n<\/ul>\n<p><span style=\"color: #000000;font-size: 14pt;font-family: times new roman, times, serif\"><strong> <a style=\"color: #000000\" href=\"https:\/\/orcid.org\/0000-0001-9350-7262\" target=\"orcid.widget\" rel=\"noopener noreferrer\"><img decoding=\"async\" src=\"https:\/\/orcid.org\/sites\/default\/files\/images\/orcid_16x16.png\" alt=\"ORCID iD icon\" \/><\/a>ORCID ID :<\/strong> <a href=\"https:\/\/orcid.org\/0000-0001-6338-8274\" target=\"_blank\" rel=\"noopener noreferrer\">https:\/\/orcid.org\/0000-0001-6338-8274<\/a><\/span><\/p>\n","protected":false},"excerpt":{"rendered":"<p>Dr Yan Suffren 41 years Current position \/ Situation actuelle : Assistant Professor \/ Ma\u00eetre de Conf\u00e9rences des Universit\u00e9s (McF-CN) at Institut des Sciences Appliqu\u00e9es Rennes (2017-). Team member of \/ Membre de l&rsquo;\u00e9quipe \u00ab &hellip; <a href=\"https:\/\/iscr-csm.insa-rennes.fr\/yansuffren\/\" class=\"more-link\">Lire la suite <span class=\"screen-reader-text\">1- Home \/ Accueil<\/span> <span class=\"meta-nav\">&rarr;<\/span><\/a><\/p>\n","protected":false},"author":1,"featured_media":0,"parent":0,"menu_order":0,"comment_status":"closed","ping_status":"closed","template":"","meta":{"footnotes":""},"class_list":["post-10","page","type-page","status-publish","hentry"],"jetpack_sharing_enabled":true,"_links":{"self":[{"href":"https:\/\/iscr-csm.insa-rennes.fr\/yansuffren\/wp-json\/wp\/v2\/pages\/10","targetHints":{"allow":["GET"]}}],"collection":[{"href":"https:\/\/iscr-csm.insa-rennes.fr\/yansuffren\/wp-json\/wp\/v2\/pages"}],"about":[{"href":"https:\/\/iscr-csm.insa-rennes.fr\/yansuffren\/wp-json\/wp\/v2\/types\/page"}],"author":[{"embeddable":true,"href":"https:\/\/iscr-csm.insa-rennes.fr\/yansuffren\/wp-json\/wp\/v2\/users\/1"}],"replies":[{"embeddable":true,"href":"https:\/\/iscr-csm.insa-rennes.fr\/yansuffren\/wp-json\/wp\/v2\/comments?post=10"}],"version-history":[{"count":46,"href":"https:\/\/iscr-csm.insa-rennes.fr\/yansuffren\/wp-json\/wp\/v2\/pages\/10\/revisions"}],"predecessor-version":[{"id":333,"href":"https:\/\/iscr-csm.insa-rennes.fr\/yansuffren\/wp-json\/wp\/v2\/pages\/10\/revisions\/333"}],"wp:attachment":[{"href":"https:\/\/iscr-csm.insa-rennes.fr\/yansuffren\/wp-json\/wp\/v2\/media?parent=10"}],"curies":[{"name":"wp","href":"https:\/\/api.w.org\/{rel}","templated":true}]}}