{"id":7,"date":"2012-10-19T12:59:49","date_gmt":"2012-10-19T11:59:49","guid":{"rendered":"http:\/\/scr-mi.insa-rennes.fr\/stephanefreslon\/?page_id=6"},"modified":"2019-11-26T15:30:35","modified_gmt":"2019-11-26T14:30:35","slug":"accueil","status":"publish","type":"page","link":"https:\/\/iscr-csm.insa-rennes.fr\/stephanefreslon\/","title":{"rendered":"St\u00e9phane Freslon"},"content":{"rendered":"<p><strong>Ing\u00e9nieur d&rsquo;\u00c9tudes<\/strong><\/p>\n<h6><span style=\"font-family: arial, helvetica, sans-serif\">Laboratoire ISCR\/CSM, UMR CNRS 6226<\/span><\/h6>\n<h6><span style=\"font-family: arial, helvetica, sans-serif\">site INSA Rennes <\/span><\/h6>\n<h6><span style=\"font-family: arial, helvetica, sans-serif\">20 avenue des Buttes de Coesmes<\/span><\/h6>\n<h6><span style=\"font-family: arial, helvetica, sans-serif\">CS70839<\/span><\/h6>\n<h6><span style=\"font-family: arial, helvetica, sans-serif\">35708 RENNES Cedex 7<\/span><\/h6>\n<p>&nbsp;<\/p>\n<h6>B\u00e2timent 11, Bureau 103<\/h6>\n<h6>Tel: +33 (0)2 23 23 88 00<\/h6>\n<h6>Fax:+33 (0)2 23 23 87 85<\/h6>\n<p><a href=\"mailto:stephane.freslon@insa-rennes.fr\">stephane.freslon@insa-rennes.fr<\/a><\/p>\n","protected":false},"excerpt":{"rendered":"<p>Ing\u00e9nieur d&rsquo;\u00c9tudes Laboratoire ISCR\/CSM, UMR CNRS 6226 site INSA Rennes 20 avenue des Buttes de Coesmes CS70839 35708 RENNES Cedex 7 &nbsp; B\u00e2timent 11, Bureau 103 Tel: +33 (0)2 23 23 88 00 Fax:+33 (0)2 &hellip; <a href=\"https:\/\/iscr-csm.insa-rennes.fr\/stephanefreslon\/\" class=\"more-link\">Lire la suite <span class=\"screen-reader-text\">St\u00e9phane Freslon<\/span> <span class=\"meta-nav\">&rarr;<\/span><\/a><\/p>\n","protected":false},"author":4,"featured_media":0,"parent":0,"menu_order":0,"comment_status":"closed","ping_status":"closed","template":"","meta":{"footnotes":""},"class_list":["post-7","page","type-page","status-publish","hentry"],"jetpack_sharing_enabled":true,"_links":{"self":[{"href":"https:\/\/iscr-csm.insa-rennes.fr\/stephanefreslon\/wp-json\/wp\/v2\/pages\/7","targetHints":{"allow":["GET"]}}],"collection":[{"href":"https:\/\/iscr-csm.insa-rennes.fr\/stephanefreslon\/wp-json\/wp\/v2\/pages"}],"about":[{"href":"https:\/\/iscr-csm.insa-rennes.fr\/stephanefreslon\/wp-json\/wp\/v2\/types\/page"}],"author":[{"embeddable":true,"href":"https:\/\/iscr-csm.insa-rennes.fr\/stephanefreslon\/wp-json\/wp\/v2\/users\/4"}],"replies":[{"embeddable":true,"href":"https:\/\/iscr-csm.insa-rennes.fr\/stephanefreslon\/wp-json\/wp\/v2\/comments?post=7"}],"version-history":[{"count":6,"href":"https:\/\/iscr-csm.insa-rennes.fr\/stephanefreslon\/wp-json\/wp\/v2\/pages\/7\/revisions"}],"predecessor-version":[{"id":92,"href":"https:\/\/iscr-csm.insa-rennes.fr\/stephanefreslon\/wp-json\/wp\/v2\/pages\/7\/revisions\/92"}],"wp:attachment":[{"href":"https:\/\/iscr-csm.insa-rennes.fr\/stephanefreslon\/wp-json\/wp\/v2\/media?parent=7"}],"curies":[{"name":"wp","href":"https:\/\/api.w.org\/{rel}","templated":true}]}}