{"id":14,"date":"2012-10-19T13:02:45","date_gmt":"2012-10-19T12:02:45","guid":{"rendered":"http:\/\/scr-mi.insa-rennes.fr\/stephanefreslon\/?page_id=14"},"modified":"2019-11-26T15:13:13","modified_gmt":"2019-11-26T14:13:13","slug":"recherche","status":"publish","type":"page","link":"https:\/\/iscr-csm.insa-rennes.fr\/stephanefreslon\/recherche\/","title":{"rendered":"Recherche"},"content":{"rendered":"<p>* Chimie de coordination des terres rares.<\/p>\n<p><a href=\"https:\/\/iscr-csm.insa-rennes.fr\/stephanefreslon\/wp-content\/uploads\/sites\/8\/2019\/11\/Image1.jpg\"><img loading=\"lazy\" decoding=\"async\" class=\"wp-image-87 size-medium alignnone\" src=\"https:\/\/iscr-csm.insa-rennes.fr\/stephanefreslon\/wp-content\/uploads\/sites\/8\/2019\/11\/Image1-300x158.jpg\" alt=\"\" width=\"300\" height=\"158\" srcset=\"https:\/\/iscr-csm.insa-rennes.fr\/stephanefreslon\/wp-content\/uploads\/sites\/8\/2019\/11\/Image1-300x158.jpg 300w, https:\/\/iscr-csm.insa-rennes.fr\/stephanefreslon\/wp-content\/uploads\/sites\/8\/2019\/11\/Image1-1024x541.jpg 1024w, https:\/\/iscr-csm.insa-rennes.fr\/stephanefreslon\/wp-content\/uploads\/sites\/8\/2019\/11\/Image1-768x406.jpg 768w, https:\/\/iscr-csm.insa-rennes.fr\/stephanefreslon\/wp-content\/uploads\/sites\/8\/2019\/11\/Image1-1200x634.jpg 1200w, https:\/\/iscr-csm.insa-rennes.fr\/stephanefreslon\/wp-content\/uploads\/sites\/8\/2019\/11\/Image1-345x182.jpg 345w, https:\/\/iscr-csm.insa-rennes.fr\/stephanefreslon\/wp-content\/uploads\/sites\/8\/2019\/11\/Image1-770x407.jpg 770w, https:\/\/iscr-csm.insa-rennes.fr\/stephanefreslon\/wp-content\/uploads\/sites\/8\/2019\/11\/Image1.jpg 1443w\" sizes=\"auto, (max-width: 300px) 100vw, 300px\" \/><\/a><\/p>\n<p>* Chimie des mat\u00e9riaux \u00e0 base de pl\u00e2tre.<\/p>\n<p><a href=\"https:\/\/iscr-csm.insa-rennes.fr\/stephanefreslon\/wp-content\/uploads\/sites\/8\/2019\/11\/Image2.jpg\"><img loading=\"lazy\" decoding=\"async\" class=\"alignnone wp-image-89 size-medium\" src=\"https:\/\/iscr-csm.insa-rennes.fr\/stephanefreslon\/wp-content\/uploads\/sites\/8\/2019\/11\/Image2-300x92.jpg\" alt=\"\" width=\"300\" height=\"92\" srcset=\"https:\/\/iscr-csm.insa-rennes.fr\/stephanefreslon\/wp-content\/uploads\/sites\/8\/2019\/11\/Image2-300x92.jpg 300w, https:\/\/iscr-csm.insa-rennes.fr\/stephanefreslon\/wp-content\/uploads\/sites\/8\/2019\/11\/Image2-1024x313.jpg 1024w, https:\/\/iscr-csm.insa-rennes.fr\/stephanefreslon\/wp-content\/uploads\/sites\/8\/2019\/11\/Image2-768x235.jpg 768w, https:\/\/iscr-csm.insa-rennes.fr\/stephanefreslon\/wp-content\/uploads\/sites\/8\/2019\/11\/Image2-1200x367.jpg 1200w, https:\/\/iscr-csm.insa-rennes.fr\/stephanefreslon\/wp-content\/uploads\/sites\/8\/2019\/11\/Image2-345x106.jpg 345w, https:\/\/iscr-csm.insa-rennes.fr\/stephanefreslon\/wp-content\/uploads\/sites\/8\/2019\/11\/Image2-770x236.jpg 770w, https:\/\/iscr-csm.insa-rennes.fr\/stephanefreslon\/wp-content\/uploads\/sites\/8\/2019\/11\/Image2.jpg 1464w\" sizes=\"auto, (max-width: 300px) 100vw, 300px\" \/><\/a><\/p>\n<p><strong>Extraction de HAL<br \/>\n<\/strong>\n<!-- iframe plugin v.6.0 wordpress.org\/plugins\/iframe\/ -->\n<iframe loading=\"lazy\" src=\"https:\/\/haltools.inria.fr\/Public\/afficheRequetePubli.php?auteur_exp=Stephane,Freslon&#038;CB_auteur=oui&#038;CB_titre=oui&#038;CB_article=oui&#038;CB_DOI=oui&#038;CB_vignette=oui&#038;langue=Francais&#038;tri_exp=annee_publi&#038;tri_exp2=date_publi&#038;ordre_aff=TA&#038;Fen=Aff&#038;css=..\/css\/styles_publicationsHAL_frame.css\" height=\"500\" scrolling=\"yes\" width=\"100%\" class=\"iframe-class\" frameborder=\"0\"><\/iframe>\n<\/p>\n","protected":false},"excerpt":{"rendered":"<p>* Chimie de coordination des terres rares. * Chimie des mat\u00e9riaux \u00e0 base de pl\u00e2tre. Extraction de HAL<\/p>\n","protected":false},"author":4,"featured_media":0,"parent":0,"menu_order":0,"comment_status":"closed","ping_status":"closed","template":"","meta":{"footnotes":""},"class_list":["post-14","page","type-page","status-publish","hentry"],"jetpack_sharing_enabled":true,"_links":{"self":[{"href":"https:\/\/iscr-csm.insa-rennes.fr\/stephanefreslon\/wp-json\/wp\/v2\/pages\/14","targetHints":{"allow":["GET"]}}],"collection":[{"href":"https:\/\/iscr-csm.insa-rennes.fr\/stephanefreslon\/wp-json\/wp\/v2\/pages"}],"about":[{"href":"https:\/\/iscr-csm.insa-rennes.fr\/stephanefreslon\/wp-json\/wp\/v2\/types\/page"}],"author":[{"embeddable":true,"href":"https:\/\/iscr-csm.insa-rennes.fr\/stephanefreslon\/wp-json\/wp\/v2\/users\/4"}],"replies":[{"embeddable":true,"href":"https:\/\/iscr-csm.insa-rennes.fr\/stephanefreslon\/wp-json\/wp\/v2\/comments?post=14"}],"version-history":[{"count":19,"href":"https:\/\/iscr-csm.insa-rennes.fr\/stephanefreslon\/wp-json\/wp\/v2\/pages\/14\/revisions"}],"predecessor-version":[{"id":90,"href":"https:\/\/iscr-csm.insa-rennes.fr\/stephanefreslon\/wp-json\/wp\/v2\/pages\/14\/revisions\/90"}],"wp:attachment":[{"href":"https:\/\/iscr-csm.insa-rennes.fr\/stephanefreslon\/wp-json\/wp\/v2\/media?parent=14"}],"curies":[{"name":"wp","href":"https:\/\/api.w.org\/{rel}","templated":true}]}}