{"id":11,"date":"2012-10-19T13:02:30","date_gmt":"2012-10-19T12:02:30","guid":{"rendered":"http:\/\/scr-mi.insa-rennes.fr\/stephanefreslon\/?page_id=11"},"modified":"2019-05-09T14:41:15","modified_gmt":"2019-05-09T13:41:15","slug":"activites","status":"publish","type":"page","link":"https:\/\/iscr-csm.insa-rennes.fr\/stephanefreslon\/activites\/","title":{"rendered":"Activit\u00e9s"},"content":{"rendered":"<p>* Participation aux activit\u00e9s de recherche fondamentale du laboratoire.<\/p>\n<p>* Participation technique et r\u00e9dactionnelle aux Contrats Industriels.<\/p>\n<p>* Gestion (technique et exp\u00e9rimentale) des Collaborations (internes INSA &#8211; externes) avec le laboratoire.<\/p>\n<p>* Gestion (technique et r\u00e9daction) des Prestations de Service.<\/p>\n<p>* Maitrise de plusieurs techniques de caract\u00e9risations physico-chimiques (ATG, DRX, MEB, Colorim\u00e9trie, Lyophilisation, Synth\u00e8ses en \u00b5-ondes, Spectroscopie {UV, Vis, IR}&#8230;)<\/p>\n<p>* En charge de la maintenance des \u00e9quipements du laboratoire (ATG, MEB, DSC, IR, Lyophilisateur, Enceinte Climatique&#8230;)<\/p>\n<p>* Gestion des gaz au sein du laboratoire.<\/p>\n","protected":false},"excerpt":{"rendered":"<p>* Participation aux activit\u00e9s de recherche fondamentale du laboratoire. * Participation technique et r\u00e9dactionnelle aux Contrats Industriels. * Gestion (technique et exp\u00e9rimentale) des Collaborations (internes INSA &#8211; externes) avec le laboratoire. * Gestion (technique et &hellip; <a href=\"https:\/\/iscr-csm.insa-rennes.fr\/stephanefreslon\/activites\/\" class=\"more-link\">Lire la suite <span class=\"screen-reader-text\">Activit\u00e9s<\/span> <span class=\"meta-nav\">&rarr;<\/span><\/a><\/p>\n","protected":false},"author":4,"featured_media":0,"parent":0,"menu_order":0,"comment_status":"closed","ping_status":"closed","template":"","meta":{"footnotes":""},"class_list":["post-11","page","type-page","status-publish","hentry"],"jetpack_sharing_enabled":true,"_links":{"self":[{"href":"https:\/\/iscr-csm.insa-rennes.fr\/stephanefreslon\/wp-json\/wp\/v2\/pages\/11","targetHints":{"allow":["GET"]}}],"collection":[{"href":"https:\/\/iscr-csm.insa-rennes.fr\/stephanefreslon\/wp-json\/wp\/v2\/pages"}],"about":[{"href":"https:\/\/iscr-csm.insa-rennes.fr\/stephanefreslon\/wp-json\/wp\/v2\/types\/page"}],"author":[{"embeddable":true,"href":"https:\/\/iscr-csm.insa-rennes.fr\/stephanefreslon\/wp-json\/wp\/v2\/users\/4"}],"replies":[{"embeddable":true,"href":"https:\/\/iscr-csm.insa-rennes.fr\/stephanefreslon\/wp-json\/wp\/v2\/comments?post=11"}],"version-history":[{"count":9,"href":"https:\/\/iscr-csm.insa-rennes.fr\/stephanefreslon\/wp-json\/wp\/v2\/pages\/11\/revisions"}],"predecessor-version":[{"id":66,"href":"https:\/\/iscr-csm.insa-rennes.fr\/stephanefreslon\/wp-json\/wp\/v2\/pages\/11\/revisions\/66"}],"wp:attachment":[{"href":"https:\/\/iscr-csm.insa-rennes.fr\/stephanefreslon\/wp-json\/wp\/v2\/media?parent=11"}],"curies":[{"name":"wp","href":"https:\/\/api.w.org\/{rel}","templated":true}]}}