{"id":5,"date":"2012-10-19T12:16:34","date_gmt":"2012-10-19T11:16:34","guid":{"rendered":"http:\/\/scr-mi.insa-rennes.fr\/olivierguillou\/?page_id=2"},"modified":"2024-09-02T12:38:16","modified_gmt":"2024-09-02T11:38:16","slug":"page-d-exemple-2","status":"publish","type":"page","link":"https:\/\/iscr-csm.insa-rennes.fr\/olivierguillou\/","title":{"rendered":"Olivier Guillou"},"content":{"rendered":"<p><span style=\"color: #000000\"><div id=\"metaslider-id-122\" style=\"max-width: 450px; margin: 0 auto;\" class=\"ml-slider-3-107-0 metaslider metaslider-flex metaslider-122 ml-slider has-dots-nav ms-theme-default\" role=\"region\" aria-label=\"accueil\" data-height=\"400\" data-width=\"450\">\n    <div id=\"metaslider_container_122\">\n        <div id=\"metaslider_122\" class=\"flexslider\">\n            <ul class='slides'>\n                <li style=\"display: block; width: 100%;\" class=\"slide-126 ms-image \" aria-roledescription=\"slide\" data-date=\"2024-09-02 08:54:33\" data-filename=\"Image3-450x400.png\" data-slide-type=\"image\"><img loading=\"lazy\" decoding=\"async\" src=\"https:\/\/iscr-csm.insa-rennes.fr\/olivierguillou\/wp-content\/uploads\/sites\/7\/2021\/12\/Image3-450x400.png\" height=\"400\" width=\"450\" alt=\"\" class=\"slider-122 slide-126 msDefaultImage\" title=\"Image3\" \/><\/li>\n                <li style=\"display: none; width: 100%;\" class=\"slide-150 ms-image \" aria-roledescription=\"slide\" data-date=\"2024-09-02 14:59:50\" data-filename=\"TOC_CB-2-1-450x400.png\" data-slide-type=\"image\"><img loading=\"lazy\" decoding=\"async\" src=\"https:\/\/iscr-csm.insa-rennes.fr\/olivierguillou\/wp-content\/uploads\/sites\/7\/2024\/09\/TOC_CB-2-1-450x400.png\" height=\"400\" width=\"450\" alt=\"\" class=\"slider-122 slide-150 msDefaultImage\" title=\"TOC_CB (2)\" \/><\/li>\n                <li style=\"display: none; width: 100%;\" class=\"slide-139 ms-image \" aria-roledescription=\"slide\" data-date=\"2024-09-02 14:44:47\" data-filename=\"TOC-450x400.png\" data-slide-type=\"image\"><img loading=\"lazy\" decoding=\"async\" src=\"https:\/\/iscr-csm.insa-rennes.fr\/olivierguillou\/wp-content\/uploads\/sites\/7\/2024\/09\/TOC-450x400.png\" height=\"400\" width=\"450\" alt=\"\" class=\"slider-122 slide-139 msDefaultImage\" title=\"TOC\" \/><\/li>\n                <li style=\"display: none; width: 100%;\" class=\"slide-137 ms-image \" aria-roledescription=\"slide\" data-date=\"2024-09-02 14:40:47\" data-filename=\"TOC-450x400.png\" data-slide-type=\"image\"><img loading=\"lazy\" decoding=\"async\" src=\"https:\/\/iscr-csm.insa-rennes.fr\/olivierguillou\/wp-content\/uploads\/sites\/7\/2024\/09\/TOC-450x400.png\" height=\"400\" width=\"450\" alt=\"\" class=\"slider-122 slide-137 msDefaultImage\" title=\"TOC\" \/><\/li>\n                <li style=\"display: none; width: 100%;\" class=\"slide-144 ms-image \" aria-roledescription=\"slide\" data-date=\"2024-09-02 14:51:07\" data-filename=\"Figures-Chloe_12-mai-450x400.png\" data-slide-type=\"image\"><img loading=\"lazy\" decoding=\"async\" src=\"https:\/\/iscr-csm.insa-rennes.fr\/olivierguillou\/wp-content\/uploads\/sites\/7\/2024\/09\/Figures-Chloe_12-mai-450x400.png\" height=\"400\" width=\"450\" alt=\"\" class=\"slider-122 slide-144 msDefaultImage\" title=\"Figures Chlo\u00e9_12 mai\" \/><\/li>\n                <li style=\"display: none; width: 100%;\" class=\"slide-140 ms-image \" aria-roledescription=\"slide\" data-date=\"2024-09-02 14:44:47\" data-filename=\"TOC-1-450x400.png\" data-slide-type=\"image\"><img loading=\"lazy\" decoding=\"async\" src=\"https:\/\/iscr-csm.insa-rennes.fr\/olivierguillou\/wp-content\/uploads\/sites\/7\/2024\/09\/TOC-1-450x400.png\" height=\"400\" width=\"450\" alt=\"\" class=\"slider-122 slide-140 msDefaultImage\" title=\"TOC\" \/><\/li>\n                <li style=\"display: none; width: 100%;\" class=\"slide-128 ms-image \" aria-roledescription=\"slide\" data-date=\"2024-09-02 08:54:33\" data-filename=\"ic1c02662_0016-450x400.gif\" data-slide-type=\"image\"><img loading=\"lazy\" decoding=\"async\" src=\"https:\/\/iscr-csm.insa-rennes.fr\/olivierguillou\/wp-content\/uploads\/sites\/7\/2021\/12\/ic1c02662_0016-450x400.gif\" height=\"400\" width=\"450\" alt=\"\" class=\"slider-122 slide-128 msDefaultImage\" title=\"ic1c02662_0016\" \/><\/li>\n                <li style=\"display: none; width: 100%;\" class=\"slide-125 ms-image \" aria-roledescription=\"slide\" data-date=\"2024-09-02 08:54:33\" data-filename=\"img_001712-scaled-450x400.jpeg\" data-slide-type=\"image\"><img loading=\"lazy\" decoding=\"async\" src=\"https:\/\/iscr-csm.insa-rennes.fr\/olivierguillou\/wp-content\/uploads\/sites\/7\/2021\/12\/img_001712-scaled-450x400.jpeg\" height=\"400\" width=\"450\" alt=\"\" class=\"slider-122 slide-125 msDefaultImage\" title=\"img_001712\" \/><\/li>\n                <li style=\"display: none; width: 100%;\" class=\"slide-142 ms-image \" aria-roledescription=\"slide\" data-date=\"2024-09-02 14:46:24\" data-filename=\"TOC-4-novembre-2022-450x400.png\" data-slide-type=\"image\"><img loading=\"lazy\" decoding=\"async\" src=\"https:\/\/iscr-csm.insa-rennes.fr\/olivierguillou\/wp-content\/uploads\/sites\/7\/2024\/09\/TOC-4-novembre-2022-450x400.png\" height=\"400\" width=\"450\" alt=\"\" class=\"slider-122 slide-142 msDefaultImage\" title=\"TOC 4 novembre 2022\" \/><\/li>\n                <li style=\"display: none; width: 100%;\" class=\"slide-124 ms-image \" aria-roledescription=\"slide\" data-date=\"2024-09-02 08:54:33\" data-filename=\"Image1-450x400.png\" data-slide-type=\"image\"><img loading=\"lazy\" decoding=\"async\" src=\"https:\/\/iscr-csm.insa-rennes.fr\/olivierguillou\/wp-content\/uploads\/sites\/7\/2021\/12\/Image1-450x400.png\" height=\"400\" width=\"450\" alt=\"\" class=\"slider-122 slide-124 msDefaultImage\" title=\"Image1\" \/><\/li>\n                <li style=\"display: none; width: 100%;\" class=\"slide-146 ms-image \" aria-roledescription=\"slide\" data-date=\"2024-09-02 14:51:46\" data-filename=\"Figures-31-aout-450x400.png\" data-slide-type=\"image\"><img loading=\"lazy\" decoding=\"async\" src=\"https:\/\/iscr-csm.insa-rennes.fr\/olivierguillou\/wp-content\/uploads\/sites\/7\/2024\/09\/Figures-31-aout-450x400.png\" height=\"400\" width=\"450\" alt=\"\" class=\"slider-122 slide-146 msDefaultImage\" title=\"Figures 31 aout\" \/><\/li>\n            <\/ul>\n        <\/div>\n        \n    <\/div>\n<\/div><\/span><\/p>\n<p><span style=\"color: #000000\">59 ans<\/span><\/p>\n<p><span style=\"color: #000000\"><strong>Situation actuelle :<\/strong><\/span><br \/>\n<span style=\"color: #000000\">Professeur des Universit\u00e9s (PUCE2) \u00e0 l&rsquo;Institut National des Sciences Appliqu\u00e9es de Rennes (2001-)<\/span><br \/>\n<span style=\"color: #000000\">Membre de l&rsquo;\u00e9quipe \u00ab\u00a0Chimie du Solide et Mat\u00e9riaux\u00a0\u00bb de l&rsquo;UMR 6226 \u00ab\u00a0Institut des Sciences Chimiques de Rennes\u00a0\u00bb<br \/>\nMembre s\u00e9nior de l&rsquo;IUF Chaire \u00ab\u00a0Innovation\u00a0\u00bb (2023)<br \/>\n<\/span><\/p>\n<p><span style=\"color: #000000;font-size: 12pt\">&gt;B\u00e9n\u00e9ficiaire de la PEDR (2019-2023)<\/span><br \/>\n<span style=\"color: #000000;font-size: 12pt\">&gt; Directeur du laboratoire commun ChemInTag INSA\/Olnica\/CNRS (2019-2024)<\/span><br \/>\n<span style=\"color: #000000;font-size: 12pt\">&gt; Directeur adjoint \u00e0 la valorisation de la recherche (2023-)<\/span><br \/>\n<span style=\"font-size: 12pt\"><span style=\"color: #000000\">&gt; Vice-Pr\u00e9sident du Conseil Scientifique de l&rsquo;INSA (2016-)<br \/>\n&gt; Membre de la commission de la recherche du conseil acad\u00e9mique de l&rsquo;Universit\u00e9 de Rennes (EPE) (2023-)<br \/>\n<\/span><span style=\"color: #000000\">&gt;Administrateur de la SATT \u00ab\u00a0Ouest Valorisation\u00a0\u00bb (2017-)<\/span><\/span><br \/>\n<span style=\"color: #000000;font-size: 12pt\">&gt;Membre de la commission de d\u00e9ontologie Bretagne &#8211; Pays de la Loire<\/span><br \/>\n<span style=\"color: #000000\"><span style=\"font-size: 12pt\">pour la mobilit\u00e9 public \u2013 priv\u00e9 (2020-)<\/span><br \/>\n<span style=\"font-size: 12pt\">&gt;Membre du comit\u00e9 de direction du PUI \u00ab\u00a0Campus de l&rsquo;Innovation de l&rsquo;Universit\u00e9 de Rennes\u00a0\u00bb (2023-)<\/span><br \/>\n<\/span><\/p>\n<p><strong><span style=\"color: #000000\">Production scientifique :<\/span><\/strong><br \/>\n<span style=\"color: #000000\">&gt; 165 publications ,\u00a0 &gt;5600 citations, h=44<\/span><br \/>\n<span style=\"color: #000000\">&gt; 29 brevets (9 familles) \u2013 5 licences \u2013 Co-fondateur de la soci\u00e9t\u00e9 Olnica<\/span><br \/>\n<span style=\"color: #000000\">&gt; Direction ou co-direction de 24 th\u00e8ses soutenues (+ 2 en cours)<br \/>\n<\/span><span style=\"color: #000000\">&gt; Co-fondateur de 2 laboratoires communs (LumCod 2015-2019) &amp; ChemInTag (2019-))<\/span><\/p>\n<p><span style=\"color: #000000\"><strong>Cursus :<\/strong><\/span><br \/>\n<span style=\"color: #000000\"><strong>&gt;<\/strong> 1992 Doctorat de l&rsquo;Universit\u00e9 de Paris XI (Orsay) \u2013 Directeur : Pr. Olivier Kahn<\/span><br \/>\n<span style=\"color: #000000\"><strong>&gt;<\/strong> 1999 Habilitation \u00e0 diriger des recherches de l&rsquo;Universit\u00e9 de Rennes 1<\/span><\/p>\n<p><span style=\"color: #000000\"><strong>Exp\u00e9riences professionnelles :<\/strong><\/span><br \/>\n<span style=\"color: #000000\"><strong>&gt;<\/strong> 1987-88 Stage de recherche de 14 mois \u00e0 l&rsquo;Universit\u00e9 de Florence \u2013 Directeur : Pr. Dante Gatteschi \u2013 Financement de la communaut\u00e9 europ\u00e9enne<\/span><br \/>\n<span style=\"color: #000000\"><strong>&gt;<\/strong> 1992-93 Stage post-doctoral au Centre de Recherche d&rsquo;Aubervilliers de Rh\u00f4dia. \u2013 Responsable : Dr. Jean-Louis Sabot.<\/span><br \/>\n<span style=\"color: #000000\"><strong>&gt;<\/strong> 1993-94 ATER \u00e0 l&rsquo;Universit\u00e9 de Paris XI (Orsay) \u2013 Directeur : Pr. Olivier Kahn.<\/span><br \/>\n<span style=\"color: #000000\"><strong>&gt;<\/strong> 1994-2001 Ma\u00eetre de Conf\u00e9rences \u00e0 l&rsquo;INSA de Rennes<\/span><\/p>\n","protected":false},"excerpt":{"rendered":"<p>59 ans Situation actuelle : Professeur des Universit\u00e9s (PUCE2) \u00e0 l&rsquo;Institut National des Sciences Appliqu\u00e9es de Rennes (2001-) Membre de l&rsquo;\u00e9quipe \u00ab\u00a0Chimie du Solide et Mat\u00e9riaux\u00a0\u00bb de l&rsquo;UMR 6226 \u00ab\u00a0Institut des Sciences Chimiques de Rennes\u00a0\u00bb &hellip; <a href=\"https:\/\/iscr-csm.insa-rennes.fr\/olivierguillou\/\" class=\"more-link\">Lire la suite <span class=\"screen-reader-text\">Olivier Guillou<\/span> <span class=\"meta-nav\">&rarr;<\/span><\/a><\/p>\n","protected":false},"author":3,"featured_media":0,"parent":0,"menu_order":0,"comment_status":"closed","ping_status":"closed","template":"","meta":{"footnotes":""},"class_list":["post-5","page","type-page","status-publish","hentry"],"jetpack_sharing_enabled":true,"_links":{"self":[{"href":"https:\/\/iscr-csm.insa-rennes.fr\/olivierguillou\/wp-json\/wp\/v2\/pages\/5","targetHints":{"allow":["GET"]}}],"collection":[{"href":"https:\/\/iscr-csm.insa-rennes.fr\/olivierguillou\/wp-json\/wp\/v2\/pages"}],"about":[{"href":"https:\/\/iscr-csm.insa-rennes.fr\/olivierguillou\/wp-json\/wp\/v2\/types\/page"}],"author":[{"embeddable":true,"href":"https:\/\/iscr-csm.insa-rennes.fr\/olivierguillou\/wp-json\/wp\/v2\/users\/3"}],"replies":[{"embeddable":true,"href":"https:\/\/iscr-csm.insa-rennes.fr\/olivierguillou\/wp-json\/wp\/v2\/comments?post=5"}],"version-history":[{"count":25,"href":"https:\/\/iscr-csm.insa-rennes.fr\/olivierguillou\/wp-json\/wp\/v2\/pages\/5\/revisions"}],"predecessor-version":[{"id":132,"href":"https:\/\/iscr-csm.insa-rennes.fr\/olivierguillou\/wp-json\/wp\/v2\/pages\/5\/revisions\/132"}],"wp:attachment":[{"href":"https:\/\/iscr-csm.insa-rennes.fr\/olivierguillou\/wp-json\/wp\/v2\/media?parent=5"}],"curies":[{"name":"wp","href":"https:\/\/api.w.org\/{rel}","templated":true}]}}