{"id":10,"date":"2012-10-19T13:22:42","date_gmt":"2012-10-19T12:22:42","guid":{"rendered":"http:\/\/scr-mi.insa-rennes.fr\/olivierguillou\/?page_id=10"},"modified":"2024-09-02T12:42:05","modified_gmt":"2024-09-02T11:42:05","slug":"responsabilites","status":"publish","type":"page","link":"https:\/\/iscr-csm.insa-rennes.fr\/olivierguillou\/responsabilites\/","title":{"rendered":"Responsabilit\u00e9s"},"content":{"rendered":"<p><span style=\"color: #000000\">Directeur adjoint \u00e0 la valorisation de la recherche (2023-)<\/span><br \/>\n<span style=\"color: #000000\">Vice-Pr\u00e9sident du Conseil Scientifique de l&rsquo;INSA (2016-)<br \/>\n<\/span><\/p>\n<p><span style=\"color: #000000\">Membre du Conseil Scientifique de l&rsquo;INSA de Rennes (1998-2006 ; 2010-)<\/span><span style=\"color: #000000\">Membre du Comit\u00e9 Strat\u00e9gique de la soci\u00e9t\u00e9 Olnica (2010-)<br \/>\nMembre de la commission de la recherche du conseil acad\u00e9mique de l&rsquo;Universit\u00e9 de Rennes (EPE) (2023-)<br \/>\n<\/span><span style=\"color: #000000\">Membre du CA de la SATT Ouest Valorisation (2017-)<br \/>\nMembre du bureau du Campus de l&rsquo;Innovation du site rennais (2020-2023)<br \/>\nMembre du CODIR du PUI \u00ab\u00a0Campus de l&rsquo;Innovation de l&rsquo;Universit\u00e9 de Rennes (2023-)<br \/>\n<\/span><span style=\"color: #000000\">Membre du Comit\u00e9 Ex\u00e9cutif de la PFT G\u00e9nie Civil et G\u00e9nie M\u00e9canique (2016-)<br \/>\nMembre de la Commission de D\u00e9ontologie Bretagne-Pays de Loire pour la mobilit\u00e9 Public-Priv\u00e9 (2019-)<br \/>\nMembre du Conseil Strat\u00e9gique de Valorisation Bretagne-Pays de Loire (2015-)<br \/>\nMembre du GT \u00ab\u00a0Relations Industrielles\u00a0\u00bb de l&rsquo;UMR ISCR (2019-)<br \/>\nMembre de la CPE et de la CCPANT de l&rsquo;INSA Rennes (2015-)<br \/>\n<\/span><span style=\"color: #000000\"><br \/>\n<strong>Responsabilit\u00e9s pass\u00e9es.<\/strong><br \/>\nFondateur (2000) puis responsable (2000-2020) de la composante INSA de l&rsquo;\u00e9quipe \u00ab\u00a0Chimie du Solide et Mat\u00e9riaux\u00a0\u00bb de l&rsquo;UMR ISCR<br \/>\nCharg\u00e9 de Mission \u00ab\u00a0Valorisation\u00a0\u00bb \u00e0 l&rsquo;INSA Rennes (2015-2022)<br \/>\nMembre du \u00ab\u00a0Comit\u00e9 d&rsquo;expertise et de s\u00e9lection\u00a0\u00bb de Bretagne Valorisation (2006-2012)<br \/>\nMembre du Conseil Scientifique de la Soci\u00e9t\u00e9 I-KR (2012-2018)<br \/>\nDirecteur du laboratoire commun INSA Rennes\/I-KR\/CNRS (2015-2018)<br \/>\nB\u00e9n\u00e9ficiaire du \u00ab\u00a0concours scientifique\u00a0\u00bb pour la soci\u00e9t\u00e9 Olnica (2010-2020)<br \/>\nMembre du bureau de l&rsquo;\u00e9quipe \u00ab\u00a0Chimie du Solide et Mat\u00e9riaux de l&rsquo;UMR ISCR (2010-2020)<br \/>\nDirecteur du laboratoire commun INSA Rennes\/Olnica\/CNRS ChemInTag (2019-2024)<br \/>\n<\/span><\/p>\n<p>&nbsp;<\/p>\n","protected":false},"excerpt":{"rendered":"<p>Directeur adjoint \u00e0 la valorisation de la recherche (2023-) Vice-Pr\u00e9sident du Conseil Scientifique de l&rsquo;INSA (2016-) Membre du Conseil Scientifique de l&rsquo;INSA de Rennes (1998-2006 ; 2010-)Membre du Comit\u00e9 Strat\u00e9gique de la soci\u00e9t\u00e9 Olnica (2010-) &hellip; <a href=\"https:\/\/iscr-csm.insa-rennes.fr\/olivierguillou\/responsabilites\/\" class=\"more-link\">Lire la suite <span class=\"screen-reader-text\">Responsabilit\u00e9s<\/span> <span class=\"meta-nav\">&rarr;<\/span><\/a><\/p>\n","protected":false},"author":3,"featured_media":0,"parent":0,"menu_order":0,"comment_status":"closed","ping_status":"closed","template":"","meta":{"footnotes":""},"class_list":["post-10","page","type-page","status-publish","hentry"],"jetpack_sharing_enabled":true,"_links":{"self":[{"href":"https:\/\/iscr-csm.insa-rennes.fr\/olivierguillou\/wp-json\/wp\/v2\/pages\/10","targetHints":{"allow":["GET"]}}],"collection":[{"href":"https:\/\/iscr-csm.insa-rennes.fr\/olivierguillou\/wp-json\/wp\/v2\/pages"}],"about":[{"href":"https:\/\/iscr-csm.insa-rennes.fr\/olivierguillou\/wp-json\/wp\/v2\/types\/page"}],"author":[{"embeddable":true,"href":"https:\/\/iscr-csm.insa-rennes.fr\/olivierguillou\/wp-json\/wp\/v2\/users\/3"}],"replies":[{"embeddable":true,"href":"https:\/\/iscr-csm.insa-rennes.fr\/olivierguillou\/wp-json\/wp\/v2\/comments?post=10"}],"version-history":[{"count":9,"href":"https:\/\/iscr-csm.insa-rennes.fr\/olivierguillou\/wp-json\/wp\/v2\/pages\/10\/revisions"}],"predecessor-version":[{"id":134,"href":"https:\/\/iscr-csm.insa-rennes.fr\/olivierguillou\/wp-json\/wp\/v2\/pages\/10\/revisions\/134"}],"wp:attachment":[{"href":"https:\/\/iscr-csm.insa-rennes.fr\/olivierguillou\/wp-json\/wp\/v2\/media?parent=10"}],"curies":[{"name":"wp","href":"https:\/\/api.w.org\/{rel}","templated":true}]}}