{"id":98,"date":"2016-10-24T15:49:42","date_gmt":"2016-10-24T14:49:42","guid":{"rendered":"https:\/\/iscr-csm.insa-rennes.fr\/doctorants\/?page_id=98"},"modified":"2019-03-20T10:21:51","modified_gmt":"2019-03-20T09:21:51","slug":"ahmadabdallah","status":"publish","type":"page","link":"https:\/\/iscr-csm.insa-rennes.fr\/non-permanents\/ahmadabdallah\/","title":{"rendered":"Ahmad Abdallah"},"content":{"rendered":"<p>Libanais, 23 ans<br \/>\n<a href=\"mailto:Ahmad.Abdallah@insa-rennes.fr\">Ahmad.Abdallah@insa-rennes.fr<\/a><\/p>\n<p><strong>FORMATIONS DOCTORALES<br \/>\n<\/strong>Chimie Inorganique Mol\u00e9culaire (Olivier Guillou)<br \/>\nPhysique des Mat\u00e9riaux Mol\u00e9culaires (Olivier Cador)<\/p>\n<p><strong>FORMATION<\/strong><br \/>\n2016 &#8211; En cours : Doctorat en chimie inorganique et mat\u00e9riaux hybrides<br \/>\nINSA Rennes<br \/>\n2015 -2016 : Master 2R Chimie Inorganique (Surface-mol\u00e9cules et Nano-objets)<br \/>\nUniversit\u00e9 Paris-Sud \u2013 Saclay (Ecole Polytechnique \u2013 ENS \u2013 UVSQ)<br \/>\n2014 &#8211; 2015 : Master 1 Chimie &#8211; Physique Universit\u00e9 Libanaise, Facult\u00e9 des Sciences I, Hadath (Mont Liban)<br \/>\n2011 \u2013 2014 : Obtention d\u2019une Licence Chimie G\u00e9n\u00e9rale<br \/>\nUniversit\u00e9 Libanaise, Facult\u00e9 des Sciences I, Hadath (Mont Liban)<br \/>\n2010 &#8211; 2011 : Obtention du Baccalaur\u00e9at Science de la Vie<br \/>\nLyc\u00e9e Hassan Kamel Sabah, Nabatieh (Sud du Liban)<\/p>\n<p><strong>EXPERIENCES PROFESSIONNELLES<\/strong><br \/>\nF\u00e9vrier &#8211; Juillet 2016 : Institut Lavoisier de Versailles &#8211; ICMMO<br \/>\nStage : \u2018Synth\u00e8se et \u00e9tude de r\u00e9seaux de coordination 2D fonctionnels\u2019<br \/>\n&#8211; Caract\u00e9risations par DRX solide et microscopie en champs proches (\u00e9lectronique)<br \/>\n&#8211; Etude de propri\u00e9t\u00e9s magn\u00e9tiques et conductivit\u00e9 des nanofeuillets<br \/>\nEncadrement acad\u00e9mique : Pr. MALLAH Talal ( talal.mallah@u-psud.fr)<br \/>\n2013 &#8211; 2014 : Rapport intitul\u00e9 \u00ab\u00a0Poly-sulfone\u00a0\u00bb<br \/>\n&#8211; Vue historique et M\u00e9thode de synth\u00e8se<br \/>\n&#8211; Propri\u00e9t\u00e9s physiques et chimiques, et Domaines d\u2019application.<br \/>\n2010 &#8211; 2015 : Cours particuliers en mati\u00e8res scientifiques pour des lyc\u00e9ens et coll\u00e9giens<br \/>\n&#8211; Sens p\u00e9dagogique, responsabilit\u00e9, adaptabilit\u00e9 et autonomie<\/p>\n<p><strong>COMPETENCES SCIENTIFIQUES<\/strong><br \/>\nMat\u00e9riaux multifonctionnels hybrides, Cristallochimie, Th\u00e9orie des groupes, Chimie des solides, Chimie de surface, Nanoparticules, Magn\u00e9tisme, Chimie verte, Polym\u00e8re, Industriel<\/p>\n<p><strong>TECHNIQUES D&rsquo;ANALYSE<\/strong><br \/>\nAnalyses de spectres : Infra-rouge (IRTF), RMN 1D (1H, 13C), GC\/MS, EELS<br \/>\nMicroscopie en champs proches : AFM, NanoIR, SThM, STM, MFM, MEB, MET<br \/>\nAnalyses thermiques : ATG ; Analyses chimiques et rh\u00e9ologiques<br \/>\nAnalyses des solides : BET, DRX, Synchrotron<\/p>\n<p><a href=\"https:\/\/iscr-csm.insa-rennes.fr\/doctorants\/wp-content\/uploads\/sites\/10\/2016\/10\/Poster-Ahmad-1.pdf\">Poster Ahmad 2016<\/a><\/p>\n<hr>\n<p><a href=\"https:\/\/iscr-csm.insa-rennes.fr\/non-permanents\">Les non-permanents du groupe<\/a><\/p>\n","protected":false},"excerpt":{"rendered":"<p>Libanais, 23 ans Ahmad.Abdallah@insa-rennes.fr FORMATIONS DOCTORALES Chimie Inorganique Mol\u00e9culaire (Olivier Guillou) Physique des Mat\u00e9riaux Mol\u00e9culaires (Olivier Cador) FORMATION 2016 &#8211; En cours : Doctorat en chimie inorganique et mat\u00e9riaux hybrides INSA Rennes 2015 -2016 : &hellip; <a href=\"https:\/\/iscr-csm.insa-rennes.fr\/non-permanents\/ahmadabdallah\/\" class=\"more-link\">Lire la suite <span class=\"screen-reader-text\">Ahmad Abdallah<\/span> <span class=\"meta-nav\">&rarr;<\/span><\/a><\/p>\n","protected":false},"author":1,"featured_media":0,"parent":0,"menu_order":0,"comment_status":"closed","ping_status":"closed","template":"","meta":{"footnotes":""},"class_list":["post-98","page","type-page","status-publish","hentry"],"jetpack_sharing_enabled":true,"_links":{"self":[{"href":"https:\/\/iscr-csm.insa-rennes.fr\/non-permanents\/wp-json\/wp\/v2\/pages\/98","targetHints":{"allow":["GET"]}}],"collection":[{"href":"https:\/\/iscr-csm.insa-rennes.fr\/non-permanents\/wp-json\/wp\/v2\/pages"}],"about":[{"href":"https:\/\/iscr-csm.insa-rennes.fr\/non-permanents\/wp-json\/wp\/v2\/types\/page"}],"author":[{"embeddable":true,"href":"https:\/\/iscr-csm.insa-rennes.fr\/non-permanents\/wp-json\/wp\/v2\/users\/1"}],"replies":[{"embeddable":true,"href":"https:\/\/iscr-csm.insa-rennes.fr\/non-permanents\/wp-json\/wp\/v2\/comments?post=98"}],"version-history":[{"count":7,"href":"https:\/\/iscr-csm.insa-rennes.fr\/non-permanents\/wp-json\/wp\/v2\/pages\/98\/revisions"}],"predecessor-version":[{"id":180,"href":"https:\/\/iscr-csm.insa-rennes.fr\/non-permanents\/wp-json\/wp\/v2\/pages\/98\/revisions\/180"}],"wp:attachment":[{"href":"https:\/\/iscr-csm.insa-rennes.fr\/non-permanents\/wp-json\/wp\/v2\/media?parent=98"}],"curies":[{"name":"wp","href":"https:\/\/api.w.org\/{rel}","templated":true}]}}