{"id":78,"date":"2015-11-17T11:24:58","date_gmt":"2015-11-17T10:24:58","guid":{"rendered":"https:\/\/iscr-csm.insa-rennes.fr\/doctorants\/?page_id=78"},"modified":"2019-03-20T10:25:00","modified_gmt":"2019-03-20T09:25:00","slug":"marinpuget","status":"publish","type":"page","link":"https:\/\/iscr-csm.insa-rennes.fr\/non-permanents\/marinpuget\/","title":{"rendered":"Marin Puget"},"content":{"rendered":"<p style=\"text-align: center;\"><em><strong>Informations g\u00e9n\u00e9rales<\/strong><\/em><\/p>\n<p><strong>Date et lieu de naissance<\/strong>&nbsp;<strong>:<\/strong> 22 juin 1992 \u00e0 Nantes<\/p>\n<p style=\"text-align: center;\"><strong><em>Formation<\/em><\/strong><\/p>\n<p style=\"text-align: left;\"><strong>2010 :<\/strong>&nbsp;Obtention du baccalaur\u00e9at scientifique sp\u00e9cialit\u00e9 physique\/chimie (Lyc\u00e9e Cl\u00e9menceau, Nantes)<\/p>\n<p style=\"text-align: left;\"><strong>2011-2013 :<\/strong>&nbsp;Licence de chimie (facult\u00e9 des sciences de Nantes)<\/p>\n<p style=\"text-align: left;\"><strong>2013-2015 :<\/strong>&nbsp;Master 2&nbsp;<strong><em>A<\/em><\/strong>nalyse et <em><strong>C<\/strong><\/em>ontr\u00f4le : des <em><strong>B<\/strong><\/em>iomol\u00e9cules aux <strong><em>P<\/em><\/strong>roduits <strong><em>I<\/em><\/strong>ndustriels (facult\u00e9 des sciences de Nantes)<\/p>\n<p style=\"text-align: left;\"><strong>2015-2018 :<\/strong> Doctorat en chimie des mat\u00e9riaux au sein de la composante INSA de l&rsquo;\u00e9quipe CSM sur le sujet \u00ab\u00a0<em>Synergie magn\u00e9to-optique dans des polym\u00e8res de coordination \u00e0 base de lanthanide<\/em>\u00ab\u00a0<\/p>\n<p style=\"text-align: center;\"><em><strong>Exp\u00e9riences professionnelles<\/strong><\/em><\/p>\n<p style=\"text-align: left;\"><strong>2011-2014 :<\/strong> Responsable d&rsquo;\u00e9quipe chez RGIS (soci\u00e9t\u00e9 sp\u00e9cialis\u00e9e dans les inventaires de grands enseignes)<\/p>\n<p style=\"text-align: left;\"><strong>2013 (2 mois) :<\/strong>&nbsp;Stage de licence \u00e0 l&rsquo;IRD de Brest sur l&rsquo;analyse de la salinit\u00e9, de la concentration en sulfates et en O2 dissous dans l&rsquo;eau de mer. Participation \u00e0 une campagne oc\u00e9anographique de 4 semaines dans le golf de Guin\u00e9e<\/p>\n<p style=\"text-align: left;\"><strong>2014-2015 (2x5mois) :<\/strong> Stage de M1 et M2 en laboratoire de recherche sur la synth\u00e8se et la caract\u00e9risation de nouveaux polyoxom\u00e9tallates hybrides pour l&rsquo;\u00e9laboration de m\u00e9moires optiques (<em><strong>I<\/strong><\/em>nstitut des <em><strong>M<\/strong><\/em>at\u00e9riaux de <strong><em>N<\/em><\/strong>antes)<\/p>\n<p style=\"text-align: left;\"><strong>2011-2013 :<\/strong> Cours particuliers \u00e0 un \u00e9l\u00e8ve de niveau coll\u00e8ge\/lyc\u00e9e<\/p>\n<p style=\"text-align: center;\"><em><strong>Publication<\/strong><\/em><\/p>\n<p style=\"text-align: left;\">Oms, O.; Benali, T.; Marrot, J.; Mialane, P.; Puget, M.; Serier-Brault, H.; Deniard, P.; Dessapt, R.; Dolbecq, A. Fully Oxidized and Mixed-Valent Polyoxomolybdates Structured by Bisphosphonates with Pendant Pyridine Groups: Synthesis, Structure and Photochromic Properties. <em>Inorganics<\/em> <b>2015<\/b>, <em>3<\/em>, 279-294.<\/p>\n<hr>\n<p style=\"text-align: left;\"><a href=\"https:\/\/iscr-csm.insa-rennes.fr\/non-permanents\">Les non-permanents du groupe<\/a><\/p>\n","protected":false},"excerpt":{"rendered":"<p>Informations g\u00e9n\u00e9rales Date et lieu de naissance&nbsp;: 22 juin 1992 \u00e0 Nantes Formation 2010 :&nbsp;Obtention du baccalaur\u00e9at scientifique sp\u00e9cialit\u00e9 physique\/chimie (Lyc\u00e9e Cl\u00e9menceau, Nantes) 2011-2013 :&nbsp;Licence de chimie (facult\u00e9 des sciences de Nantes) 2013-2015 :&nbsp;Master 2&nbsp;Analyse &hellip; <a href=\"https:\/\/iscr-csm.insa-rennes.fr\/non-permanents\/marinpuget\/\" class=\"more-link\">Lire la suite <span class=\"screen-reader-text\">Marin Puget<\/span> <span class=\"meta-nav\">&rarr;<\/span><\/a><\/p>\n","protected":false},"author":1,"featured_media":0,"parent":0,"menu_order":0,"comment_status":"closed","ping_status":"closed","template":"","meta":{"footnotes":""},"class_list":["post-78","page","type-page","status-publish","hentry"],"jetpack_sharing_enabled":true,"_links":{"self":[{"href":"https:\/\/iscr-csm.insa-rennes.fr\/non-permanents\/wp-json\/wp\/v2\/pages\/78","targetHints":{"allow":["GET"]}}],"collection":[{"href":"https:\/\/iscr-csm.insa-rennes.fr\/non-permanents\/wp-json\/wp\/v2\/pages"}],"about":[{"href":"https:\/\/iscr-csm.insa-rennes.fr\/non-permanents\/wp-json\/wp\/v2\/types\/page"}],"author":[{"embeddable":true,"href":"https:\/\/iscr-csm.insa-rennes.fr\/non-permanents\/wp-json\/wp\/v2\/users\/1"}],"replies":[{"embeddable":true,"href":"https:\/\/iscr-csm.insa-rennes.fr\/non-permanents\/wp-json\/wp\/v2\/comments?post=78"}],"version-history":[{"count":5,"href":"https:\/\/iscr-csm.insa-rennes.fr\/non-permanents\/wp-json\/wp\/v2\/pages\/78\/revisions"}],"predecessor-version":[{"id":187,"href":"https:\/\/iscr-csm.insa-rennes.fr\/non-permanents\/wp-json\/wp\/v2\/pages\/78\/revisions\/187"}],"wp:attachment":[{"href":"https:\/\/iscr-csm.insa-rennes.fr\/non-permanents\/wp-json\/wp\/v2\/media?parent=78"}],"curies":[{"name":"wp","href":"https:\/\/api.w.org\/{rel}","templated":true}]}}