{"id":42,"date":"2013-10-21T08:36:58","date_gmt":"2013-10-21T07:36:58","guid":{"rendered":"https:\/\/iscr-csm.insa-rennes.fr\/doctorants\/?page_id=42"},"modified":"2019-03-20T10:25:21","modified_gmt":"2019-03-20T09:25:21","slug":"ganghuang","status":"publish","type":"page","link":"https:\/\/iscr-csm.insa-rennes.fr\/non-permanents\/ganghuang\/","title":{"rendered":"Gang Huang"},"content":{"rendered":"<p style=\"text-align: left;\">n\u00e9 le&nbsp; 06 d\u00e9cembre 1987, \u00e0 Xi&rsquo;an<\/p>\n<p>Soutenance le <strong>31 mars 2017<\/strong><\/p>\n<hr>\n<p><a href=\"https:\/\/iscr-csm.insa-rennes.fr\/non-permanents\/\">Les non-permanents du groupe<\/a><\/p>\n","protected":false},"excerpt":{"rendered":"<p>n\u00e9 le&nbsp; 06 d\u00e9cembre 1987, \u00e0 Xi&rsquo;an Soutenance le 31 mars 2017 Les non-permanents du groupe<\/p>\n","protected":false},"author":1,"featured_media":0,"parent":0,"menu_order":0,"comment_status":"closed","ping_status":"closed","template":"","meta":{"footnotes":""},"class_list":["post-42","page","type-page","status-publish","hentry"],"jetpack_sharing_enabled":true,"_links":{"self":[{"href":"https:\/\/iscr-csm.insa-rennes.fr\/non-permanents\/wp-json\/wp\/v2\/pages\/42","targetHints":{"allow":["GET"]}}],"collection":[{"href":"https:\/\/iscr-csm.insa-rennes.fr\/non-permanents\/wp-json\/wp\/v2\/pages"}],"about":[{"href":"https:\/\/iscr-csm.insa-rennes.fr\/non-permanents\/wp-json\/wp\/v2\/types\/page"}],"author":[{"embeddable":true,"href":"https:\/\/iscr-csm.insa-rennes.fr\/non-permanents\/wp-json\/wp\/v2\/users\/1"}],"replies":[{"embeddable":true,"href":"https:\/\/iscr-csm.insa-rennes.fr\/non-permanents\/wp-json\/wp\/v2\/comments?post=42"}],"version-history":[{"count":10,"href":"https:\/\/iscr-csm.insa-rennes.fr\/non-permanents\/wp-json\/wp\/v2\/pages\/42\/revisions"}],"predecessor-version":[{"id":188,"href":"https:\/\/iscr-csm.insa-rennes.fr\/non-permanents\/wp-json\/wp\/v2\/pages\/42\/revisions\/188"}],"wp:attachment":[{"href":"https:\/\/iscr-csm.insa-rennes.fr\/non-permanents\/wp-json\/wp\/v2\/media?parent=42"}],"curies":[{"name":"wp","href":"https:\/\/api.w.org\/{rel}","templated":true}]}}