{"id":310,"date":"2023-09-07T15:21:14","date_gmt":"2023-09-07T14:21:14","guid":{"rendered":"https:\/\/iscr-csm.insa-rennes.fr\/non-permanents\/?page_id=310"},"modified":"2023-09-07T16:09:01","modified_gmt":"2023-09-07T15:09:01","slug":"thibautmorvan","status":"publish","type":"page","link":"https:\/\/iscr-csm.insa-rennes.fr\/non-permanents\/thibautmorvan\/","title":{"rendered":"Thibaut Morvan"},"content":{"rendered":"<h1>Contact<\/h1>\n<p><strong>Institut des Sciences Chimiques de Rennes (FR) \u2013 UMR CNRS 6226<br \/>\nINSA-Rennes, Building 11<\/strong><br \/>\n20 avenue des Buttes de Coesmes<br \/>\nCS 70839, 35708 RENNES Cedex 7, France<br \/>\n<a href=\"mailto:Thibaut.Morvan@insa-rennes.fr\">Thibaut.Morvan@insa-rennes.fr<\/a><\/p>\n<h1>Cursus<\/h1>\n<h5><span dir=\"ltr\" role=\"presentation\">Doctorat en chimie inorganique (Septembre 2022 \u2013 Aujourd&rsquo;hui)<\/span><\/h5>\n<p><span dir=\"ltr\" role=\"presentation\">Th\u00e8se CIFRE avec OLNICA Trace (Chantepie, France).<br \/>\n<\/span><span dir=\"ltr\" role=\"presentation\">INSA Rennes, France.<\/span><\/p>\n<p>Sujet : D\u00e9veloppement de polym\u00e8res de coordination \u00e0 base de terres rares sous forme de particules \u00ab coeur-coquille \u00bb utilisables comme marqueurs luminescents.<\/p>\n<h5>Master chimie du solide et des mat\u00e9riaux (2020 &#8211; 2022)<\/h5>\n<p>Universit\u00e9 de Rennes 1, Rennes, France<\/p>\n<h1><span dir=\"ltr\" role=\"presentation\">PUBLICATIONS<\/span><\/h1>\n<div>Blais, C.; Morvan, T.; Daiguebonne, C.; Suffren, Y.; Calvez, G.; Bernot, K.; Guillou, O. Lanthanide-Based Coordination Polymers Molecular Alloys Stability: A thermochemical Approach. <span class=\"cit-title\"><i>Inorg. Chem.<\/i><\/span>\u00a0<strong><span class=\"cit-year-info\">2023<\/span><\/strong><span class=\"cit-volume\">\u00a062<\/span><span class=\"cit-issue\">\u00a0(11)<\/span><span class=\"cit-pageRange\">, 4495-4502. <a href=\"https:\/\/doi.org\/10.1021\/acs.inorgchem.2c04198\">https:\/\/doi.org\/10.1021\/acs.inorgchem.2c04198<\/a><\/span><\/div>\n<hr \/>\n<p><a href=\"https:\/\/iscr-csm.insa-rennes.fr\/non-permanents\">Les non-permanents du groupe<\/a><\/p>\n","protected":false},"excerpt":{"rendered":"<p>Contact Institut des Sciences Chimiques de Rennes (FR) \u2013 UMR CNRS 6226 INSA-Rennes, Building 11 20 avenue des Buttes de Coesmes CS 70839, 35708 RENNES Cedex 7, France Thibaut.Morvan@insa-rennes.fr Cursus Doctorat en chimie inorganique (Septembre &hellip; <a href=\"https:\/\/iscr-csm.insa-rennes.fr\/non-permanents\/thibautmorvan\/\" class=\"more-link\">Lire la suite <span class=\"screen-reader-text\">Thibaut Morvan<\/span> <span class=\"meta-nav\">&rarr;<\/span><\/a><\/p>\n","protected":false},"author":1,"featured_media":0,"parent":0,"menu_order":0,"comment_status":"closed","ping_status":"closed","template":"","meta":{"footnotes":""},"class_list":["post-310","page","type-page","status-publish","hentry"],"jetpack_sharing_enabled":true,"_links":{"self":[{"href":"https:\/\/iscr-csm.insa-rennes.fr\/non-permanents\/wp-json\/wp\/v2\/pages\/310","targetHints":{"allow":["GET"]}}],"collection":[{"href":"https:\/\/iscr-csm.insa-rennes.fr\/non-permanents\/wp-json\/wp\/v2\/pages"}],"about":[{"href":"https:\/\/iscr-csm.insa-rennes.fr\/non-permanents\/wp-json\/wp\/v2\/types\/page"}],"author":[{"embeddable":true,"href":"https:\/\/iscr-csm.insa-rennes.fr\/non-permanents\/wp-json\/wp\/v2\/users\/1"}],"replies":[{"embeddable":true,"href":"https:\/\/iscr-csm.insa-rennes.fr\/non-permanents\/wp-json\/wp\/v2\/comments?post=310"}],"version-history":[{"count":6,"href":"https:\/\/iscr-csm.insa-rennes.fr\/non-permanents\/wp-json\/wp\/v2\/pages\/310\/revisions"}],"predecessor-version":[{"id":319,"href":"https:\/\/iscr-csm.insa-rennes.fr\/non-permanents\/wp-json\/wp\/v2\/pages\/310\/revisions\/319"}],"wp:attachment":[{"href":"https:\/\/iscr-csm.insa-rennes.fr\/non-permanents\/wp-json\/wp\/v2\/media?parent=310"}],"curies":[{"name":"wp","href":"https:\/\/api.w.org\/{rel}","templated":true}]}}