{"id":27,"date":"2012-10-19T12:36:04","date_gmt":"2012-10-19T11:36:04","guid":{"rendered":"http:\/\/scr-mi.insa-rennes.fr\/doctorants\/?page_id=27"},"modified":"2026-01-05T11:06:34","modified_gmt":"2026-01-05T10:06:34","slug":"accueil","status":"publish","type":"page","link":"https:\/\/iscr-csm.insa-rennes.fr\/non-permanents\/","title":{"rendered":"Accueil"},"content":{"rendered":"<p>Ces pages sont d\u00e9di\u00e9es aux membres non-permanents du labo de chimie de l&rsquo;INSA Rennes, \u00e9quipe Chimie du Solide et Mat\u00e9riaux<br \/>\nUMR 6226 Institut des Sciences Chimiques de Rennes<\/p>\n<p style=\"padding-left: 40px;\"><a href=\"https:\/\/iscr-csm.insa-rennes.fr\/non-permanents\/chloeblais\">Chlo\u00e9 Blais<\/a><\/p>\n<p style=\"padding-left: 40px;\"><a href=\"https:\/\/iscr-csm.insa-rennes.fr\/non-permanents\/aurelienchang\">Aur\u00e9lien Chang<\/a><\/p>\n<p style=\"padding-left: 40px;\"><a href=\"https:\/\/iscr-csm.insa-rennes.fr\/non-permanents\/emmanuelbaranger\">Emmanuel Baranger<\/a><\/p>\n<p style=\"padding-left: 40px;\"><a href=\"https:\/\/iscr-csm.insa-rennes.fr\/non-permanents\/christinehenaff\">Christine H\u00e9naff<\/a><\/p>\n<p style=\"padding-left: 40px;\"><a href=\"https:\/\/iscr-csm.insa-rennes.fr\/non-permanents\/mohamadrachid\">Mohamad Rachid<\/a><\/p>\n<p style=\"padding-left: 40px;\"><a href=\"https:\/\/iscr-csm.insa-rennes.fr\/non-permanents\/margauxblunt\">Margaux Blunt<\/a><\/p>\n<p style=\"padding-left: 40px;\"><a href=\"https:\/\/iscr-csm.insa-rennes.fr\/non-permanents\/oumouhawabalde\">Oumou Hawa Balde<\/a><\/p>\n<p style=\"padding-left: 40px;\"><a href=\"https:\/\/iscr-csm.insa-rennes.fr\/non-permanents\/andreigolushko\">Andrei Golushko<\/a><\/p>\n<p>&nbsp;<\/p>\n<p>Anciens membres non-permanents du groupe<\/p>\n<p style=\"padding-left: 40px;\"><a href=\"https:\/\/iscr-csm.insa-rennes.fr\/non-permanents\/lowikdewezraszka\">Lowik Dewez Raszka<\/a> (docteur INSA Rennes dipl\u00f4m\u00e9 le 19 septembre 2025)<\/p>\n<p style=\"padding-left: 40px;\"><a href=\"https:\/\/iscr-csm.insa-rennes.fr\/non-permanents\/thibautmorvan\">Thibaut Morvan<\/a> (docteur INSA Rennes dipl\u00f4m\u00e9 le 17 septembre 2025)<\/p>\n<p style=\"padding-left: 40px;\"><a href=\"https:\/\/iscr-csm.insa-rennes.fr\/non-permanents\/adrienschlachter\">Adrien Schlachter<\/a> (stage post-doctoral)<\/p>\n<p style=\"padding-left: 40px;\"><a href=\"https:\/\/iscr-csm.insa-rennes.fr\/non-permanents\/constancelecourt\">Constance Lecourt<\/a> (stage post-doctoral)<\/p>\n<p style=\"padding-left: 40px;\"><a href=\"https:\/\/iscr-csm.insa-rennes.fr\/non-permanents\/felixhouard\">Felix Houard<\/a> (docteur INSA Rennes dipl\u00f4m\u00e9 le 6 d\u00e9cembre 2021 puis post-doc)<\/p>\n<p style=\"padding-left: 40px;\"><a href=\"https:\/\/iscr-csm.insa-rennes.fr\/non-permanents\/chendongxu\">Chendong Xu<\/a> (docteur INSA Rennes dipl\u00f4m\u00e9 le 21 mars 2023)<\/p>\n<p style=\"padding-left: 40px;\"><a href=\"https:\/\/iscr-csm.insa-rennes.fr\/non-permanents\/florentmoutier\">Florent Moutier<\/a> (docteur INSA Rennes dipl\u00f4m\u00e9 le 23 novembre 2022)<\/p>\n<p style=\"padding-left: 40px;\"><a href=\"https:\/\/iscr-csm.insa-rennes.fr\/non-permanents\/falloungom\/\">Fallou Ngom<\/a> (doctorant dipl\u00f4m\u00e9 en juillet 2025)<\/p>\n<p style=\"padding-left: 40px;\"><a href=\"https:\/\/iscr-csm.insa-rennes.fr\/non-permanents\/youennpointel\">Youenn Pointel<\/a> (docteur INSA Rennes dipl\u00f4m\u00e9 le 9 novembre 2020)<\/p>\n<p style=\"padding-left: 40px;\"><a href=\"https:\/\/iscr-csm.insa-rennes.fr\/non-permanents\/jinzengwang\">Jinzeng Wang<\/a> (docteur INSA Rennes dipl\u00f4m\u00e9 le 10 mars 2020)<\/p>\n<p style=\"padding-left: 40px;\"><a href=\"https:\/\/iscr-csm.insa-rennes.fr\/non-permanents\/alimoustafakhalil\">Ali Moustafa-Khalil<\/a> (docteur INSA Rennes dipl\u00f4m\u00e9 le 21 novembre 2019)<\/p>\n<p style=\"padding-left: 40px;\"><a href=\"https:\/\/iscr-csm.insa-rennes.fr\/non-permanents\/quentinevrard\/\">Quentin Evrard<\/a> (stage post-doctoral)<\/p>\n<p style=\"padding-left: 40px;\"><a href=\"https:\/\/iscr-csm.insa-rennes.fr\/non-permanents\/ahmadabdallah\/\">Ahmad Abdallah<\/a> (docteur INSA Rennes dipl\u00f4m\u00e9 le 11 juillet 2019)<\/p>\n<p style=\"padding-left: 40px;\"><a href=\"https:\/\/iscr-csm.insa-rennes.fr\/non-permanents\/vincentroquet\/\">Vincent Roquet<\/a> (docteur INSA Rennes dipl\u00f4m\u00e9 le 26 mars 2019)<\/p>\n<p style=\"padding-left: 40px;\"><a href=\"https:\/\/iscr-csm.insa-rennes.fr\/non-permanents\/haiyunyao\/\">Haiyun Yao<\/a> (docteur INSA Rennes dipl\u00f4m\u00e9e le 12 f\u00e9vrier 2019)<\/p>\n<p style=\"padding-left: 40px;\"><a href=\"https:\/\/iscr-csm.insa-rennes.fr\/non-permanents\/marinpuget\/\">Marin Puget<\/a> (docteur INSA Rennes dipl\u00f4m\u00e9 le 26 septembre 2018)<\/p>\n<p style=\"padding-left: 40px;\"><a title=\"Gang Huang\" href=\"https:\/\/iscr-csm.insa-rennes.fr\/non-permanents\/ganghuang\/\">Gang Huang<\/a> (docteur INSA Rennes dipl\u00f4m\u00e9 le 31 mars 2017)<\/p>\n<p style=\"padding-left: 40px;\"><a title=\"Chrystelle Neaime\" href=\"https:\/\/iscr-csm.insa-rennes.fr\/non-permanents\/chrystelleneaime\/\">Chrystelle Neaime<\/a> (docteur INSA Rennes dipl\u00f4m\u00e9e le 8 octobre 2015)<\/p>\n","protected":false},"excerpt":{"rendered":"<p>Ces pages sont d\u00e9di\u00e9es aux membres non-permanents du labo de chimie de l&rsquo;INSA Rennes, \u00e9quipe Chimie du Solide et Mat\u00e9riaux UMR 6226 Institut des Sciences Chimiques de Rennes Chlo\u00e9 Blais Aur\u00e9lien Chang Emmanuel Baranger Christine &hellip; <a href=\"https:\/\/iscr-csm.insa-rennes.fr\/non-permanents\/\" class=\"more-link\">Lire la suite <span class=\"screen-reader-text\">Accueil<\/span> <span class=\"meta-nav\">&rarr;<\/span><\/a><\/p>\n","protected":false},"author":1,"featured_media":0,"parent":0,"menu_order":0,"comment_status":"closed","ping_status":"closed","template":"","meta":{"footnotes":""},"class_list":["post-27","page","type-page","status-publish","hentry"],"jetpack_sharing_enabled":true,"_links":{"self":[{"href":"https:\/\/iscr-csm.insa-rennes.fr\/non-permanents\/wp-json\/wp\/v2\/pages\/27","targetHints":{"allow":["GET"]}}],"collection":[{"href":"https:\/\/iscr-csm.insa-rennes.fr\/non-permanents\/wp-json\/wp\/v2\/pages"}],"about":[{"href":"https:\/\/iscr-csm.insa-rennes.fr\/non-permanents\/wp-json\/wp\/v2\/types\/page"}],"author":[{"embeddable":true,"href":"https:\/\/iscr-csm.insa-rennes.fr\/non-permanents\/wp-json\/wp\/v2\/users\/1"}],"replies":[{"embeddable":true,"href":"https:\/\/iscr-csm.insa-rennes.fr\/non-permanents\/wp-json\/wp\/v2\/comments?post=27"}],"version-history":[{"count":55,"href":"https:\/\/iscr-csm.insa-rennes.fr\/non-permanents\/wp-json\/wp\/v2\/pages\/27\/revisions"}],"predecessor-version":[{"id":369,"href":"https:\/\/iscr-csm.insa-rennes.fr\/non-permanents\/wp-json\/wp\/v2\/pages\/27\/revisions\/369"}],"wp:attachment":[{"href":"https:\/\/iscr-csm.insa-rennes.fr\/non-permanents\/wp-json\/wp\/v2\/media?parent=27"}],"curies":[{"name":"wp","href":"https:\/\/api.w.org\/{rel}","templated":true}]}}