{"id":238,"date":"2020-10-14T12:54:40","date_gmt":"2020-10-14T11:54:40","guid":{"rendered":"https:\/\/iscr-csm.insa-rennes.fr\/non-permanents\/?page_id=238"},"modified":"2024-12-05T11:17:34","modified_gmt":"2024-12-05T10:17:34","slug":"chloeblais","status":"publish","type":"page","link":"https:\/\/iscr-csm.insa-rennes.fr\/non-permanents\/chloeblais\/","title":{"rendered":"Chlo\u00e9 Blais"},"content":{"rendered":"\r\n<h2>Contact<\/h2>\r\n<p><a href=\"https:\/\/iscr-csm.insa-rennes.fr\/non-permanents\/wp-content\/uploads\/sites\/10\/2024\/12\/Photo-profil-OK.png\"><img loading=\"lazy\" decoding=\"async\" class=\"alignnone wp-image-345 \" src=\"https:\/\/iscr-csm.insa-rennes.fr\/non-permanents\/wp-content\/uploads\/sites\/10\/2024\/12\/Photo-profil-OK-231x300.png\" alt=\"\" width=\"122\" height=\"159\" srcset=\"https:\/\/iscr-csm.insa-rennes.fr\/non-permanents\/wp-content\/uploads\/sites\/10\/2024\/12\/Photo-profil-OK-231x300.png 231w, https:\/\/iscr-csm.insa-rennes.fr\/non-permanents\/wp-content\/uploads\/sites\/10\/2024\/12\/Photo-profil-OK-788x1024.png 788w, https:\/\/iscr-csm.insa-rennes.fr\/non-permanents\/wp-content\/uploads\/sites\/10\/2024\/12\/Photo-profil-OK-768x998.png 768w, https:\/\/iscr-csm.insa-rennes.fr\/non-permanents\/wp-content\/uploads\/sites\/10\/2024\/12\/Photo-profil-OK-1182x1536.png 1182w, https:\/\/iscr-csm.insa-rennes.fr\/non-permanents\/wp-content\/uploads\/sites\/10\/2024\/12\/Photo-profil-OK-1576x2048.png 1576w, https:\/\/iscr-csm.insa-rennes.fr\/non-permanents\/wp-content\/uploads\/sites\/10\/2024\/12\/Photo-profil-OK-1200x1559.png 1200w, https:\/\/iscr-csm.insa-rennes.fr\/non-permanents\/wp-content\/uploads\/sites\/10\/2024\/12\/Photo-profil-OK-154x200.png 154w, https:\/\/iscr-csm.insa-rennes.fr\/non-permanents\/wp-content\/uploads\/sites\/10\/2024\/12\/Photo-profil-OK-327x425.png 327w, https:\/\/iscr-csm.insa-rennes.fr\/non-permanents\/wp-content\/uploads\/sites\/10\/2024\/12\/Photo-profil-OK.png 2032w\" sizes=\"auto, (max-width: 122px) 100vw, 122px\" \/><\/a><br \/><br \/><span style=\"font-size: 14pt\"><strong>Enseignante-chercheuse<\/strong><\/span><\/p>\r\n<p><strong>Equipe \u00ab\u00a0Chimie du Solide et des Mat\u00e9riaux\u00a0\u00bb, d\u00e9partement \u00ab\u00a0Sciences et Techniques Pour l&rsquo;Ing\u00e9nieur\u00a0\u00bb<\/strong><\/p>\r\n<p><strong>Institut des Sciences Chimiques de Rennes (FR) &#8211; UMR CNRS 6226<br \/>INSA-Rennes, B\u00e2timent 11, Bureau 116B<\/strong><br \/>20 avenue des Buttes de Coesmes<br \/>CS 70839, 35708 RENNES Cedex 7, France<br \/><a href=\"mailto:Chloe.Blais@insa-rennes.fr\">Chloe.Blais@insa-rennes.fr<\/a><br \/>02 23 23 89 64<br \/><br \/><a href=\"https:\/\/scholar.google.fr\/citations?user=idVQafgAAAAJ&amp;hl=fr&amp;oi=ao\"><img loading=\"lazy\" decoding=\"async\" class=\"alignnone  wp-image-242\" src=\"https:\/\/iscr-csm.insa-rennes.fr\/non-permanents\/wp-content\/uploads\/sites\/10\/2020\/10\/512px-Google_Scholar_logo.svg_-300x300.png\" alt=\"\" width=\"30\" height=\"30\" srcset=\"https:\/\/iscr-csm.insa-rennes.fr\/non-permanents\/wp-content\/uploads\/sites\/10\/2020\/10\/512px-Google_Scholar_logo.svg_-300x300.png 300w, https:\/\/iscr-csm.insa-rennes.fr\/non-permanents\/wp-content\/uploads\/sites\/10\/2020\/10\/512px-Google_Scholar_logo.svg_-150x150.png 150w, https:\/\/iscr-csm.insa-rennes.fr\/non-permanents\/wp-content\/uploads\/sites\/10\/2020\/10\/512px-Google_Scholar_logo.svg_-200x200.png 200w, https:\/\/iscr-csm.insa-rennes.fr\/non-permanents\/wp-content\/uploads\/sites\/10\/2020\/10\/512px-Google_Scholar_logo.svg_-425x425.png 425w, https:\/\/iscr-csm.insa-rennes.fr\/non-permanents\/wp-content\/uploads\/sites\/10\/2020\/10\/512px-Google_Scholar_logo.svg_.png 512w\" sizes=\"auto, (max-width: 30px) 100vw, 30px\" \/><\/a> \u00a0 \u00a0 <a href=\"https:\/\/cv.hal.science\/chloe-blais\"><img loading=\"lazy\" decoding=\"async\" class=\"\" src=\"https:\/\/hal.science\/assets\/img\/hal-logo-header.png\" alt=\"Logo\" width=\"29\" height=\"29\" \/><\/a>\u00a0 \u00a0\u00a0 \u00a0<a href=\"https:\/\/orcid.org\/my-orcid\"><img loading=\"lazy\" decoding=\"async\" class=\"alignnone  wp-image-243\" src=\"https:\/\/iscr-csm.insa-rennes.fr\/non-permanents\/wp-content\/uploads\/sites\/10\/2020\/10\/768px-ORCID_iD.svg_-300x300.png\" alt=\"\" width=\"30\" height=\"30\" srcset=\"https:\/\/iscr-csm.insa-rennes.fr\/non-permanents\/wp-content\/uploads\/sites\/10\/2020\/10\/768px-ORCID_iD.svg_-300x300.png 300w, https:\/\/iscr-csm.insa-rennes.fr\/non-permanents\/wp-content\/uploads\/sites\/10\/2020\/10\/768px-ORCID_iD.svg_-150x150.png 150w, https:\/\/iscr-csm.insa-rennes.fr\/non-permanents\/wp-content\/uploads\/sites\/10\/2020\/10\/768px-ORCID_iD.svg_-200x200.png 200w, https:\/\/iscr-csm.insa-rennes.fr\/non-permanents\/wp-content\/uploads\/sites\/10\/2020\/10\/768px-ORCID_iD.svg_-425x425.png 425w, https:\/\/iscr-csm.insa-rennes.fr\/non-permanents\/wp-content\/uploads\/sites\/10\/2020\/10\/768px-ORCID_iD.svg_.png 768w\" sizes=\"auto, (max-width: 30px) 100vw, 30px\" \/><\/a>\u00a0 \u00a0 \u00a0\u00a0<a href=\"https:\/\/www.linkedin.com\/in\/chlo%C3%A9-blais-a973b812b\/\"><img loading=\"lazy\" decoding=\"async\" class=\"alignnone size-medium wp-image-244\" src=\"https:\/\/iscr-csm.insa-rennes.fr\/non-permanents\/wp-content\/uploads\/sites\/10\/2020\/10\/LinkedIn-Logo-300x300-1.png\" alt=\"\" width=\"30\" height=\"30\" srcset=\"https:\/\/iscr-csm.insa-rennes.fr\/non-permanents\/wp-content\/uploads\/sites\/10\/2020\/10\/LinkedIn-Logo-300x300-1.png 300w, https:\/\/iscr-csm.insa-rennes.fr\/non-permanents\/wp-content\/uploads\/sites\/10\/2020\/10\/LinkedIn-Logo-300x300-1-150x150.png 150w, https:\/\/iscr-csm.insa-rennes.fr\/non-permanents\/wp-content\/uploads\/sites\/10\/2020\/10\/LinkedIn-Logo-300x300-1-200x200.png 200w\" sizes=\"auto, (max-width: 30px) 100vw, 30px\" \/><\/a> \u00a0 \u00a0\u00a0 \u00a0<a href=\"https:\/\/www.researchgate.net\/profile\/Chloe-Blais\"><img loading=\"lazy\" decoding=\"async\" class=\"n3VNCb KAlRDb\" src=\"https:\/\/upload.wikimedia.org\/wikipedia\/commons\/thumb\/5\/5e\/ResearchGate_icon_SVG.svg\/1200px-ResearchGate_icon_SVG.svg.png\" alt=\"File:ResearchGate icon SVG.svg - Meta\" width=\"31\" height=\"31\" data-noaft=\"1\" \/>\u00a0 \u00a0 \u00a0<\/a><a href=\"https:\/\/www-webofscience-com.passerelle.univ-rennes1.fr\/wos\/author\/record\/36962245\"><img loading=\"lazy\" decoding=\"async\" class=\"n3VNCb KAlRDb alignnone\" src=\"https:\/\/play-lh.googleusercontent.com\/kLVaTwis1K_rhrn0t0pY9rHNOHcBQl1YJHi845-PhaREajRS3-I1FdyAwRedFgcPo1Y\" alt=\"Web of Science MyRA \u2013 Applications sur Google Play\" width=\"30\" height=\"30\" data-noaft=\"1\" \/><\/a><\/p>\r\n<h2><span dir=\"ltr\" role=\"presentation\">Cursus<\/span><\/h2>\r\n<h5><strong>Post-Doctorat (2023-2024)<\/strong><\/h5>\r\n<p><strong>Sujet:<\/strong> Fabrication de nouveaux marqueurs luminescents utilisables pour la tra\u00e7abilit\u00e9 des mat\u00e9riaux afin d&rsquo;en am\u00e9liorer la recyclabilit\u00e9<\/p>\r\n<p><span dir=\"ltr\" role=\"presentation\">INSA Rennes, FRANCE<\/span><\/p>\r\n<h5><span dir=\"ltr\" role=\"presentation\">Doctorat en chimie inorganique (2020-2023)<\/span><\/h5>\r\n<p><span dir=\"ltr\" role=\"presentation\">(Dirig\u00e9 par Pr. Olivier Guillou et co-encadr\u00e9 par Pr. Carole Daiguebonne, soutenu le 22 septembre 2023) <\/span><\/p>\r\n<p><strong>Sujet:<\/strong> Polym\u00e8res de coordination \u00e0 base de terres rares luminescents : vers une recyclabilit\u00e9 des mat\u00e9riaux<\/p>\r\n<p><span dir=\"ltr\" role=\"presentation\">INSA Rennes, FRANCE<\/span><\/p>\r\n<h5><span dir=\"ltr\" role=\"presentation\">Master 2 Chimie du Solide et des Mat\u00e9riaux (2020)<br \/><\/span><\/h5>\r\n<p><span dir=\"ltr\" role=\"presentation\">Universit\u00e9 de Rennes 1, France<br \/><\/span><\/p>\r\n<h5><span dir=\"ltr\" role=\"presentation\">Dipl\u00f4me d&rsquo;ing\u00e9nieure chimiste (2017-2020)<\/span><\/h5>\r\n<p><span dir=\"ltr\" role=\"presentation\">Ecole Nationale Sup\u00e9rieure de Chimie de Rennes, France<br \/><\/span><em><span dir=\"ltr\" role=\"presentation\">Sp\u00e9cialit\u00e9 Mat\u00e9riaux<\/span><\/em><\/p>\r\n<h2><span dir=\"ltr\" role=\"presentation\">Publications<\/span><\/h2>\r\n<p>(8) Ngom, F.; Blais, C.; Badiane, I.; H\u00e9naff, C.; Camara, M.; Daiguebonne, C.; Guillou, O., Halogens Influence On The Crystal Packing Of 3,4,5,6-Tetra-Chloro-Phtalate-Based Lanthanide Coordination Compounds. <em>CrystEngComm<\/em><strong> 2024<\/strong> (accept\u00e9e)<br \/><br \/>(7) Ngom, F.; Chang, A.; Blais, C.; Daiguebonne, C.; Suffren, Y.; Camara, M.; Calvez, G.; Bernot, K.; Guillou, O., Halogen Bond-Based Strategy For The Design Of Highly Luminescent Lanthanide Coordination Polymers As Taggants For Plastic Waste Sorting. <em>Inorganic Chemistry <\/em><strong>2024<\/strong>, 63 (28), 13048-13058.<br \/><a href=\"https:\/\/www.doi.org\/10.1021\/acs.inorgchem.4c01866\">https:\/\/doi.org\/10.1021\/acs.inorgchem.4c01866<\/a> <strong>\u00a0<br \/><br \/><\/strong>(6) Guillou, O.; Daiguebonne, C.; Blais, C., Polym\u00e8res de coordination h\u00e9t\u00e9ro-lanthanides luminescents: Caract\u00e9ristiques et applications, <em>Techniques de l&rsquo;ing\u00e9nieur<\/em>, <strong>2024 <\/strong>[N4004].<br \/><a href=\"http:\/\/dx.doi.org\/10.51257\/a-v1-n4004\">https:\/\/doi.org\/10.51257\/a-v1-n4004<\/a><br \/><br \/>(5) Morvan, T.; Blais, C.; Chang, A.; Daiguebonne, C.; Suffren, Y.; Audebrand, N.; Calvez, C.; Le Natur, F.; Bernot, K.; Guillou, O., Lanthanides Coordination Polymers : Enhancement Of Luminescence And Color Emission Modulation By Core-Shell Shaping. <em>In<\/em><em>organic Chemistry Communications,<\/em> <strong>2024<\/strong>, 170, 113275.<br \/><a href=\"https:\/\/doi.org\/10.1016\/j.inoche.2024.113275\">https:\/\/doi.org\/10.1016\/j.inoche.2024.113275<\/a><br \/><br \/>(4) Daiguebonne, C., Blais, C., Kerbellec, N., Guillou, O. Des marqueurs luminescents pour am\u00e9liorer la recyclabilit\u00e9 des plastiques, <em>Interface<\/em>, <strong>2023<\/strong>, 148, 30-31<br \/><br \/>(3) Blais, C.; Morvan, T.; Daiguebonne, C.; Suffren, Y.; Calvez, G.; Bernot, K.; Guillou, O. Lanthanide-Based Coordination Polymers Molecular Alloys Stability: A thermochemical Approach. <span class=\"cit-title\"><i>Inorg. Chem.<\/i><\/span>\u00a0<strong><span class=\"cit-year-info\">2023<\/span><\/strong><span class=\"cit-volume\"> 62<\/span><span class=\"cit-issue\"> (11)<\/span><span class=\"cit-pageRange\">, 4495-4502. <\/span><br \/><a style=\"background-color: #ffffff\" href=\"https:\/\/doi.org\/10.1021\/acs.inorgchem.2c04198\">https:\/\/doi.org\/10.1021\/acs.inorgchem.2c04198\u00a0<\/a><br \/><br \/>(2) Blais, C.; Calvez, G.; Suffren, Y.; Daiguebonne, C.; Paranthoen, C.; Bazin, E.; Freslon, S.; Bernot, K.; Guillou, O. Luminance and Brightness: Application to Lanthanide-Based Coordination Polymers. <span class=\"cit-title\"><i>Inorg. Chem.<\/i><\/span>\u00a0<strong><span class=\"cit-year-info\">2022<\/span><\/strong><span class=\"cit-volume\">\u00a061<\/span><span class=\"cit-issue\"> (48)<\/span><span class=\"cit-pageRange\">, 19588\u201319596. <\/span><br \/><a style=\"background-color: #ffffff\" href=\"https:\/\/doi.org\/10.1021\/acs.inorgchem.2c03500\">https:\/\/doi.org\/10.1021\/acs.inorgchem.2c03500<\/a><br \/><br \/>(1) Blais, C.; Daiguebonne, C.; Suffren, Y.; Bernot, K.; Calvez, G.; Le Poll\u00e8s, L.; Roiland, C.; Freslon, S.; Guillou, O. <span style=\"font-size: 12pt\">Investigation of Intermetallic Energy Transfers in Lanthanide Coordination Polymers Molecular Alloys: Case Study of Trimesate-Based Compounds. <em>Inorg.<\/em><\/span><cite> Chem.<\/cite>\u00a0<strong>2022<\/strong>\u00a0<em>61<\/em> (30), 11897-11915. <br \/><a style=\"background-color: #ffffff\" href=\"https:\/\/doi.org\/10.1021\/acs.inorgchem.2c01650\">https:\/\/doi.org\/10.1021\/acs.inorgchem.2c01650<\/a><\/p>\r\n<div>\u00a0<\/div>\r\n<p><a href=\"https:\/\/iscr-csm.insa-rennes.fr\/non-permanents\">Les non-permanents du groupe<\/a><\/p>\r\n","protected":false},"excerpt":{"rendered":"<p>Contact Enseignante-chercheuse Equipe \u00ab\u00a0Chimie du Solide et des Mat\u00e9riaux\u00a0\u00bb, d\u00e9partement \u00ab\u00a0Sciences et Techniques Pour l&rsquo;Ing\u00e9nieur\u00a0\u00bb Institut des Sciences Chimiques de Rennes (FR) &#8211; UMR CNRS 6226INSA-Rennes, B\u00e2timent 11, Bureau 116B20 avenue des Buttes de CoesmesCS &hellip; <a href=\"https:\/\/iscr-csm.insa-rennes.fr\/non-permanents\/chloeblais\/\" class=\"more-link\">Lire la suite <span class=\"screen-reader-text\">Chlo\u00e9 Blais<\/span> <span class=\"meta-nav\">&rarr;<\/span><\/a><\/p>\n","protected":false},"author":1,"featured_media":0,"parent":0,"menu_order":0,"comment_status":"closed","ping_status":"closed","template":"","meta":{"footnotes":""},"class_list":["post-238","page","type-page","status-publish","hentry"],"jetpack_sharing_enabled":true,"_links":{"self":[{"href":"https:\/\/iscr-csm.insa-rennes.fr\/non-permanents\/wp-json\/wp\/v2\/pages\/238","targetHints":{"allow":["GET"]}}],"collection":[{"href":"https:\/\/iscr-csm.insa-rennes.fr\/non-permanents\/wp-json\/wp\/v2\/pages"}],"about":[{"href":"https:\/\/iscr-csm.insa-rennes.fr\/non-permanents\/wp-json\/wp\/v2\/types\/page"}],"author":[{"embeddable":true,"href":"https:\/\/iscr-csm.insa-rennes.fr\/non-permanents\/wp-json\/wp\/v2\/users\/1"}],"replies":[{"embeddable":true,"href":"https:\/\/iscr-csm.insa-rennes.fr\/non-permanents\/wp-json\/wp\/v2\/comments?post=238"}],"version-history":[{"count":30,"href":"https:\/\/iscr-csm.insa-rennes.fr\/non-permanents\/wp-json\/wp\/v2\/pages\/238\/revisions"}],"predecessor-version":[{"id":353,"href":"https:\/\/iscr-csm.insa-rennes.fr\/non-permanents\/wp-json\/wp\/v2\/pages\/238\/revisions\/353"}],"wp:attachment":[{"href":"https:\/\/iscr-csm.insa-rennes.fr\/non-permanents\/wp-json\/wp\/v2\/media?parent=238"}],"curies":[{"name":"wp","href":"https:\/\/api.w.org\/{rel}","templated":true}]}}