{"id":147,"date":"2017-11-10T14:17:41","date_gmt":"2017-11-10T13:17:41","guid":{"rendered":"https:\/\/iscr-csm.insa-rennes.fr\/doctorants\/?page_id=147"},"modified":"2020-01-30T18:52:41","modified_gmt":"2020-01-30T17:52:41","slug":"youennpointel","status":"publish","type":"page","link":"https:\/\/iscr-csm.insa-rennes.fr\/non-permanents\/youennpointel\/","title":{"rendered":"Youenn Pointel"},"content":{"rendered":"<h1 style=\"text-align: center\">Youenn Pointel<\/h1>\n<p>27 ans<br \/>\nEtudiant en doctorat<br \/>\nyouenn.pointel@insa-rennes.fr<\/p>\n<h4>Intitul\u00e9 de la th\u00e8se<\/h4>\n<p>\u00ab\u00a0D\u00e9veloppement de polym\u00e8res de coordination luminescents et application \u00e0 la lutte anti-contrefa\u00e7on\u00a0\u00bb<\/p>\n<h4>Dipl\u00f4mes<\/h4>\n<p>2015 : Dipl\u00f4me d\u2019ing\u00e9nieur sp\u00e9cialit\u00e9 chimie et physique des mat\u00e9riaux \u25cf ESIR<br \/>\n2015 : Master 2 Chimie du Solide \u25cf Universit\u00e9 de Rennes 1<br \/>\n2012 : DUT Science et G\u00e9nie des Mat\u00e9riaux \u25cf IUT de Saint-Brieuc<\/p>\n<h4>Exp\u00e9riences professionnelles<\/h4>\n<p>2016 : NAZAR GROUP \u25cf UNIVERSITY OF WATERLOO (CANADA) \u25cf 8 MOIS \u25cf ETUDIANT INGENIEUR<br \/>\n\u2023 D\u00e9veloppement de nouveaux syst\u00e8mes lithium-air (Li-Air) pour les voitures \u00e9lectriques<\/p>\n<p>2015 : KAGEYAMA LAB \u25cf UNIVERSITY OF KYOTO (JAPON) \u25cf 5 MOIS \u25cf ING\u00c9NIEUR (STAGE)<br \/>\n\u2023 Synth\u00e8se et caract\u00e9risation de nouveaux compos\u00e9s inorganiques capables pour une application photocatalytique<\/p>\n<p>2014 : DSM COMPOSITE RESINS \u25cf ZWOLLE (PAYS-BAS) \u25cf 3 MOIS \u25cf ING\u00c9NIEUR (STAGE)<br \/>\n\u2023 Am\u00e9lioration de la flexibilit\u00e9 de composite \u00e0 base de r\u00e9sines polyesters pour l\u2019industrie automobile et participation au d\u00e9veloppement d&rsquo;une nouvelle ligne de production<\/p>\n<p>2013 : \u00c9QUIPE \u00ab VERRES ET C\u00c9RAMIQUES \u00bb \u25cf UNIVERSIT\u00c9 DE RENNES 1 \u25cf 6 SEMAINES \u25cf TECHNICIEN (STAGE)<br \/>\n\u2023 Etude de la r\u00e9sistance des mousses de verre \u00e0 partir de billes de verre recycl\u00e9es pour l\u2019isolation des b\u00e2timents<\/p>\n<p>2012 : INSTITUTO DE CER\u00c1MICA Y VIDRIO \u25cf MADRID (ESPAGNE) \u25cf 3 MOIS \u25cf TECHNICIEN (STAGE)<br \/>\n\u2023 Am\u00e9lioration des performances photocatalytiques de couches minces de TiO2 int\u00e9grant des nanoparticules d\u2019argent pour les vitres autonettoyantes<\/p>\n<p><a href=\"https:\/\/iscr-csm.insa-rennes.fr\/non-permanents\">L<\/a><a href=\"https:\/\/iscr-csm.insa-rennes.fr\/non-permanents\">es non-perm<\/a><a href=\"https:\/\/iscr-csm.insa-rennes.fr\/non-permanents\">anents du groupe<\/a><\/p>\n","protected":false},"excerpt":{"rendered":"<p>Youenn Pointel 27 ans Etudiant en doctorat youenn.pointel@insa-rennes.fr Intitul\u00e9 de la th\u00e8se \u00ab\u00a0D\u00e9veloppement de polym\u00e8res de coordination luminescents et application \u00e0 la lutte anti-contrefa\u00e7on\u00a0\u00bb Dipl\u00f4mes 2015 : Dipl\u00f4me d\u2019ing\u00e9nieur sp\u00e9cialit\u00e9 chimie et physique des mat\u00e9riaux &hellip; <a href=\"https:\/\/iscr-csm.insa-rennes.fr\/non-permanents\/youennpointel\/\" class=\"more-link\">Lire la suite <span class=\"screen-reader-text\">Youenn Pointel<\/span> <span class=\"meta-nav\">&rarr;<\/span><\/a><\/p>\n","protected":false},"author":1,"featured_media":0,"parent":0,"menu_order":0,"comment_status":"closed","ping_status":"closed","template":"","meta":{"footnotes":""},"class_list":["post-147","page","type-page","status-publish","hentry"],"jetpack_sharing_enabled":true,"_links":{"self":[{"href":"https:\/\/iscr-csm.insa-rennes.fr\/non-permanents\/wp-json\/wp\/v2\/pages\/147","targetHints":{"allow":["GET"]}}],"collection":[{"href":"https:\/\/iscr-csm.insa-rennes.fr\/non-permanents\/wp-json\/wp\/v2\/pages"}],"about":[{"href":"https:\/\/iscr-csm.insa-rennes.fr\/non-permanents\/wp-json\/wp\/v2\/types\/page"}],"author":[{"embeddable":true,"href":"https:\/\/iscr-csm.insa-rennes.fr\/non-permanents\/wp-json\/wp\/v2\/users\/1"}],"replies":[{"embeddable":true,"href":"https:\/\/iscr-csm.insa-rennes.fr\/non-permanents\/wp-json\/wp\/v2\/comments?post=147"}],"version-history":[{"count":6,"href":"https:\/\/iscr-csm.insa-rennes.fr\/non-permanents\/wp-json\/wp\/v2\/pages\/147\/revisions"}],"predecessor-version":[{"id":224,"href":"https:\/\/iscr-csm.insa-rennes.fr\/non-permanents\/wp-json\/wp\/v2\/pages\/147\/revisions\/224"}],"wp:attachment":[{"href":"https:\/\/iscr-csm.insa-rennes.fr\/non-permanents\/wp-json\/wp\/v2\/media?parent=147"}],"curies":[{"name":"wp","href":"https:\/\/api.w.org\/{rel}","templated":true}]}}