{"id":107,"date":"2017-02-16T11:44:25","date_gmt":"2017-02-16T10:44:25","guid":{"rendered":"https:\/\/iscr-csm.insa-rennes.fr\/doctorants\/?page_id=107"},"modified":"2020-01-16T09:07:18","modified_gmt":"2020-01-16T08:07:18","slug":"alimoustafakhalil","status":"publish","type":"page","link":"https:\/\/iscr-csm.insa-rennes.fr\/non-permanents\/alimoustafakhalil\/","title":{"rendered":"Ali Moustafa-Khalil"},"content":{"rendered":"<p class=\"western\" style=\"text-align: left;\" align=\"center\"><span style=\"font-size: small;\"><span style=\"font-size: medium;\"><b>N\u00e9 le 01.12.1991 \u00e0 Maarake, Liban<\/b><\/span><\/span><\/p>\n<p class=\"western\" style=\"text-align: left;\" align=\"center\"><span style=\"color: #0000ff;\"><u><a class=\"western\" style=\"color: #0000ff;\" href=\"mailto:Ali.Moustafa-Khalil@insa-rennes.fr\"><b>Ali.Moustafa-Khalil@insa-rennes.fr<\/b><\/a><\/u><\/span><\/p>\n<p class=\"western\" style=\"text-align: left;\" align=\"center\"><span style=\"color: #000000;\"><span style=\"font-size: large;\"><b>CURSUS UNIVERSITAIRE ET SCOLAIRE<br \/>\n<\/b><\/span><\/span><br \/>\nTh\u00e8se soutenue le 21 novembre 2019<\/p>\n<p>2016-2017<br \/>\nPremi\u00e8re ann\u00e9e de th\u00e8se de doctorat en chimie (INSA de Rennes)<br \/>\n2014-2015<br \/>\nMaster 2 (Recherche) en chimie-physique, mat\u00e9riaux et catalyse &#8211; mat\u00e9riaux et polym\u00e8re \u00e0 l\u2019universit\u00e9 Libanaise, Facult\u00e9 des Sciences &#8211; Beyrouth<br \/>\n2013-2014<br \/>\nMaster 1 en Chimie-physique des mat\u00e9riaux de l\u2019universit\u00e9 Libanaise, Facult\u00e9 des Sciences &#8211; Beyrouth<br \/>\n2010-2013<br \/>\nLicence en Chimie G\u00e9n\u00e9rale de l\u2019universit\u00e9 Libanaise, Facult\u00e9 des Sciences &#8211; Beyrouth<br \/>\n2009-2010<br \/>\nBaccalaur\u00e9at Libanaise en science de la vie et de la terre, coll\u00e8ge officielle d\u2019Abbeseieh, Minist\u00e8re de l\u2019\u00e9ducation et de l\u2019enseignement sup\u00e9rieur, Liban<\/p>\n<p><span style=\"color: #000000;\"><span style=\"font-size: large;\"><b>ACTIVITES DE RECHERCHE<\/b><\/span><\/span><br \/>\nSujet de th\u00e8se : ASSEMBLAGES POLYMETALLLIQUES LUMINESCENTS DE L&rsquo;ION CU(I)<\/p>\n<p>Avril &#8211; juillet 2015<br \/>\nStage de Master 2 recherche \u00e0 l\u2019Institut de Science des Mat\u00e9riaux de Mulhouse -IS2M, Universit\u00e9 de Haute Alsace sous la direction de Didier DENTEL et Houssein MORTADA<br \/>\nSujet : Etude de la croissance de cristaux 2D : Silic\u00e8ne et German\u00e8ne sur substrat m\u00e9tallique d\u2019Al(111)<\/p>\n<p><span style=\"color: #215868;\"><span style=\"font-size: large;\"><b><span style=\"color: #000000;\">ACTIVITES D\u2019ENSEIGNEMENT<br \/>\n<\/span><\/b><\/span><\/span>&nbsp;Depuis 2010 : cours priv\u00e9s en chimie, math\u00e9matique et physique, nveaux secondaire et brevet<\/p>\n<hr>\n<p><a href=\"https:\/\/iscr-csm.insa-rennes.fr\/non-permanents\">Les non-permanents du groupe<\/a><\/p>\n","protected":false},"excerpt":{"rendered":"<p>N\u00e9 le 01.12.1991 \u00e0 Maarake, Liban Ali.Moustafa-Khalil@insa-rennes.fr CURSUS UNIVERSITAIRE ET SCOLAIRE Th\u00e8se soutenue le 21 novembre 2019 2016-2017 Premi\u00e8re ann\u00e9e de th\u00e8se de doctorat en chimie (INSA de Rennes) 2014-2015 Master 2 (Recherche) en chimie-physique, &hellip; <a href=\"https:\/\/iscr-csm.insa-rennes.fr\/non-permanents\/alimoustafakhalil\/\" class=\"more-link\">Lire la suite <span class=\"screen-reader-text\">Ali Moustafa-Khalil<\/span> <span class=\"meta-nav\">&rarr;<\/span><\/a><\/p>\n","protected":false},"author":1,"featured_media":0,"parent":0,"menu_order":0,"comment_status":"closed","ping_status":"closed","template":"","meta":{"footnotes":""},"class_list":["post-107","page","type-page","status-publish","hentry"],"jetpack_sharing_enabled":true,"_links":{"self":[{"href":"https:\/\/iscr-csm.insa-rennes.fr\/non-permanents\/wp-json\/wp\/v2\/pages\/107","targetHints":{"allow":["GET"]}}],"collection":[{"href":"https:\/\/iscr-csm.insa-rennes.fr\/non-permanents\/wp-json\/wp\/v2\/pages"}],"about":[{"href":"https:\/\/iscr-csm.insa-rennes.fr\/non-permanents\/wp-json\/wp\/v2\/types\/page"}],"author":[{"embeddable":true,"href":"https:\/\/iscr-csm.insa-rennes.fr\/non-permanents\/wp-json\/wp\/v2\/users\/1"}],"replies":[{"embeddable":true,"href":"https:\/\/iscr-csm.insa-rennes.fr\/non-permanents\/wp-json\/wp\/v2\/comments?post=107"}],"version-history":[{"count":5,"href":"https:\/\/iscr-csm.insa-rennes.fr\/non-permanents\/wp-json\/wp\/v2\/pages\/107\/revisions"}],"predecessor-version":[{"id":219,"href":"https:\/\/iscr-csm.insa-rennes.fr\/non-permanents\/wp-json\/wp\/v2\/pages\/107\/revisions\/219"}],"wp:attachment":[{"href":"https:\/\/iscr-csm.insa-rennes.fr\/non-permanents\/wp-json\/wp\/v2\/media?parent=107"}],"curies":[{"name":"wp","href":"https:\/\/api.w.org\/{rel}","templated":true}]}}