{"id":9,"date":"2012-10-19T13:34:57","date_gmt":"2012-10-19T12:34:57","guid":{"rendered":"http:\/\/scr-mi.insa-rennes.fr\/guillaumecalvez\/?page_id=9"},"modified":"2025-11-15T09:38:45","modified_gmt":"2025-11-15T08:38:45","slug":"general-information","status":"publish","type":"page","link":"https:\/\/iscr-csm.insa-rennes.fr\/guillaumecalvez\/general-information\/","title":{"rendered":""},"content":{"rendered":"<p><span style=\"text-decoration: underline;\"><em>Actuellement<\/em><\/span><\/p>\n<p>Membre de l&rsquo;<a href=\"https:\/\/www.eff.org\" target=\"_blank\">EFF<\/a> depuis 2025<\/p>\n<p>Membre du CSA et de la F3SCT de l&rsquo;INSA Rennes depuis 2023<\/p>\n<p>Membre de l&rsquo; <a href=\"http:\/\/www.april.org\/en\" target=\"_blank\" rel=\"noopener noreferrer\"><img decoding=\"async\" src=\"http:\/\/www.april.org\/files\/association\/documents\/bannieres\/boutons\/april_soutien3_88x31.png\" alt=\"Promoting and protecting Free Software\" \/><\/a> depuis 2014<\/p>\n<p>Membre de la <a href=\"http:\/\/www.societechimiquedefrance.fr\/\" target=\"_blank\" rel=\"noopener noreferrer\">SCF<\/a> depuis 2012<br \/>\nResponsable informatique du groupe<br \/>\nWebmaster du sous-domaine <em>iscr-csm.insa-rennes.fr<\/em><\/p>\n<p><span style=\"text-decoration: underline;\"><em>Par le pass\u00e9<br \/>\n<\/em><\/span><\/p>\n<p>Secr\u00e9taire du Comit\u00e9 d&rsquo;Hygi\u00e8ne, de S\u00e9curit\u00e9 et des Conditions de Travail de l&rsquo;INSA Rennes (2015-2016)<br \/>\nMembre du Comit\u00e9 d&rsquo;Hygi\u00e8ne, de S\u00e9curit\u00e9 et des Conditions de Travail de l&rsquo;INSA Rennes<br \/>\nMembre du Comit\u00e9 Technique de l&rsquo;INSA Rennes<\/p>\n<p>Doctorant \u00e9lu au conseil scientifique de l&rsquo;\u00e9cole doctorale Sciences De La Mati\u00e8re \u00e0 Rennes (2006-2007)<br \/>\nDoctorant \u00e9lu au conseil scientifique de l&rsquo;<a href=\"http:\/\/www.insa-rennes.fr\" target=\"_blank\" rel=\"noopener noreferrer\">INSA Rennes<\/a> (2006-2007)<br \/>\nEtudiant \u00e9lu au conseil d&rsquo;administration de l&rsquo;<a href=\"http:\/\/www.univ-rennes1.fr\" target=\"_blank\" rel=\"noopener noreferrer\">Universit\u00e9 de Rennes 1<\/a> (2004-2006)<\/p>\n","protected":false},"excerpt":{"rendered":"<p>Actuellement Membre de l&rsquo;EFF depuis 2025 Membre du CSA et de la F3SCT de l&rsquo;INSA Rennes depuis 2023 Membre de l&rsquo; depuis 2014 Membre de la SCF depuis 2012 Responsable informatique du groupe Webmaster du &hellip; <a href=\"https:\/\/iscr-csm.insa-rennes.fr\/guillaumecalvez\/general-information\/\" class=\"more-link\">Lire la suite <span class=\"screen-reader-text\"><\/span> <span class=\"meta-nav\">&rarr;<\/span><\/a><\/p>\n","protected":false},"author":1,"featured_media":0,"parent":0,"menu_order":0,"comment_status":"closed","ping_status":"closed","template":"","meta":{"footnotes":""},"class_list":["post-9","page","type-page","status-publish","hentry"],"jetpack_sharing_enabled":true,"_links":{"self":[{"href":"https:\/\/iscr-csm.insa-rennes.fr\/guillaumecalvez\/wp-json\/wp\/v2\/pages\/9","targetHints":{"allow":["GET"]}}],"collection":[{"href":"https:\/\/iscr-csm.insa-rennes.fr\/guillaumecalvez\/wp-json\/wp\/v2\/pages"}],"about":[{"href":"https:\/\/iscr-csm.insa-rennes.fr\/guillaumecalvez\/wp-json\/wp\/v2\/types\/page"}],"author":[{"embeddable":true,"href":"https:\/\/iscr-csm.insa-rennes.fr\/guillaumecalvez\/wp-json\/wp\/v2\/users\/1"}],"replies":[{"embeddable":true,"href":"https:\/\/iscr-csm.insa-rennes.fr\/guillaumecalvez\/wp-json\/wp\/v2\/comments?post=9"}],"version-history":[{"count":30,"href":"https:\/\/iscr-csm.insa-rennes.fr\/guillaumecalvez\/wp-json\/wp\/v2\/pages\/9\/revisions"}],"predecessor-version":[{"id":510,"href":"https:\/\/iscr-csm.insa-rennes.fr\/guillaumecalvez\/wp-json\/wp\/v2\/pages\/9\/revisions\/510"}],"wp:attachment":[{"href":"https:\/\/iscr-csm.insa-rennes.fr\/guillaumecalvez\/wp-json\/wp\/v2\/media?parent=9"}],"curies":[{"name":"wp","href":"https:\/\/api.w.org\/{rel}","templated":true}]}}