{"id":7,"date":"2012-10-19T12:33:03","date_gmt":"2012-10-19T11:33:03","guid":{"rendered":"http:\/\/scr-mi.insa-rennes.fr\/guillaumecalvez\/?page_id=2"},"modified":"2024-12-18T16:07:45","modified_gmt":"2024-12-18T15:07:45","slug":"home","status":"publish","type":"page","link":"https:\/\/iscr-csm.insa-rennes.fr\/guillaumecalvez\/","title":{"rendered":""},"content":{"rendered":"<p><a href=\"mailto:guillaume.calvez@insa-rennes.fr\"><strong>Dr Guillaume Calvez<\/strong><\/a><br \/>\n<strong>Ma\u00eetre de conf\u00e9rences<\/strong><\/p>\n<p>Bureau 106A b\u00e2timent 11<br \/>\n20 avenue des buttes de Co\u00ebsmes<br \/>\nCS 70839 35708 Rennes Cedex 7<br \/>\nFrance<br \/>\n+33 (0)2 23 23 84 82<br \/>\n<a href=\"https:\/\/iscr-csm.insa-rennes.fr\/guillaumecalvez\/cv\/\">A very short resume<\/a><br \/>\n<a href=\"https:\/\/iscr-csm.insa-rennes.fr\/guillaumecalvez\/general-information\/\">General information<\/a><br \/>\n<a href=\"https:\/\/iscr-csm.insa-rennes.fr\/guillaumecalvez\/publications\">Scientific publications<\/a><\/p>\n","protected":false},"excerpt":{"rendered":"<p>Dr Guillaume Calvez Ma\u00eetre de conf\u00e9rences Bureau 106A b\u00e2timent 11 20 avenue des buttes de Co\u00ebsmes CS 70839 35708 Rennes Cedex 7 France +33 (0)2 23 23 84 82 A very short resume General information &hellip; <a href=\"https:\/\/iscr-csm.insa-rennes.fr\/guillaumecalvez\/\" class=\"more-link\">Lire la suite <span class=\"screen-reader-text\"><\/span> <span class=\"meta-nav\">&rarr;<\/span><\/a><\/p>\n","protected":false},"author":1,"featured_media":0,"parent":0,"menu_order":0,"comment_status":"closed","ping_status":"closed","template":"","meta":{"footnotes":""},"class_list":["post-7","page","type-page","status-publish","hentry"],"jetpack_sharing_enabled":true,"_links":{"self":[{"href":"https:\/\/iscr-csm.insa-rennes.fr\/guillaumecalvez\/wp-json\/wp\/v2\/pages\/7","targetHints":{"allow":["GET"]}}],"collection":[{"href":"https:\/\/iscr-csm.insa-rennes.fr\/guillaumecalvez\/wp-json\/wp\/v2\/pages"}],"about":[{"href":"https:\/\/iscr-csm.insa-rennes.fr\/guillaumecalvez\/wp-json\/wp\/v2\/types\/page"}],"author":[{"embeddable":true,"href":"https:\/\/iscr-csm.insa-rennes.fr\/guillaumecalvez\/wp-json\/wp\/v2\/users\/1"}],"replies":[{"embeddable":true,"href":"https:\/\/iscr-csm.insa-rennes.fr\/guillaumecalvez\/wp-json\/wp\/v2\/comments?post=7"}],"version-history":[{"count":13,"href":"https:\/\/iscr-csm.insa-rennes.fr\/guillaumecalvez\/wp-json\/wp\/v2\/pages\/7\/revisions"}],"predecessor-version":[{"id":498,"href":"https:\/\/iscr-csm.insa-rennes.fr\/guillaumecalvez\/wp-json\/wp\/v2\/pages\/7\/revisions\/498"}],"wp:attachment":[{"href":"https:\/\/iscr-csm.insa-rennes.fr\/guillaumecalvez\/wp-json\/wp\/v2\/media?parent=7"}],"curies":[{"name":"wp","href":"https:\/\/api.w.org\/{rel}","templated":true}]}}