{"id":181,"date":"2013-02-14T18:12:47","date_gmt":"2013-02-14T17:12:47","guid":{"rendered":"http:\/\/scr-mi.insa-rennes.fr\/guillaumecalvez\/?page_id=181"},"modified":"2019-12-03T16:37:06","modified_gmt":"2019-12-03T15:37:06","slug":"posters","status":"publish","type":"page","link":"https:\/\/iscr-csm.insa-rennes.fr\/guillaumecalvez\/posters\/","title":{"rendered":"Posters"},"content":{"rendered":"<h2>2019<\/h2>\n<ul>\n<li>\u00ab Propri\u00e9t\u00e9s photo-physiques de polym\u00e8res de coordination \u00e0 base de terres rares et de ligands Carboxylates \u00bb &#8211; Abdallah, A.; Wang, J.; Pointel, Y.; Freslon, S.; Daiguebonne, C.; Guillou, O.; Calvez, G.; Bernot, K.; Suffren, Y. &#8211; Journ\u00e9e Groupe Fran\u00e7ais des Luminophores, Grenoble, 20 juin 2019<\/li>\n<\/ul>\n<h2>2018<\/h2>\n<ul>\n<li>\u00ab Fire resistance improvement of plasterboard by reflection of thermal radiations \u00bb &#8211; Roquet, V.; Guillou, O.; Aranda, B.; Freslon, S.; Calvez, G. &#8211; JDD 3M, Rennes, 29 octobre 2018<\/li>\n<\/ul>\n<ul>\n<li>\u00ab Synthesis and characterization og coordination polymers: probing photo-physical properties \u00bb &#8211; Wang, J.; Freslon, S.; Suffren, Y.; Daiguebonne, C.; Guillou, O. &#8211; JDD 3M, Rennes, 29 octobre 2018<\/li>\n<\/ul>\n<ul>\n<li>\u00ab New compounds based on 4f hexanuclear complexes \u00bb &#8211; Yao, H.; Calvez, G.; Daiguebonne, C.; Bernot, K.; Suffren, Y.; Freslon, S.; Lescop, C.; Guillou, O. &#8211; ICFE-10, Lausanne, 3 au 6 septembre 2018<\/li>\n<\/ul>\n<ul>\n<li>\u00ab Luminescent properties of compounds based on 4f hexanuclear complexes \u00bb &#8211; Yao, H.; Calvez, G.; Daiguebonne, C.; Bernot, K.; Suffren, Y.; Freslon, S.; Lescop, C.; Guillou, O. &#8211; JDD 3M, Rennes, 29 octobre 2018<\/li>\n<\/ul>\n<ul>\n<li>\u00ab Single molecule magnets and metal organic framework: unity is strength \u00bb Huang, G.; Fernandez-Garcia, G.; Badiane, I.; Camara, M.; Freslon, S.; Guillou, O.; Daiguebonne, C.; Calvez, G.; Suffren, Y.; Totti, F.; Cador, O.; Guizouarn, T.; Le Guennic, B.; Bernot, K. &#8211; ICFE-10, Lausanne, 3 au 6 septembre 2018<\/li>\n<\/ul>\n<ul>\n<li>\u00ab Rare Earth-Based Coordination Polymers with Carboxylate Ligands Exhibing Tunable Luminescence: Photo-Physical Properties \u00bb &#8211; Daiguebonne, C.; Guillou, O.; Freslon, S.; Abdallah, A.; Wang, J.; Badiane, I.; Badiane, A.; Calvez, G.; Bernot, K.; Costuas, K.; Camara, M.; Suffren, Y. &#8211; ICFE-10, Lausanne, 3 au 6 septembre 2018<\/li>\n<\/ul>\n<ul>\n<li>\u00ab Hetero-lanthanide coordination polymers: from fundamental research to applications\u2026 and back \u00bb &#8211; Daiguebonne, C.; Calvez, G.; Bernot, K.; Suffren, Y.; Freslon, S.; Guillou, O. &#8211; ICFE-10, Lausanne, 3 au 6 septembre 2018<\/li>\n<\/ul>\n<h2>2017<\/h2>\n<ul>\n<li>\u00ab&nbsp;Tuning of emission color of a Eu(III) based dimer with 4-styrylpyridine as ligand by optical stimulus \u00bb &#8211; Puget, M.; Duluc, V.; Suffren, Y.; Bernot, K.; Calvez, G.; Guillou, O. &#8211; Journ\u00e9e des doctorants, Rennes, 27 janvier 2017<\/li>\n<\/ul>\n<ul>\n<li>\u00ab&nbsp;Characterization of fire resistance of construction materials by means of IR reflection \u00bb &#8211; Roquet, V.; Guillou, O.; Aranda, B.; Freslon, S.; Calvez, G.- Journ\u00e9e des doctorants, Rennes, 27 janvier 2017<\/li>\n<\/ul>\n<h2>2016<\/h2>\n<ul>\n<li>\u00ab Lanthanide-based Coordination Polymers with 1,2-Phenylenediacetic acid as Ligand: Synthesis, Crystal Structure, Luminescent and Thermal Properties \u00bb &#8211; Badiane, I.; Freslon, S.; Suffren, Y.; Daiguebonne, C.; Calvez, G. ; Bernot, K. ; Guillou, O. ; Camara, M. &#8211; First Pan African Conference of Crystallography, Dschang (Cameroon), 6 au 10 octobre 2016<\/li>\n<\/ul>\n<ul>\n<li>\u00ab&nbsp;Luminescent Lanthanide-based Single-Molecule Magnets: from dimers to 3D-networks and ordered magnetic films \u00bb &#8211; Bernot, K.; Yi, X.; Huang, G.; Cimatti, I.; Lanzilotto, V.; Mannini, M.; Sessoli, R.; Otero, E.; Sainctavit, P.; Le Guennic, B.; Jung, J.; Calvez, G.; Daiguebonne, C.; Guillou, O. &#8211; 42\u00e8me \u00e9dition de la Conf\u00e9rence Internationale sur la Chimie de Coordination (ICCC2016), Brest, 3-8 juillet 2016<\/li>\n<\/ul>\n<ul>\n<li>\u00ab&nbsp;Slow relaxation behavior of series of Lanthanide-(R-TEMPO) complexes \u00bb &#8211; Huang, G.; Bernot, K.; Daiguebonne, C.; Guillou, O.; Calvez, G. &#8211; Journ\u00e9e des doctorants, Rennes, 18 octobre 2016<\/li>\n<\/ul>\n<ul>\n<li>\u00ab&nbsp;Multifonctionality in lanthanide-based dimers: single-molecule magnetism and photo-induced tuning of color emission \u00bb &#8211; Puget, M.; David-Vifflantzeff, J.; Bernot, K.; Calvez, G.; Daiguebonne, C.; Guillou, O. &#8211; 42\u00e8me \u00e9dition de la Conf\u00e9rence Internationale sur la Chimie de Coordination (ICCC2016), Brest,3 au 8 juillet 2016<\/li>\n<\/ul>\n<ul>\n<li>\u00ab&nbsp;Solvothermal synthesis of a new 4f polynuclear complex \u00bb &#8211; Yao, H.; Calvez, G.; Daiguebonne, C.; Guillou, O. &#8211; ClusPOM, Rennes, 29\/06-02\/07\/2016<\/li>\n<\/ul>\n<h2>2015<\/h2>\n<ul>\n<li>\u00ab&nbsp;Polym\u00e8res de coordination h\u00e9t\u00e9ro-nucl\u00e9aires \u00e0 base de terres rares :de la recherche fondamentale \u00e0 l&rsquo;application \u00bb &#8211; Bernot, K.; Calvez, G.; Daiguebonne, C.; Guillou, O. &#8211; GFL 2015, Clermont-Ferrand, 15 octobre 2015<\/li>\n<\/ul>\n<ul>\n<li>\u00ab&nbsp;Organization of luminescent Lanthanide-based Single-Molecule Magnets into 3D-networks and ordered magnetic films \u00bb &#8211; Bernot, K.; Yi, X.; Huang, G.; Cimatti, I.; Lanzilotto, V.; Mannini, M.; Sessoli, R.; Otero, E.; Sainctavit, P.; Le Guennic; Jung, J.; Calvez, G.; Daiguebonne , C.; Guillou, O. &#8211; GECOM-CONCOORD 2015 Lyon, 26 au 29 mai 2015<\/li>\n<\/ul>\n<ul>\n<li>\u00ab&nbsp;Playing with lanthanide-based smms : Tuning of the magnetic behavior and organization into 3d networks or ordered magnetic films \u00bb &#8211; Bernot, K.; Yi, X.; Huang, G.; Cimatti, I.; Lanzilotto, V.; Mannini, M.; Sessoli, R.; Otero, E.; Sainctavit, P.; Le Guennic, B.; Jung, J.; Calvez, G.; Daiguebonne, C.; Guillou, O. &#8211; Journ\u00e9es de Chimie de Coordination de la SCF, JCC 2015, Pessac, France, 29\u201330 Janvier 2015<\/li>\n<\/ul>\n<ul>\n<li>\u00ab&nbsp;Organisation de mol\u00e9cules-aimants \u00e0 base de lanthanides: des r\u00e9seaux 3D aux films magn\u00e9tiques ordonn\u00e9s \u00bb &#8211; Bernot, K.; Yi, X.; Huang, G.; Cimatti, I.; Mannini, M.; Sessoli, R.; Otero, E.; Sainctavit, P.; Le Guennic, B.; Jung, J.; Pointillart, F.; Cador, O.; Calvez, G.; Daiguebonne, C.; Guillou, O. &#8211; Journ\u00e9es scientifiques du GdR MCM2 (MAGNETISME ET COMMUTATION MOLECULAIRE), Dourdan, 8-10 d\u00e9cembre 2015<\/li>\n<\/ul>\n<ul>\n<li>\u00ab&nbsp;Structural and magnetic investigation of two lanthanide dimers&nbsp;\u00bb &#8211; Huang, G.; Bernot, K.; Guillou, O.; Calvez, G.; Daiguebonne, C. &#8211; Journ\u00e9es de Chimie de Coordination de la SCF, Pessac, 29\u201330 Janvier 2015<\/li>\n<\/ul>\n<ul>\n<li>\u00ab Solid state emissive Cu(I) polymetallic assemblies&nbsp;\u00bb &#8211; Lescop, C.; El Sayed Moussa, M.; Evariste, S.; Kernies, S.; Wong, H.-L.; Le Bras, L.; Calvez, G.; Le Guennic, B.; Costuas, K.; Yam, V. W.-W. &#8211; OptMol 2015,&nbsp; Workshop on Optically Active Molecules, Rennes, 19-20 novembre 2015<\/li>\n<\/ul>\n<h2>2014<\/h2>\n<ul>\n<li>\u00ab&nbsp;Unusual luminescence of lanthanide-based compounds as a local probe technique&nbsp;\u00bb &#8211; G. Calvez, F. Le Natur, L. Le Poll\u00e8s, K. Costuas, R. Gautier, O. Guillou &#8211;&nbsp;Journ\u00e9e Chimie Coordination de la Soci\u00e9t\u00e9 Chimique de France, Rennes, 2014 &#8211; CA10 (2014) p.49<\/li>\n<\/ul>\n<ul>\n<li>\u00ab Multi-scale approach for the study of lanthanide-based single-molecule magnets \u00bb &#8211; Bernot, K.; Yi, X.; Pointillart, F.; Cador, O.; Le Guennic, B.; Jung, J.; Roisnel, T.; Maury, O.; Placide, V.; Guyot, Y.; Luzon, J.; Calvez, G.; Daiguebonne, C.; Guillou, O. &#8211; Journ\u00e9e de Chimie de Coordination de la Soci\u00e9t\u00e9 Chimique de France, Rennes, 30-31 janvier 2014<\/li>\n<\/ul>\n<ul>\n<li>\u00ab Isoreticular heteronuclear lanthanide based coordination polymers : structure and luminescent properties \u00bb &#8211; Fan, X.; Freslon, S.; Luo, Y.; Calvez, G.; Daiguebonne, C.; Guillou, O.; Bernot, K.; Michel, V. &#8211; Journ\u00e9es de Chimie de Coordination de la Soci\u00e9t\u00e9 Chimique de France, Rennes, 30 et 31 janvier 2014<\/li>\n<\/ul>\n<ul>\n<li>\u00ab&nbsp;Entit\u00e9s h\u00e9t\u00e9ro-hexanucl\u00e9aires de lanthanides : assemblage modulaire, fonctionnalisation et propri\u00e9t\u00e9s de luminescence associ\u00e9es \u00bb &#8211; Le Natur, F.; Thuong Nguyen, T.; Roiland, C.; Calvez, G.; Guillou, O.; Le Poll\u00e8s, L.; Trivelli, X.; Gautier, R. &#8211; Journ\u00e9es de Chimie de Coordination de la Soci\u00e9t\u00e9 Chimique de France, Rennes, 30-31 janvier 2014<\/li>\n<\/ul>\n<ul>\n<li>\u00ab&nbsp;Magnetic and Optical Properties of a Family of Dinuclear Complexes of Ln(III) (Ln= Eu, Gd, Tb, Dy) \u00bb &#8211; Yi, X.; Bernot, K.; Calvez, G.; Daiguebonne, C.; Guillou, O. &#8211; Journ\u00e9es de Chimie de Coordination de la Soci\u00e9t\u00e9 Chimique de France, Rennes, 30-31 janvier 2014<\/li>\n<\/ul>\n<h2>2013<\/h2>\n<ul>\n<li>\u00ab&nbsp;A Combined Experimental and Theoretical Study of the 89Y Nuclear Magnetic Resonance Properties of [Y<sub>n<\/sub>Lu<sub>6\u2212n<\/sub>O(OH)<sub>8<\/sub>(NO<sub>3<\/sub>)<sub>6<\/sub>(H<sub>2<\/sub>O)<sub>12<\/sub>]<sup>2+<\/sup>&nbsp;Compounds&nbsp;\u00bb &#8211; T.-T. Thuong Nguyen, F. Le Natur, G. Calvez, C. Daiguebonne, O. Guillou, L. Le Poll\u00e8s, X. Trivelli, R. Gautier &#8211; International Sympoisium on Frontiers in Materials Science, Hanoi (Vietnam), 17-19\/11\/2013<\/li>\n<\/ul>\n<ul>\n<li>\u00ab&nbsp;Lanthanide coordination chemistry as a tool for the design of luminescent and magnetic materials&nbsp;\u00bb &#8211; Bernot K., Yi X., Calvez G., Daiguebonne C., Guillou O., Cador O., Pointillart F., Norel L., Rigault S., Luzon J.,Poneti G &#8211; Journ\u00e9e Chimie Coordination de la Soci\u00e9t\u00e9 Chimique de France, Lyon, 2013 &#8211; CO10 (2013) p.82<\/li>\n<\/ul>\n<ul>\n<li>\u00ab&nbsp;Etude des propri\u00e9t\u00e9s de luminescence de compos\u00e9s de coordination \u00e0 base de lanthanides&nbsp;\u00bb &#8211; Calvez G., Le Natur F. , Bernot K., Daiguebonne C. ,Guillou O. &#8211; Journ\u00e9e Chimie Coordination de la Soci\u00e9t\u00e9 Chimique de France, Lyon, 2013 &#8211; CO10 (2013) p.40<\/li>\n<\/ul>\n<ul>\n<li>\u00ab&nbsp;Synth\u00e8se, caract\u00e9risation structurale et \u00e9tude des propri\u00e9t\u00e9s thermiques, optiques et magn\u00e9tiques d&rsquo;une nouvelle famille de polym\u00e8res de coordination \u00e0 base de terres rares et de chelidonate&nbsp;\u00bb &#8211; Fan X., Calvez G., Bernot K., Guillou O., Freslon S.,Daiguebonne C &#8211; Journ\u00e9e Chimie Coordination de la&nbsp;Soci\u00e9t\u00e9 Chimique de France, Lyon, 2013 &#8211; CO10 (2013) p.81<\/li>\n<\/ul>\n<ul>\n<li>\u00ab&nbsp;Polym\u00e8re de coordination \u00e0 base d\u2019entit\u00e9s hexanucl\u00e9aires de terres rares : Vers une luminescence a 2 niveaux&nbsp;\u00bb &#8211; Le Natur F., Calvez G., Guillou O., Roiland C., Le Poll\u00e8s L. &#8211; Journ\u00e9e Chimie de Coordination de la Soci\u00e9t\u00e9 Chimique de France, Lyon, 2013 &#8211; CP12 (2013) p.70<\/li>\n<\/ul>\n<ul>\n<li>\u00ab&nbsp;Le pyromelitate, un ligand bien adapt\u00e9 \u00e0 l&rsquo;obtention de polym\u00e8res de coordination \u00e0 base de terres rares&nbsp;\u00bb &#8211; Luo Y., Calvez G., Bernot K., Daiguebonne C., Le Dret F.,Guillou O &#8211; Journ\u00e9e Chimie de Coordination de la Soci\u00e9t\u00e9 Chimique de France, Lyon, 2013 &#8211; CP12 (2013) p.79<\/li>\n<\/ul>\n<h2>2012<\/h2>\n<ul>\n<li>\u00ab A Promising Candidate For Deposition of Single molecule Magnets on Surface \u00bb &#8211; MMS 2012 &#8211; Yi X. ; Bernot K. ; Calvez G. ; Daiguebonne C. ; Guillou O. &#8211; Rennes (France), june, 21 2012<\/li>\n<\/ul>\n<ul>\n<li>\u00ab Rare earth based hetero-hexanuclear complexes :&nbsp;89Y MAS NMR investigations&nbsp;\u00bb &#8211; SMARTER 3.0 &#8211; Le Natur F. ; Roiland C. ; Calvez G. ; Le Poll\u00e8s L. ; Guillou O. &#8211; Versailles (France), septembre, 10-13 2012<\/li>\n<\/ul>\n<ul>\n<li>\u00ab Polym\u00e8res de coordination \u00e0 base d\u2019entit\u00e9s hexanucl\u00e9aires de terres rares : une nouvelle voie pour l\u2019optimisation de leurs propri\u00e9t\u00e9s de luminescence \u00bb &#8211; Journ\u00e9e des Doctorants 2012 Ecole Doctorale Sciences de la Mati\u00e8re, Rennes&nbsp;&#8211; Le Natur F. ; Calvez G. ; Guillou O. \u2013 Rennes (France), january, 18 2012<\/li>\n<\/ul>\n<h2>2011<\/h2>\n<ul>\n<li>\u00ab Magnetic Anisotropy in a Dysprosium-DOTA Single Molecule Magnet: Beyond Simple Magneto-Structural Correlations \u00bb &#8211; 3rd European Conference on Molecular Magnetism &#8211; Sessoli R. ; Cucinotta G. ; Perfetti M. ; Luzon J. ; Etienne M. ; Car P.E. ; Caneschi A. ; Calvez G. ; Bernot K. &#8211; Paris (France), novembre, 22-25 2011<\/li>\n<\/ul>\n<ul>\n<li>\u00ab A porosity study of a series of lanthanide based coordination polymers \u00bb &#8211; Journ\u00e9e des Doctorants 2011 Ecole Doctorale Sciences de la Mati\u00e8re, Rennes &#8211; Luo Y. ; Calvez G. ; Freslon S. ; Daiguebonne C. ; Guillou O. &#8211; Rennes (France), january, 12 2011<\/li>\n<\/ul>\n<ul>\n<li>\u00ab Lanthanide amino-isophthalate coordination polymers : synthesis and luminescent properties \u00bb &#8211; Journ\u00e9es de Chimie de Coordination de la Soci\u00e9t\u00e9 Chimique de France &#8211; Luo Y. ; Calvez G. ; Freslon S. ; Daiguebonne C. ; Guillou O. &#8211; Angers (France), february, 3-4 2011<\/li>\n<\/ul>\n<ul>\n<li>\u00ab Synthesis, crystal structure, porosity estimation and luminescent properties of new lanthanide-containing coordination polymers involving OBA ligands \u00bb &#8211; France-Japan Coordination Chemistry Symposium &#8211; Guillou O. ; Luo Y. ; Zheng Y. ; Calvez G. ; Freslon S. ; Daiguebonne C. ; Bernot K. ; Kerbellec N. &#8211; Rennes (France), june, 28 to july, 2 2011<\/li>\n<\/ul>\n<h2>2010<\/h2>\n<ul>\n<li>\u00ab New Na-Cl type lanthanide containing coordination polymer exhibiting large cavities \u00bb &#8211; Global Challenges for Sustainable Development &#8211; Luo Y. ; Calvez G. ; Freslon S. ; Daiguebonne C. ; Guillou O. &#8211; Rennes (France), february, 25-26 2010<\/li>\n<\/ul>\n<ul>\n<li>\u00ab A new lanthanide based MOF with hexanuclear complexes as metallic centers \u00bb au congr\u00e8s Global&nbsp;Challenges for Sustainable Development &#8211; Calvez G. ; Guillou O. ; Daiguebonne C. &#8211; Rennes (France), february, 25-26 2010<\/li>\n<\/ul>\n<h2>2009<\/h2>\n<ul>\n<li>\u00ab Un nouveau polym\u00e8re de coordination poreux \u00e0 base de lanthanides et de 2-aminot\u00e9r\u00e9phtalate \u00bb &#8211; Journ\u00e9e des Doctorants 2009 Ecole Doctorale Sciences de la Mati\u00e8re, Rennes &#8211; Luo Y. ; Calvez G. ; Freslon S. ; Roisnel T. ; Daiguebonne C. ; Guillou O. &#8211; Rennes (France), decembre, 9 2009<\/li>\n<\/ul>\n<ul>\n<li>\u00ab Polymorphism of octahedral hexanuclear compounds \u00bb &#8211; &nbsp;International Conference on f-elements &#8211; Calvez G.; Daiguebonne C.; Guillou O. &#8211; K\u00f6ln (Germany), august, 23-27 2009<\/li>\n<\/ul>\n","protected":false},"excerpt":{"rendered":"<p>2019 \u00ab Propri\u00e9t\u00e9s photo-physiques de polym\u00e8res de coordination \u00e0 base de terres rares et de ligands Carboxylates \u00bb &#8211; Abdallah, A.; Wang, J.; Pointel, Y.; Freslon, S.; Daiguebonne, C.; Guillou, O.; Calvez, G.; Bernot, K.; &hellip; <a href=\"https:\/\/iscr-csm.insa-rennes.fr\/guillaumecalvez\/posters\/\" class=\"more-link\">Lire la suite <span class=\"screen-reader-text\">Posters<\/span> <span class=\"meta-nav\">&rarr;<\/span><\/a><\/p>\n","protected":false},"author":1,"featured_media":0,"parent":0,"menu_order":0,"comment_status":"closed","ping_status":"closed","template":"","meta":{"footnotes":""},"class_list":["post-181","page","type-page","status-publish","hentry"],"jetpack_sharing_enabled":true,"_links":{"self":[{"href":"https:\/\/iscr-csm.insa-rennes.fr\/guillaumecalvez\/wp-json\/wp\/v2\/pages\/181","targetHints":{"allow":["GET"]}}],"collection":[{"href":"https:\/\/iscr-csm.insa-rennes.fr\/guillaumecalvez\/wp-json\/wp\/v2\/pages"}],"about":[{"href":"https:\/\/iscr-csm.insa-rennes.fr\/guillaumecalvez\/wp-json\/wp\/v2\/types\/page"}],"author":[{"embeddable":true,"href":"https:\/\/iscr-csm.insa-rennes.fr\/guillaumecalvez\/wp-json\/wp\/v2\/users\/1"}],"replies":[{"embeddable":true,"href":"https:\/\/iscr-csm.insa-rennes.fr\/guillaumecalvez\/wp-json\/wp\/v2\/comments?post=181"}],"version-history":[{"count":15,"href":"https:\/\/iscr-csm.insa-rennes.fr\/guillaumecalvez\/wp-json\/wp\/v2\/pages\/181\/revisions"}],"predecessor-version":[{"id":414,"href":"https:\/\/iscr-csm.insa-rennes.fr\/guillaumecalvez\/wp-json\/wp\/v2\/pages\/181\/revisions\/414"}],"wp:attachment":[{"href":"https:\/\/iscr-csm.insa-rennes.fr\/guillaumecalvez\/wp-json\/wp\/v2\/media?parent=181"}],"curies":[{"name":"wp","href":"https:\/\/api.w.org\/{rel}","templated":true}]}}