{"id":155,"date":"2013-01-11T21:33:43","date_gmt":"2013-01-11T20:33:43","guid":{"rendered":"http:\/\/scr-mi.insa-rennes.fr\/guillaumecalvez\/?page_id=155"},"modified":"2026-01-14T13:05:14","modified_gmt":"2026-01-14T12:05:14","slug":"communications","status":"publish","type":"page","link":"https:\/\/iscr-csm.insa-rennes.fr\/guillaumecalvez\/communications\/","title":{"rendered":"Communications"},"content":{"rendered":"<table border=\"0\" cellspacing=\"0\" cellpadding=\"5px\" align=\"center\">\n<tbody>\n<tr>\n<td>\u00a0<a title=\"Guillaume Calvez\" href=\"https:\/\/www.researchgate.net\/profile\/Guillaume_Calvez\/\" target=\"_blank\" rel=\"noopener\"><img decoding=\"async\" src=\"https:\/\/www.researchgate.net\/images\/public\/profile_share_badge.png\" alt=\"Guillaume Calvez\" \/>\u00a0\u00a0\u00a0\u00a0<\/a><a href=\"https:\/\/cv.hal.science\/guillaumecalvez\/\" target=\"_blank\" rel=\"noopener\"><img loading=\"lazy\" decoding=\"async\" class=\"wp-image-385 alignnone\" src=\"https:\/\/iscr-csm.insa-rennes.fr\/guillaumecalvez\/wp-content\/uploads\/sites\/9\/2018\/06\/logo_hal_tampon_RVB-300x300.jpg\" alt=\"\" width=\"78\" height=\"78\" srcset=\"https:\/\/iscr-csm.insa-rennes.fr\/guillaumecalvez\/wp-content\/uploads\/sites\/9\/2018\/06\/logo_hal_tampon_RVB-300x300.jpg 300w, https:\/\/iscr-csm.insa-rennes.fr\/guillaumecalvez\/wp-content\/uploads\/sites\/9\/2018\/06\/logo_hal_tampon_RVB-150x150.jpg 150w, https:\/\/iscr-csm.insa-rennes.fr\/guillaumecalvez\/wp-content\/uploads\/sites\/9\/2018\/06\/logo_hal_tampon_RVB.jpg 671w\" sizes=\"auto, (max-width: 78px) 100vw, 78px\" \/><\/a><\/td>\n<\/tr>\n<tr>\n<td><a href=\"http:\/\/orcid.org\/0000-0002-2133-7214\" target=\"_blank\" rel=\"noopener\">ORCID<\/a>\u00a0 \u00a0<a href=\"http:\/\/www.scopus.com\/authid\/detail.url?authorId=23468743700\" target=\"_blank\" rel=\"noopener\">Scopus<\/a>\u00a0\u00a0\u00a0 <a href=\"https:\/\/scholar.google.fr\/citations?user=kCPpNeQAAAAJ\" target=\"_blank\" rel=\"noopener\">Google Scholar<\/a> \u00a0 <a href=\"https:\/\/www.zotero.org\/gcalvez\" target=\"_blank\" rel=\"noopener noreferrer\">Zotero<\/a>\u00a0 <a href=\"https:\/\/www.idref.fr\/139456899\" target=\"_blank\" rel=\"noopener\">IdRef<\/a><\/td>\n<\/tr>\n<tr>\n<td>Conference at \u00ab\u00a0CLUSPOM 2018\u00a0\u00bb, Gif-sur-Yvette, France, June, 5-7 2018<br \/>\n<em>From 4f octahedral hexanuclear precursor to planar hexanuclear complexes<\/em><br \/>\nConference at \u00ab\u00a0IWTMC IV\u00a0\u00bb, Novosibirsk, Russia, september, 8-11 2014<br \/>\n<a title=\"IWTMC IV livret\" href=\"http:\/\/www.niic.nsc.ru\/files\/conferences\/iwtmc4\/Abstracts_IWTMC-IV.pdf\" target=\"_blank\" rel=\"noopener noreferrer\"><em>Solubilization of 4f hexanuclear complexes and resulting luminescent properties<\/em><\/a><br \/>\nConference at \u00ab\u00a0Journ\u00e9es de Chimie de Coordination\u00a0\u00bb, Angers, France, february, 3-4 2011<br \/>\n<em>Un complexe hexanucl\u00e9aire octa\u00e9drique comme pr\u00e9curseur mol\u00e9culaire<\/em><br \/>\nConference at \u00ab\u00a0Mat\u00e9riaux 2010\u00a0\u00bb, Nantes, France, octobre, 18-22 2010<br \/>\n<em>Mat\u00e9riaux poreux \u00e0 base d\u2019entit\u00e9s polynucl\u00e9aires de terres rares <\/em><\/td>\n<\/tr>\n<tr>\n<td>Filed patent application &#8211; n\u00b01258525, France (septembre, 11 2012)<br \/>\nFR2995316-A1 (2014-03-14) WO2014040917-A1 (2014-03-20)<br \/>\n<em>Proc\u00e9d\u00e9 de marquage d\u2019au moins un mat\u00e9riau comprenant une\u00a0<\/em><em>matrice solide ou liquide, organique ou min\u00e9rale, et mat\u00e9riau correspondant<\/em><\/td>\n<\/tr>\n<tr>\n<td><a href=\"https:\/\/www.cnrs.fr\/endirectdeslabos\/Lettre.aspx?numero=120\" target=\"_blank\" rel=\"noopener noreferrer\">\u00ab\u00a0En direct des laboratoires\u00a0\u00bb, CNRS &#8211; Institut de Chimie, feb. 2014<\/a><br \/>\n<a href=\"http:\/\/www.chemistryviews.org\/details\/ezine\/5732591\/Ancient_Dye__Modern_Magnet.html\" target=\"_blank\" rel=\"noopener noreferrer\">\u00ab\u00a0Ancient Dye, Modern Magnet\u00a0\u00bb, ChemViews Magazine, jan. 2014<\/a><br \/>\n<a href=\"http:\/\/www.espace-sciences.org\/sciences-ouest\/303\/actualite\/des-marqueurs-infalsifiables\" target=\"_blank\" rel=\"noopener noreferrer\">Sciences Ouest n\u00b0303, nov. 2012<\/a><br \/>\n<a href=\"https:\/\/www.espace-sciences.org\/sites\/default\/files\/images\/sciences-ouest\/numeros\/sciences_ouest_249_prix_bretagne_jeune_chercheur_2007.pdf\" target=\"_blank\" rel=\"noopener noreferrer\">Sciences Ouest n\u00b0249, dec. 2007<br \/>\n<\/a><\/td>\n<\/tr>\n<\/tbody>\n<\/table>\n<p><strong><a title=\"Publications HAL\" href=\"https:\/\/iscr-csm.insa-rennes.fr\/guillaumecalvez\/publications\/\">Scientific publications<\/a><\/strong><\/p>\n<p><a href=\"\/guillaumecalvez\/posters\/\"><strong>Posters<\/strong><\/a><\/p>\n","protected":false},"excerpt":{"rendered":"<p>\u00a0\u00a0\u00a0\u00a0\u00a0 ORCID\u00a0 \u00a0Scopus\u00a0\u00a0\u00a0 Google Scholar \u00a0 Zotero\u00a0 IdRef Conference at \u00ab\u00a0CLUSPOM 2018\u00a0\u00bb, Gif-sur-Yvette, France, June, 5-7 2018 From 4f octahedral hexanuclear precursor to planar hexanuclear complexes Conference at \u00ab\u00a0IWTMC IV\u00a0\u00bb, Novosibirsk, Russia, september, 8-11 2014 &hellip; <a href=\"https:\/\/iscr-csm.insa-rennes.fr\/guillaumecalvez\/communications\/\" class=\"more-link\">Lire la suite <span class=\"screen-reader-text\">Communications<\/span> <span class=\"meta-nav\">&rarr;<\/span><\/a><\/p>\n","protected":false},"author":1,"featured_media":0,"parent":0,"menu_order":0,"comment_status":"closed","ping_status":"closed","template":"","meta":{"footnotes":""},"class_list":["post-155","page","type-page","status-publish","hentry"],"jetpack_sharing_enabled":true,"_links":{"self":[{"href":"https:\/\/iscr-csm.insa-rennes.fr\/guillaumecalvez\/wp-json\/wp\/v2\/pages\/155","targetHints":{"allow":["GET"]}}],"collection":[{"href":"https:\/\/iscr-csm.insa-rennes.fr\/guillaumecalvez\/wp-json\/wp\/v2\/pages"}],"about":[{"href":"https:\/\/iscr-csm.insa-rennes.fr\/guillaumecalvez\/wp-json\/wp\/v2\/types\/page"}],"author":[{"embeddable":true,"href":"https:\/\/iscr-csm.insa-rennes.fr\/guillaumecalvez\/wp-json\/wp\/v2\/users\/1"}],"replies":[{"embeddable":true,"href":"https:\/\/iscr-csm.insa-rennes.fr\/guillaumecalvez\/wp-json\/wp\/v2\/comments?post=155"}],"version-history":[{"count":95,"href":"https:\/\/iscr-csm.insa-rennes.fr\/guillaumecalvez\/wp-json\/wp\/v2\/pages\/155\/revisions"}],"predecessor-version":[{"id":516,"href":"https:\/\/iscr-csm.insa-rennes.fr\/guillaumecalvez\/wp-json\/wp\/v2\/pages\/155\/revisions\/516"}],"wp:attachment":[{"href":"https:\/\/iscr-csm.insa-rennes.fr\/guillaumecalvez\/wp-json\/wp\/v2\/media?parent=155"}],"curies":[{"name":"wp","href":"https:\/\/api.w.org\/{rel}","templated":true}]}}