{"id":13,"date":"2019-09-17T09:42:25","date_gmt":"2019-09-17T07:42:25","guid":{"rendered":"https:\/\/iscr-csm.insa-rennes.fr\/chemintag\/?page_id=13"},"modified":"2023-04-14T11:53:02","modified_gmt":"2023-04-14T09:53:02","slug":"accueil","status":"publish","type":"page","link":"https:\/\/iscr-csm.insa-rennes.fr\/chemintag\/","title":{"rendered":"CHEMical INorganic TAGgants"},"content":{"rendered":"\n<div class=\"alignnormal\"><div id=\"metaslider-id-114\" style=\"width: 100%;\" class=\"ml-slider-3-107-0 metaslider metaslider-flex metaslider-114 ml-slider has-dots-nav ms-theme-default\" role=\"region\" aria-label=\"troph\u00e9es innovation\" data-height=\"300\" data-width=\"700\">\n    <div id=\"metaslider_container_114\">\n        <div id=\"metaslider_114\">\n            <ul class='slides'>\n                <li style=\"display: block; width: 100%;\" class=\"slide-118 ms-image \" aria-roledescription=\"slide\" data-date=\"2021-12-10 17:42:36\" data-filename=\"dscf9455-trophees1_0-700x300.jpg\" data-slide-type=\"image\"><img loading=\"lazy\" decoding=\"async\" src=\"https:\/\/iscr-csm.insa-rennes.fr\/chemintag\/wp-content\/uploads\/sites\/15\/2021\/12\/dscf9455-trophees1_0-700x300.jpg\" height=\"300\" width=\"700\" alt=\"\" class=\"slider-114 slide-118 msDefaultImage\" title=\"dscf9455-trophees1_0\" \/><\/li>\n                <li style=\"display: none; width: 100%;\" class=\"slide-119 ms-image \" aria-roledescription=\"slide\" data-date=\"2021-12-10 17:42:36\" data-filename=\"CNRS-30-NOVEMBRE-240-scaled-700x300.jpg\" data-slide-type=\"image\"><img loading=\"lazy\" decoding=\"async\" src=\"https:\/\/iscr-csm.insa-rennes.fr\/chemintag\/wp-content\/uploads\/sites\/15\/2021\/12\/CNRS-30-NOVEMBRE-240-scaled-700x300.jpg\" height=\"300\" width=\"700\" alt=\"\" class=\"slider-114 slide-119 msDefaultImage\" title=\"CNRS 30 NOVEMBRE-240\" \/><\/li>\n                <li style=\"display: none; width: 100%;\" class=\"slide-120 ms-image \" aria-roledescription=\"slide\" data-date=\"2021-12-10 17:42:36\" data-filename=\"CNRS-30-NOVEMBRE-239-scaled-700x300.jpg\" data-slide-type=\"image\"><img loading=\"lazy\" decoding=\"async\" src=\"https:\/\/iscr-csm.insa-rennes.fr\/chemintag\/wp-content\/uploads\/sites\/15\/2021\/12\/CNRS-30-NOVEMBRE-239-scaled-700x300.jpg\" height=\"300\" width=\"700\" alt=\"\" class=\"slider-114 slide-120 msDefaultImage\" title=\"CNRS 30 NOVEMBRE-239\" \/><\/li>\n            <\/ul>\n        <\/div>\n        \n    <\/div>\n<\/div><\/div>\n\n\n\n<h2 class=\"wp-block-heading\"><a rel=\"noreferrer noopener\" href=\"https:\/\/www.cnrs.fr\/cnrsinnovation-lalettre\/actus.php?numero=879\" target=\"_blank\">CNRS la lettre innovation du 18\/11\/2021<\/a><\/h2>\n\n\n\n<div class=\"wp-block-columns is-layout-flex wp-container-core-columns-is-layout-9d6595d7 wp-block-columns-is-layout-flex\">\n<div class=\"wp-block-column is-layout-flow wp-block-column-is-layout-flow\" style=\"flex-basis:66.66%\">\n<h2>Laboratoires communs<\/h2>\n          <h3>Des marqueurs luminescents pour lutter contre la fraude<\/h3>\n          <div class=\"has-text-align-center\"><p>L&rsquo;Institut des sciences chimiques de Rennes et la soci\u00e9t\u00e9 Olnica ont cr\u00e9\u00e9 le laboratoire commun ChemInTag<br>(Chemical inorganic taggants) pour d\u00e9velopper des solutions de tra\u00e7abilit\u00e9 bas\u00e9es sur des marqueurs luminescents de nouvelle g\u00e9n\u00e9ration.<\/p> <\/div>\n<div><a href=\"https:\/\/www.cnrs.fr\/cnrsinnovation-lalettre\/actus.php?numero=879\">En savoir plus&#8230;<\/a><br><br>\n<\/div>\n<\/div>\n\n\n\n<div class=\"wp-block-column is-layout-flow wp-block-column-is-layout-flow\" style=\"flex-basis:33.33%\">\n<div class=\"complet\"><img decoding=\"async\" class=\"illustration vignette\" title=\"\" alt=\"\" src=\"https:\/\/www.cnrs.fr\/lettre-innovation\/vignettes\/vig_001711.jpeg\"><\/div>\n<\/div>\n<\/div>\n\n\n\n<hr class=\"wp-block-separator has-css-opacity\"\/>\n\n\n\n<figure class=\"wp-block-embed is-type-video is-provider-youtube wp-block-embed-youtube wp-embed-aspect-16-9 wp-has-aspect-ratio\"><div class=\"wp-block-embed__wrapper\">\n<div class=\"jetpack-video-wrapper\"><iframe loading=\"lazy\" title=\"GhostPrint Marking EN - Invisible Marking with Unique Code\" width=\"640\" height=\"360\" src=\"https:\/\/www.youtube.com\/embed\/doDvic3rkbI?feature=oembed\" frameborder=\"0\" allow=\"accelerometer; autoplay; clipboard-write; encrypted-media; gyroscope; picture-in-picture; web-share\" referrerpolicy=\"strict-origin-when-cross-origin\" allowfullscreen><\/iframe><\/div>\n<\/div><\/figure>\n\n\n\n<figure class=\"wp-block-embed is-type-video is-provider-youtube wp-block-embed-youtube wp-embed-aspect-16-9 wp-has-aspect-ratio\"><div class=\"wp-block-embed__wrapper\">\n<div class=\"jetpack-video-wrapper\"><iframe loading=\"lazy\" title=\"GhostPrint System EN\" width=\"640\" height=\"360\" src=\"https:\/\/www.youtube.com\/embed\/XeJWDEKVu8U?feature=oembed\" frameborder=\"0\" allow=\"accelerometer; autoplay; clipboard-write; encrypted-media; gyroscope; picture-in-picture; web-share\" referrerpolicy=\"strict-origin-when-cross-origin\" allowfullscreen><\/iframe><\/div>\n<\/div><\/figure>\n\n\n\n<p>Laboratoire commun <a href=\"https:\/\/iscr-csm.insa-rennes.fr\">INSA Rennes<\/a> &#8211; <a href=\"https:\/\/olnica.com\/\">Olnica<\/a><\/p>\n\n\n\n<div class=\"wp-block-columns are-vertically-aligned-center is-layout-flex wp-container-core-columns-is-layout-9d6595d7 wp-block-columns-is-layout-flex\">\n<div class=\"wp-block-column is-vertically-aligned-center is-layout-flow wp-block-column-is-layout-flow\">\n<a href=\"https:\/\/iscr-csm.insa-rennes.fr\"><figure class=\"wp-block-image size-large is-resized is-style-zoooom\"><img decoding=\"async\" src=\"https:\/\/iscr-csm.insa-rennes.fr\/chemintag\/wp-content\/uploads\/sites\/15\/2019\/11\/IMG_0377-1024x684.jpg\" alt=\"\" class=\"wp-image-48\" height=\"100\"><\/figure><\/a>\n<\/div>\n\n\n\n<div class=\"wp-block-column is-vertically-aligned-center is-layout-flow wp-block-column-is-layout-flow\">\n<a href=\"https:\/\/olnica.com\/\"> <figure class=\"wp-block-image size-large is-resized is-style-zoooom\"><img decoding=\"async\" src=\"https:\/\/iscr-csm.insa-rennes.fr\/chemintag\/wp-content\/uploads\/sites\/15\/2019\/11\/Photo-Olnica-1024x684.jpg\" alt=\"\" class=\"wp-image-38\" height=\"100\"><\/figure><\/a>\n<\/div>\n<\/div>\n\n\n\n<div class=\"wp-block-columns is-layout-flex wp-container-core-columns-is-layout-9d6595d7 wp-block-columns-is-layout-flex\">\n<div class=\"wp-block-column is-vertically-aligned-center is-layout-flow wp-block-column-is-layout-flow\">\n<div class=\"wp-block-image\"><a target=\"_blank\" href=\"https:\/\/iscr.univ-rennes1.fr\/csm\" rel=\"noopener noreferrer\"><figure class=\"aligncenter size-large is-resized\"><img loading=\"lazy\" decoding=\"async\" src=\"https:\/\/iscr-csm.insa-rennes.fr\/chemintag\/wp-content\/uploads\/sites\/15\/2019\/11\/logo050117_CSM.png\" alt=\"\" class=\"wp-image-52\" width=\"150\" height=\"70\" srcset=\"https:\/\/iscr-csm.insa-rennes.fr\/chemintag\/wp-content\/uploads\/sites\/15\/2019\/11\/logo050117_CSM.png 500w, https:\/\/iscr-csm.insa-rennes.fr\/chemintag\/wp-content\/uploads\/sites\/15\/2019\/11\/logo050117_CSM-300x141.png 300w, https:\/\/iscr-csm.insa-rennes.fr\/chemintag\/wp-content\/uploads\/sites\/15\/2019\/11\/logo050117_CSM-345x162.png 345w\" sizes=\"auto, (max-width: 150px) 100vw, 150px\" \/><\/figure><\/a><\/div>\n<\/div>\n\n\n\n<div class=\"wp-block-column is-vertically-aligned-center is-layout-flow wp-block-column-is-layout-flow\">\n<div class=\"wp-block-image\"><a target=\"_blank\" href=\"https:\/\/www.insa-rennes.fr\" rel=\"noopener noreferrer\"><figure class=\"aligncenter size-large is-resized\"><img loading=\"lazy\" decoding=\"async\" src=\"https:\/\/iscr-csm.insa-rennes.fr\/chemintag\/wp-content\/uploads\/sites\/15\/2019\/11\/Logo_INSA_quadri_RVB.jpg\" alt=\"\" class=\"wp-image-53\" width=\"108\" height=\"45\" srcset=\"https:\/\/iscr-csm.insa-rennes.fr\/chemintag\/wp-content\/uploads\/sites\/15\/2019\/11\/Logo_INSA_quadri_RVB.jpg 450w, https:\/\/iscr-csm.insa-rennes.fr\/chemintag\/wp-content\/uploads\/sites\/15\/2019\/11\/Logo_INSA_quadri_RVB-300x127.jpg 300w, https:\/\/iscr-csm.insa-rennes.fr\/chemintag\/wp-content\/uploads\/sites\/15\/2019\/11\/Logo_INSA_quadri_RVB-345x146.jpg 345w\" sizes=\"auto, (max-width: 108px) 100vw, 108px\" \/><\/figure><\/a><\/div>\n<\/div>\n\n\n\n<div class=\"wp-block-column is-layout-flow wp-block-column-is-layout-flow\">\n<div class=\"wp-block-image\"><a target=\"_blank\" href=\"https:\/\/olnica.com\" rel=\"noopener noreferrer\"><figure class=\"aligncenter size-large is-resized\"><img loading=\"lazy\" decoding=\"async\" src=\"https:\/\/iscr-csm.insa-rennes.fr\/chemintag\/wp-content\/uploads\/sites\/15\/2019\/11\/logo_olnica-1024x431.jpg\" alt=\"\" class=\"wp-image-55\" width=\"188\" height=\"78\" srcset=\"https:\/\/iscr-csm.insa-rennes.fr\/chemintag\/wp-content\/uploads\/sites\/15\/2019\/11\/logo_olnica-1024x431.jpg 1024w, https:\/\/iscr-csm.insa-rennes.fr\/chemintag\/wp-content\/uploads\/sites\/15\/2019\/11\/logo_olnica-300x126.jpg 300w, https:\/\/iscr-csm.insa-rennes.fr\/chemintag\/wp-content\/uploads\/sites\/15\/2019\/11\/logo_olnica-768x323.jpg 768w, https:\/\/iscr-csm.insa-rennes.fr\/chemintag\/wp-content\/uploads\/sites\/15\/2019\/11\/logo_olnica-345x145.jpg 345w, https:\/\/iscr-csm.insa-rennes.fr\/chemintag\/wp-content\/uploads\/sites\/15\/2019\/11\/logo_olnica-770x324.jpg 770w, https:\/\/iscr-csm.insa-rennes.fr\/chemintag\/wp-content\/uploads\/sites\/15\/2019\/11\/logo_olnica.jpg 1122w\" sizes=\"auto, (max-width: 188px) 100vw, 188px\" \/><\/figure><\/a><\/div>\n<\/div>\n<\/div>\n","protected":false},"excerpt":{"rendered":"<p>CNRS la lettre innovation du 18\/11\/2021 Laboratoires communs Des marqueurs luminescents pour lutter contre la fraude L&rsquo;Institut des sciences chimiques de Rennes et la soci\u00e9t\u00e9 Olnica ont cr\u00e9\u00e9 le laboratoire commun ChemInTag(Chemical inorganic taggants) pour &hellip; <a href=\"https:\/\/iscr-csm.insa-rennes.fr\/chemintag\/\" class=\"more-link\">Lire la suite <span class=\"screen-reader-text\">CHEMical INorganic TAGgants<\/span> <span class=\"meta-nav\">&rarr;<\/span><\/a><\/p>\n","protected":false},"author":1,"featured_media":0,"parent":0,"menu_order":0,"comment_status":"closed","ping_status":"closed","template":"","meta":{"footnotes":""},"class_list":["post-13","page","type-page","status-publish","hentry"],"jetpack_sharing_enabled":true,"_links":{"self":[{"href":"https:\/\/iscr-csm.insa-rennes.fr\/chemintag\/wp-json\/wp\/v2\/pages\/13","targetHints":{"allow":["GET"]}}],"collection":[{"href":"https:\/\/iscr-csm.insa-rennes.fr\/chemintag\/wp-json\/wp\/v2\/pages"}],"about":[{"href":"https:\/\/iscr-csm.insa-rennes.fr\/chemintag\/wp-json\/wp\/v2\/types\/page"}],"author":[{"embeddable":true,"href":"https:\/\/iscr-csm.insa-rennes.fr\/chemintag\/wp-json\/wp\/v2\/users\/1"}],"replies":[{"embeddable":true,"href":"https:\/\/iscr-csm.insa-rennes.fr\/chemintag\/wp-json\/wp\/v2\/comments?post=13"}],"version-history":[{"count":48,"href":"https:\/\/iscr-csm.insa-rennes.fr\/chemintag\/wp-json\/wp\/v2\/pages\/13\/revisions"}],"predecessor-version":[{"id":128,"href":"https:\/\/iscr-csm.insa-rennes.fr\/chemintag\/wp-json\/wp\/v2\/pages\/13\/revisions\/128"}],"wp:attachment":[{"href":"https:\/\/iscr-csm.insa-rennes.fr\/chemintag\/wp-json\/wp\/v2\/media?parent=13"}],"curies":[{"name":"wp","href":"https:\/\/api.w.org\/{rel}","templated":true}]}}