{"id":5,"date":"2012-10-05T11:35:10","date_gmt":"2012-10-05T10:35:10","guid":{"rendered":"http:\/\/scr-mi.insa-rennes.fr\/caroledaiguebonne\/?page_id=2"},"modified":"2024-10-10T06:59:33","modified_gmt":"2024-10-10T05:59:33","slug":"page-d-exemple-2","status":"publish","type":"page","link":"https:\/\/iscr-csm.insa-rennes.fr\/caroledaiguebonne\/","title":{"rendered":"Carole Daiguebonne"},"content":{"rendered":"<h6><strong>Situation Actuelle<\/strong><\/h6>\n<ul>\n<li>Professeur des universit\u00e9s \u00e0 l&rsquo;INSA Rennes (2023-).<\/li>\n<li>Ma\u00eetre de Conf\u00e9rences \u00e0 l&rsquo;INSA Rennes (2002-2023).<\/li>\n<li>Membre de l&rsquo;\u00e9quipe \u00ab\u00a0Chimie du Solide et Mat\u00e9riaux\u00a0\u00bb de l&rsquo;UMR 6226 \u00ab\u00a0Institut des Sciences Chimiques de Rennes\u00a0\u00bb.<\/li>\n<li>Co-responsable du th\u00e8me \u00ab\u00a0Polym\u00e8res de coordination \u00e0 base de lanthanides\u00a0\u00bb au sein du laboratoire (2002-)<\/li>\n<\/ul>\n<h6><strong>Cursus<\/strong><\/h6>\n<ul>\n<li>2007- Habilitation \u00e0 Diriger les Recherches de l&rsquo;Universit\u00e9 de Rennes 1.<\/li>\n<li>2000- Doctorat de l&rsquo;INSA de Rennes.<\/li>\n<\/ul>\n<h6><strong>Exp\u00e9riences Professionnelles<\/strong><\/h6>\n<ul>\n<li>2000-2001 Ing\u00e9nieur Expert contractuel &#8211; INSA de Rennes \u2013 Laboratoire de Chimie Inorganique des Lanthanides.<\/li>\n<li>2001 Stage post-doctoral -\u00ab\u00a0Laboratorio di Chimica Inorganica dello Stato Solido\u00a0\u00bb de l&rsquo;universit\u00e9 de Florence (Italie) &#8211; Equipe du Pr. Andrea Caneschi.<\/li>\n<li>2001-2002 ATER &#8211; INSA de Rennes &#8211; Laboratoire de Chimie Inorganique des Lanthanides.<\/li>\n<\/ul>\n","protected":false},"excerpt":{"rendered":"<p>Situation Actuelle Professeur des universit\u00e9s \u00e0 l&rsquo;INSA Rennes (2023-). Ma\u00eetre de Conf\u00e9rences \u00e0 l&rsquo;INSA Rennes (2002-2023). Membre de l&rsquo;\u00e9quipe \u00ab\u00a0Chimie du Solide et Mat\u00e9riaux\u00a0\u00bb de l&rsquo;UMR 6226 \u00ab\u00a0Institut des Sciences Chimiques de Rennes\u00a0\u00bb. Co-responsable du &hellip; <a href=\"https:\/\/iscr-csm.insa-rennes.fr\/caroledaiguebonne\/\" class=\"more-link\">Lire la suite <span class=\"screen-reader-text\">Carole Daiguebonne<\/span> <span class=\"meta-nav\">&rarr;<\/span><\/a><\/p>\n","protected":false},"author":2,"featured_media":0,"parent":0,"menu_order":0,"comment_status":"closed","ping_status":"closed","template":"","meta":{"footnotes":""},"class_list":["post-5","page","type-page","status-publish","hentry"],"jetpack_sharing_enabled":true,"_links":{"self":[{"href":"https:\/\/iscr-csm.insa-rennes.fr\/caroledaiguebonne\/wp-json\/wp\/v2\/pages\/5","targetHints":{"allow":["GET"]}}],"collection":[{"href":"https:\/\/iscr-csm.insa-rennes.fr\/caroledaiguebonne\/wp-json\/wp\/v2\/pages"}],"about":[{"href":"https:\/\/iscr-csm.insa-rennes.fr\/caroledaiguebonne\/wp-json\/wp\/v2\/types\/page"}],"author":[{"embeddable":true,"href":"https:\/\/iscr-csm.insa-rennes.fr\/caroledaiguebonne\/wp-json\/wp\/v2\/users\/2"}],"replies":[{"embeddable":true,"href":"https:\/\/iscr-csm.insa-rennes.fr\/caroledaiguebonne\/wp-json\/wp\/v2\/comments?post=5"}],"version-history":[{"count":12,"href":"https:\/\/iscr-csm.insa-rennes.fr\/caroledaiguebonne\/wp-json\/wp\/v2\/pages\/5\/revisions"}],"predecessor-version":[{"id":93,"href":"https:\/\/iscr-csm.insa-rennes.fr\/caroledaiguebonne\/wp-json\/wp\/v2\/pages\/5\/revisions\/93"}],"wp:attachment":[{"href":"https:\/\/iscr-csm.insa-rennes.fr\/caroledaiguebonne\/wp-json\/wp\/v2\/media?parent=5"}],"curies":[{"name":"wp","href":"https:\/\/api.w.org\/{rel}","templated":true}]}}