{"id":14,"date":"2012-10-05T12:46:39","date_gmt":"2012-10-05T11:46:39","guid":{"rendered":"http:\/\/scr-mi.insa-rennes.fr\/caroledaiguebonne\/?page_id=14"},"modified":"2024-10-10T07:06:03","modified_gmt":"2024-10-10T06:06:03","slug":"responsabilites","status":"publish","type":"page","link":"https:\/\/iscr-csm.insa-rennes.fr\/caroledaiguebonne\/responsabilites\/","title":{"rendered":"Responsabilit\u00e9s"},"content":{"rendered":"<ul>\n<li>Co-responsable du th\u00e8me \u00ab\u00a0Polym\u00e8res de coordination \u00e0 base de lanthanides\u00a0\u00bb au sein du laboratoire (2002-)<\/li>\n<li>Membre \u00e9lue du conseil d&rsquo;administration de l&rsquo;INSA Rennes (2013-2024)<\/li>\n<li>Membre du conseil scientifique de la soci\u00e9t\u00e9 I-KR s.a.s (2012-2018)<\/li>\n<li>Membre du comit\u00e9 strat\u00e9gique de la soci\u00e9t\u00e9 Olnica s.a.s et pr\u00e9sidente de son conseil scientifique (2010-2022)<\/li>\n<li>Titulaire d&rsquo;un concours scientifique pour la soci\u00e9t\u00e9 Olnica s.a.s. (2010-2020)<\/li>\n<li>Membre \u00e9lue du CNU 32 (2019-2023)<\/li>\n<\/ul>\n","protected":false},"excerpt":{"rendered":"<p>Co-responsable du th\u00e8me \u00ab\u00a0Polym\u00e8res de coordination \u00e0 base de lanthanides\u00a0\u00bb au sein du laboratoire (2002-) Membre \u00e9lue du conseil d&rsquo;administration de l&rsquo;INSA Rennes (2013-2024) Membre du conseil scientifique de la soci\u00e9t\u00e9 I-KR s.a.s (2012-2018) Membre &hellip; <a href=\"https:\/\/iscr-csm.insa-rennes.fr\/caroledaiguebonne\/responsabilites\/\" class=\"more-link\">Lire la suite <span class=\"screen-reader-text\">Responsabilit\u00e9s<\/span> <span class=\"meta-nav\">&rarr;<\/span><\/a><\/p>\n","protected":false},"author":2,"featured_media":0,"parent":0,"menu_order":0,"comment_status":"closed","ping_status":"closed","template":"","meta":{"footnotes":""},"class_list":["post-14","page","type-page","status-publish","hentry"],"jetpack_sharing_enabled":true,"_links":{"self":[{"href":"https:\/\/iscr-csm.insa-rennes.fr\/caroledaiguebonne\/wp-json\/wp\/v2\/pages\/14","targetHints":{"allow":["GET"]}}],"collection":[{"href":"https:\/\/iscr-csm.insa-rennes.fr\/caroledaiguebonne\/wp-json\/wp\/v2\/pages"}],"about":[{"href":"https:\/\/iscr-csm.insa-rennes.fr\/caroledaiguebonne\/wp-json\/wp\/v2\/types\/page"}],"author":[{"embeddable":true,"href":"https:\/\/iscr-csm.insa-rennes.fr\/caroledaiguebonne\/wp-json\/wp\/v2\/users\/2"}],"replies":[{"embeddable":true,"href":"https:\/\/iscr-csm.insa-rennes.fr\/caroledaiguebonne\/wp-json\/wp\/v2\/comments?post=14"}],"version-history":[{"count":8,"href":"https:\/\/iscr-csm.insa-rennes.fr\/caroledaiguebonne\/wp-json\/wp\/v2\/pages\/14\/revisions"}],"predecessor-version":[{"id":96,"href":"https:\/\/iscr-csm.insa-rennes.fr\/caroledaiguebonne\/wp-json\/wp\/v2\/pages\/14\/revisions\/96"}],"wp:attachment":[{"href":"https:\/\/iscr-csm.insa-rennes.fr\/caroledaiguebonne\/wp-json\/wp\/v2\/media?parent=14"}],"curies":[{"name":"wp","href":"https:\/\/api.w.org\/{rel}","templated":true}]}}