{"id":12,"date":"2012-10-05T12:46:27","date_gmt":"2012-10-05T11:46:27","guid":{"rendered":"http:\/\/scr-mi.insa-rennes.fr\/caroledaiguebonne\/?page_id=12"},"modified":"2024-10-10T07:09:34","modified_gmt":"2024-10-10T06:09:34","slug":"enseignement","status":"publish","type":"page","link":"https:\/\/iscr-csm.insa-rennes.fr\/caroledaiguebonne\/enseignement\/","title":{"rendered":"Enseignement"},"content":{"rendered":"<p>INSA, D\u00e9partement Sciences et Techniques Pour l&rsquo;Ing\u00e9nieur (STPI) : niveaux L1 &amp; L2 :<\/p>\n<p>\u00ab\u00a0Atomes et Liaisons\u00a0\u00bb ; Chimie des Solutions\u00a0\u00bb ; \u00ab\u00a0Cristallochimie\u00a0\u00bb ; \u00ab\u00a0Thermochimie\u00a0\u00bb ; \u00ab\u00a0Thermochimie Appliqu\u00e9e\u00a0\u00bb ; \u00ab\u00a0Spectroscopie et Cin\u00e9tique\u00a0\u00bb ; \u00ab\u00a0Relations Structures\/Propri\u00e9t\u00e9s\u00a0\u00bb.<\/p>\n<p><span style=\"text-decoration: underline\">Responsabilit\u00e9s :<\/span><\/p>\n<ul>\n<li>Directrice par interim du d\u00e9partement STPI (2024-)<\/li>\n<li>Responsable de la 2<sup>\u00e8me<\/sup> ann\u00e9e INSA Rennes (2014-2017 puis 2022-2024).<\/li>\n<li>Co-responsable de la chimie STPI (2011-2020).<\/li>\n<li>Responsable de la chimie STPI (2020-2024).<\/li>\n<li>R\u00e9f\u00e9rente du parcours Recherche, Innovation &amp; Entrepreneuriat (2019-).<\/li>\n<li>Membre \u00e9lue du conseil de d\u00e9partement STPI (2012-2017 ; 2021-).<\/li>\n<li>Membre invit\u00e9 permanent du conseil de d\u00e9partement des Humanit\u00e9s (2018-).<\/li>\n<\/ul>\n","protected":false},"excerpt":{"rendered":"<p>INSA, D\u00e9partement Sciences et Techniques Pour l&rsquo;Ing\u00e9nieur (STPI) : niveaux L1 &amp; L2 : \u00ab\u00a0Atomes et Liaisons\u00a0\u00bb ; Chimie des Solutions\u00a0\u00bb ; \u00ab\u00a0Cristallochimie\u00a0\u00bb ; \u00ab\u00a0Thermochimie\u00a0\u00bb ; \u00ab\u00a0Thermochimie Appliqu\u00e9e\u00a0\u00bb ; \u00ab\u00a0Spectroscopie et Cin\u00e9tique\u00a0\u00bb ; \u00ab\u00a0Relations Structures\/Propri\u00e9t\u00e9s\u00a0\u00bb. &hellip; <a href=\"https:\/\/iscr-csm.insa-rennes.fr\/caroledaiguebonne\/enseignement\/\" class=\"more-link\">Lire la suite <span class=\"screen-reader-text\">Enseignement<\/span> <span class=\"meta-nav\">&rarr;<\/span><\/a><\/p>\n","protected":false},"author":2,"featured_media":0,"parent":0,"menu_order":0,"comment_status":"closed","ping_status":"closed","template":"","meta":{"footnotes":""},"class_list":["post-12","page","type-page","status-publish","hentry"],"jetpack_sharing_enabled":true,"_links":{"self":[{"href":"https:\/\/iscr-csm.insa-rennes.fr\/caroledaiguebonne\/wp-json\/wp\/v2\/pages\/12","targetHints":{"allow":["GET"]}}],"collection":[{"href":"https:\/\/iscr-csm.insa-rennes.fr\/caroledaiguebonne\/wp-json\/wp\/v2\/pages"}],"about":[{"href":"https:\/\/iscr-csm.insa-rennes.fr\/caroledaiguebonne\/wp-json\/wp\/v2\/types\/page"}],"author":[{"embeddable":true,"href":"https:\/\/iscr-csm.insa-rennes.fr\/caroledaiguebonne\/wp-json\/wp\/v2\/users\/2"}],"replies":[{"embeddable":true,"href":"https:\/\/iscr-csm.insa-rennes.fr\/caroledaiguebonne\/wp-json\/wp\/v2\/comments?post=12"}],"version-history":[{"count":10,"href":"https:\/\/iscr-csm.insa-rennes.fr\/caroledaiguebonne\/wp-json\/wp\/v2\/pages\/12\/revisions"}],"predecessor-version":[{"id":98,"href":"https:\/\/iscr-csm.insa-rennes.fr\/caroledaiguebonne\/wp-json\/wp\/v2\/pages\/12\/revisions\/98"}],"wp:attachment":[{"href":"https:\/\/iscr-csm.insa-rennes.fr\/caroledaiguebonne\/wp-json\/wp\/v2\/media?parent=12"}],"curies":[{"name":"wp","href":"https:\/\/api.w.org\/{rel}","templated":true}]}}