{"id":10,"date":"2012-10-05T12:46:14","date_gmt":"2012-10-05T11:46:14","guid":{"rendered":"http:\/\/scr-mi.insa-rennes.fr\/caroledaiguebonne\/?page_id=10"},"modified":"2024-10-10T07:05:08","modified_gmt":"2024-10-10T06:05:08","slug":"recherche","status":"publish","type":"page","link":"https:\/\/iscr-csm.insa-rennes.fr\/caroledaiguebonne\/recherche\/","title":{"rendered":"Recherche"},"content":{"rendered":"<ul>\n<li>Publications : 133 &#8211; citations &gt;4600 \u2013 h=42.<\/li>\n<li>Th\u00e8ses dirig\u00e9es ou co-encadr\u00e9es : 26<\/li>\n<\/ul>\n<h6><strong>Th\u00e9matiques de recherche<\/strong><\/h6>\n<p>Chimie de coordination des terres rares ; cristallogen\u00e8se ; analyses physico-chimiques.<\/p>\n<p><a href=\"https:\/\/iscr-csm.insa-rennes.fr\/caroledaiguebonne\/wp-content\/uploads\/sites\/6\/2017\/11\/tubes.jpg\"><img loading=\"lazy\" decoding=\"async\" class=\"alignnone wp-image-60\" src=\"https:\/\/iscr-csm.insa-rennes.fr\/caroledaiguebonne\/wp-content\/uploads\/sites\/6\/2017\/11\/tubes.jpg\" alt=\"\" width=\"177\" height=\"136\" \/><\/a><a href=\"https:\/\/iscr-csm.insa-rennes.fr\/caroledaiguebonne\/wp-content\/uploads\/sites\/6\/2017\/11\/maille.png\"><img loading=\"lazy\" decoding=\"async\" class=\"alignnone wp-image-58\" src=\"https:\/\/iscr-csm.insa-rennes.fr\/caroledaiguebonne\/wp-content\/uploads\/sites\/6\/2017\/11\/maille-300x207.png\" alt=\"\" width=\"193\" height=\"137\" \/><\/a><a href=\"https:\/\/iscr-csm.insa-rennes.fr\/caroledaiguebonne\/wp-content\/uploads\/sites\/6\/2017\/11\/marqueurs.png\"><img loading=\"lazy\" decoding=\"async\" class=\"alignnone wp-image-59\" src=\"https:\/\/iscr-csm.insa-rennes.fr\/caroledaiguebonne\/wp-content\/uploads\/sites\/6\/2017\/11\/marqueurs.png\" alt=\"\" width=\"102\" height=\"130\" \/><\/a><\/p>\n<p><strong>Extraction de HAL<\/strong><br \/>\n\n<!-- iframe plugin v.6.0 wordpress.org\/plugins\/iframe\/ -->\n<iframe loading=\"lazy\" src=\"https:\/\/haltools.inria.fr\/Public\/afficheRequetePubli.php?auteur_exp=Carole,Daiguebonne&#038;CB_auteur=oui&#038;CB_titre=oui&#038;CB_article=oui&#038;CB_DOI=oui&#038;CB_vignette=oui&#038;langue=Francais&#038;tri_exp=annee_publi&#038;tri_exp2=date_publi&#038;ordre_aff=TA&#038;Fen=Aff&#038;css=..\/css\/styles_publicationsHAL_frame.css\" height=\"500\" scrolling=\"yes\" width=\"100%\" class=\"iframe-class\" frameborder=\"0\"><\/iframe>\n<\/p>\n","protected":false},"excerpt":{"rendered":"<p>Publications : 133 &#8211; citations &gt;4600 \u2013 h=42. Th\u00e8ses dirig\u00e9es ou co-encadr\u00e9es : 26 Th\u00e9matiques de recherche Chimie de coordination des terres rares ; cristallogen\u00e8se ; analyses physico-chimiques. Extraction de HAL<\/p>\n","protected":false},"author":2,"featured_media":0,"parent":0,"menu_order":0,"comment_status":"closed","ping_status":"closed","template":"","meta":{"footnotes":""},"class_list":["post-10","page","type-page","status-publish","hentry"],"jetpack_sharing_enabled":true,"_links":{"self":[{"href":"https:\/\/iscr-csm.insa-rennes.fr\/caroledaiguebonne\/wp-json\/wp\/v2\/pages\/10","targetHints":{"allow":["GET"]}}],"collection":[{"href":"https:\/\/iscr-csm.insa-rennes.fr\/caroledaiguebonne\/wp-json\/wp\/v2\/pages"}],"about":[{"href":"https:\/\/iscr-csm.insa-rennes.fr\/caroledaiguebonne\/wp-json\/wp\/v2\/types\/page"}],"author":[{"embeddable":true,"href":"https:\/\/iscr-csm.insa-rennes.fr\/caroledaiguebonne\/wp-json\/wp\/v2\/users\/2"}],"replies":[{"embeddable":true,"href":"https:\/\/iscr-csm.insa-rennes.fr\/caroledaiguebonne\/wp-json\/wp\/v2\/comments?post=10"}],"version-history":[{"count":12,"href":"https:\/\/iscr-csm.insa-rennes.fr\/caroledaiguebonne\/wp-json\/wp\/v2\/pages\/10\/revisions"}],"predecessor-version":[{"id":95,"href":"https:\/\/iscr-csm.insa-rennes.fr\/caroledaiguebonne\/wp-json\/wp\/v2\/pages\/10\/revisions\/95"}],"wp:attachment":[{"href":"https:\/\/iscr-csm.insa-rennes.fr\/caroledaiguebonne\/wp-json\/wp\/v2\/media?parent=10"}],"curies":[{"name":"wp","href":"https:\/\/api.w.org\/{rel}","templated":true}]}}